{"id":3265,"date":"2025-02-18T10:49:38","date_gmt":"2025-02-18T09:49:38","guid":{"rendered":"https:\/\/wiejskieprzysmaki.estima.site\/produkt\/herbatka-lisc-szalwii-bio-25-g-dary-natury\/"},"modified":"2025-02-18T10:49:47","modified_gmt":"2025-02-18T09:49:47","slug":"herbatka-lisc-szalwii-bio-25-g-dary-natury","status":"publish","type":"product","link":"https:\/\/wiejskieprzysmaki.estima.site\/en\/product\/herbatka-lisc-szalwii-bio-25-g-dary-natury\/","title":{"rendered":"HERBATKA LI\u015a\u0106 SZA\u0141WII BIO 25 g &#8211; DARY NATURY"},"content":{"rendered":"<p>SK\u0141ADNIKI  <br \/>li\u015b\u0107 sza\u0142wii* 100 % (*certyfikowany sk\u0142adnik ekologiczny).<\/p>\n<p>SPOS\u00d3B PRZYGOTOWANIA<br \/>Do p\u0142ukania: 4 g surowca (pe\u0142n\u0105 \u0142y\u017ck\u0119) zala\u0107 szklank\u0105 (200 ml) wrz\u0105cej wody, parzy\u0107 pod przykryciem 1-15 minut, przecedzi\u0107. Ciep\u0142ego naparu u\u017cywa\u0107 do p\u0142ukania jamy ustnej i gard\u0142a.  <br \/>Do u\u017cytku wewn\u0119trznego przygotowa\u0107 napar z 2 g (\u0142y\u017ceczki) na szklank\u0119 (200 ml) wrz\u0105cej wody.<br \/>Pi\u0107 2-3 razy dziennie<\/p>\n<p>ZALECANE WARUNKI PRZECHOWYWANIA  <br \/>Przechowywa\u0107 w suchym miejscu.  <\/p>","protected":false},"excerpt":{"rendered":"<p>SK\u0141ADNIKI li\u015b\u0107 sza\u0142wii* 100 % (*certyfikowany sk\u0142adnik ekologiczny). SPOS\u00d3B PRZYGOTOWANIADo p\u0142ukania: 4 g surowca (pe\u0142n\u0105 \u0142y\u017ck\u0119) zala\u0107 szklank\u0105 (200 ml) wrz\u0105cej wody, parzy\u0107 pod przykryciem 1-15 minut, przecedzi\u0107. Ciep\u0142ego naparu u\u017cywa\u0107 do p\u0142ukania jamy ustnej i gard\u0142a. Do u\u017cytku wewn\u0119trznego przygotowa\u0107 napar z 2 g (\u0142y\u017ceczki) na szklank\u0119 (200 ml) wrz\u0105cej wody.Pi\u0107 2-3 razy dziennie [&hellip;]<\/p>","protected":false},"featured_media":3266,"comment_status":"closed","ping_status":"open","template":"","meta":{"_acf_changed":false},"product_brand":[],"product_cat":[282,283],"product_tag":[],"class_list":{"0":"post-3265","1":"product","2":"type-product","3":"status-publish","4":"has-post-thumbnail","6":"product_cat-herbaty-i-ziola","7":"product_cat-ziolowe-owocowe-jednorodne","8":"pa_ean-matka-2873","9":"pa_gwarancja-przydatnosci-522","10":"pa_ilosc-w-opakowaniu-1287","11":"pa_jednostka-podstawowa-szt","12":"pa_kod-cn-1211-90-86","13":"pa_masa-netto-1124","14":"pa_objetosc-brutto-2839","15":"pa_producent-dary-natury-herbatki","16":"pa_producent-nazwa-adres-miroslaw-angielczyk-dary-natury-koryciny-73-17-315-grodzisk","17":"pa_tagi-bez-cukru-w-skladnikach","18":"pa_tagi-bez-glutenu-w-skladnikach","19":"pa_tagi-certyfikat-bio","20":"pa_tagi-weganski","21":"pa_tagi-wegetarianski","23":"first","24":"instock","25":"taxable","26":"shipping-taxable","27":"purchasable","28":"product-type-simple"},"acf":[],"_links":{"self":[{"href":"https:\/\/wiejskieprzysmaki.estima.site\/en\/wp-json\/wp\/v2\/product\/3265","targetHints":{"allow":["GET"]}}],"collection":[{"href":"https:\/\/wiejskieprzysmaki.estima.site\/en\/wp-json\/wp\/v2\/product"}],"about":[{"href":"https:\/\/wiejskieprzysmaki.estima.site\/en\/wp-json\/wp\/v2\/types\/product"}],"replies":[{"embeddable":true,"href":"https:\/\/wiejskieprzysmaki.estima.site\/en\/wp-json\/wp\/v2\/comments?post=3265"}],"wp:featuredmedia":[{"embeddable":true,"href":"https:\/\/wiejskieprzysmaki.estima.site\/en\/wp-json\/wp\/v2\/media\/3266"}],"wp:attachment":[{"href":"https:\/\/wiejskieprzysmaki.estima.site\/en\/wp-json\/wp\/v2\/media?parent=3265"}],"wp:term":[{"taxonomy":"product_brand","embeddable":true,"href":"https:\/\/wiejskieprzysmaki.estima.site\/en\/wp-json\/wp\/v2\/product_brand?post=3265"},{"taxonomy":"product_cat","embeddable":true,"href":"https:\/\/wiejskieprzysmaki.estima.site\/en\/wp-json\/wp\/v2\/product_cat?post=3265"},{"taxonomy":"product_tag","embeddable":true,"href":"https:\/\/wiejskieprzysmaki.estima.site\/en\/wp-json\/wp\/v2\/product_tag?post=3265"}],"curies":[{"name":"wp","href":"https:\/\/api.w.org\/{rel}","templated":true}]}}