{"id":3277,"date":"2025-02-18T10:49:38","date_gmt":"2025-02-18T09:49:38","guid":{"rendered":"https:\/\/wiejskieprzysmaki.estima.site\/produkt\/herbatka-bomba-witaminowa-bio-25-x-3-g-75-g-dary-natury\/"},"modified":"2025-02-18T10:49:51","modified_gmt":"2025-02-18T09:49:51","slug":"herbatka-bomba-witaminowa-bio-25-x-3-g-75-g-dary-natury","status":"publish","type":"product","link":"https:\/\/wiejskieprzysmaki.estima.site\/en\/product\/herbatka-bomba-witaminowa-bio-25-x-3-g-75-g-dary-natury\/","title":{"rendered":"HERBATKA BOMBA WITAMINOWA BIO (25 x 3 g) 75 g &#8211; DARY NATURY"},"content":{"rendered":"<p>SK\u0141ADNIKI<br \/>owoce: r\u00f3\u017cy*, jab\u0142ka*, tarniny*, berberysu*, bzu czarnego*, jarz\u0119biny*, czarnej porzeczki*, g\u0142ogu*, hibiskusa*, maliny*, bor\u00f3wki wysokiej, p\u0142atki r\u00f3\u017cy* (w r\u00f3\u017cnych proporcjach) (*certyfikowany sk\u0142adnik ekologiczny)<\/p>\n<p>OPIS<br \/>Przepyszna, aromatyczna mieszanka o g\u0142\u0119bokim, \u015bwie\u017cym smaku owoc\u00f3w, z delikatn\u0105 kwiatow\u0105 nut\u0105. Polecana jako codzienny nap\u00f3j dla doros\u0142ych i dzieci, szczeg\u00f3lnie z dodatkiem plastra cytryny oraz odrobiny miodu wielokwiatowego.<br \/>Zr\u00f3wnowa\u017cony spos\u00f3b \u017cywienia i zdrowy tryb \u017cycia s\u0105 podstaw\u0105 zapewnienia prawid\u0142owego funkcjonowania organizmu.<\/p>\n<p>SPOS\u00d3B U\u017bYCIA<br \/>Jedn\u0105 saszetk\u0119 herbatki zala\u0107 szklank\u0105 wrz\u0105tku i pozostawi\u0107 pod przykryciem do zaparzenia na oko\u0142o 10 &#8211; 15 minut. Deklarowany korzystny efekt dzia\u0142ania po spo\u017cyciu 2 napar\u00f3w dziennie.<\/p>\n<p>ZALECANE WARUNKI PRZECHOWYWANIA<br \/>Przechowywa\u0107 w suchym miejscu.<\/p>","protected":false},"excerpt":{"rendered":"<p>SK\u0141ADNIKIowoce: r\u00f3\u017cy*, jab\u0142ka*, tarniny*, berberysu*, bzu czarnego*, jarz\u0119biny*, czarnej porzeczki*, g\u0142ogu*, hibiskusa*, maliny*, bor\u00f3wki wysokiej, p\u0142atki r\u00f3\u017cy* (w r\u00f3\u017cnych proporcjach) (*certyfikowany sk\u0142adnik ekologiczny) OPISPrzepyszna, aromatyczna mieszanka o g\u0142\u0119bokim, \u015bwie\u017cym smaku owoc\u00f3w, z delikatn\u0105 kwiatow\u0105 nut\u0105. Polecana jako codzienny nap\u00f3j dla doros\u0142ych i dzieci, szczeg\u00f3lnie z dodatkiem plastra cytryny oraz odrobiny miodu wielokwiatowego.Zr\u00f3wnowa\u017cony spos\u00f3b \u017cywienia i [&hellip;]<\/p>","protected":false},"featured_media":3278,"comment_status":"closed","ping_status":"open","template":"","meta":{"_acf_changed":false},"product_brand":[],"product_cat":[282,478],"product_tag":[],"class_list":{"0":"post-3277","1":"product","2":"type-product","3":"status-publish","4":"has-post-thumbnail","6":"product_cat-herbaty-i-ziola","7":"product_cat-ziolowe-owocowe-mieszanki","8":"pa_ean-matka-2879","9":"pa_gwarancja-przydatnosci-320","10":"pa_ilosc-w-opakowaniu-350","11":"pa_jednostka-podstawowa-szt","12":"pa_kod-cn-2106-90-92","13":"pa_masa-netto-1377","14":"pa_objetosc-brutto-2312","15":"pa_producent-dary-natury-herbatki","16":"pa_producent-nazwa-adres-miroslaw-angielczyk-dary-natury-koryciny-73-17-315-grodzisk","17":"pa_tagi-bez-cukru-w-skladnikach","18":"pa_tagi-bez-glutenu-w-skladnikach","19":"pa_tagi-certyfikat-bio","20":"pa_tagi-weganski","21":"pa_tagi-wegetarianski","23":"first","24":"instock","25":"taxable","26":"shipping-taxable","27":"purchasable","28":"product-type-simple"},"acf":[],"_links":{"self":[{"href":"https:\/\/wiejskieprzysmaki.estima.site\/en\/wp-json\/wp\/v2\/product\/3277","targetHints":{"allow":["GET"]}}],"collection":[{"href":"https:\/\/wiejskieprzysmaki.estima.site\/en\/wp-json\/wp\/v2\/product"}],"about":[{"href":"https:\/\/wiejskieprzysmaki.estima.site\/en\/wp-json\/wp\/v2\/types\/product"}],"replies":[{"embeddable":true,"href":"https:\/\/wiejskieprzysmaki.estima.site\/en\/wp-json\/wp\/v2\/comments?post=3277"}],"wp:featuredmedia":[{"embeddable":true,"href":"https:\/\/wiejskieprzysmaki.estima.site\/en\/wp-json\/wp\/v2\/media\/3278"}],"wp:attachment":[{"href":"https:\/\/wiejskieprzysmaki.estima.site\/en\/wp-json\/wp\/v2\/media?parent=3277"}],"wp:term":[{"taxonomy":"product_brand","embeddable":true,"href":"https:\/\/wiejskieprzysmaki.estima.site\/en\/wp-json\/wp\/v2\/product_brand?post=3277"},{"taxonomy":"product_cat","embeddable":true,"href":"https:\/\/wiejskieprzysmaki.estima.site\/en\/wp-json\/wp\/v2\/product_cat?post=3277"},{"taxonomy":"product_tag","embeddable":true,"href":"https:\/\/wiejskieprzysmaki.estima.site\/en\/wp-json\/wp\/v2\/product_tag?post=3277"}],"curies":[{"name":"wp","href":"https:\/\/api.w.org\/{rel}","templated":true}]}}