{"id":3305,"date":"2025-02-18T10:49:53","date_gmt":"2025-02-18T09:49:53","guid":{"rendered":"https:\/\/wiejskieprzysmaki.estima.site\/produkt\/herbatka-wspomagajaca-krazenie-bio-50-g-dary-natury\/"},"modified":"2025-02-18T10:50:05","modified_gmt":"2025-02-18T09:50:05","slug":"herbatka-wspomagajaca-krazenie-bio-50-g-dary-natury","status":"publish","type":"product","link":"https:\/\/wiejskieprzysmaki.estima.site\/en\/product\/herbatka-wspomagajaca-krazenie-bio-50-g-dary-natury\/","title":{"rendered":"HERBATKA WSPOMAGAJ\u0104CA KR\u0104\u017bENIE BIO 50 g &#8211; DARY NATURY"},"content":{"rendered":"<p>SK\u0141ADNIKI <br \/>owoc g\u0142ogu*(20 %), OWIES ziele*, marchew nasiona*, pokrzywa li\u015b\u0107*, bukwica ziele*, serdecznik ziele*, ostro\u017ce\u0144 ziele*, gryka ziele*, nostrzyk ziele*, mi\u0119ta li\u015b\u0107*, w r\u00f3\u017cnych proporcjach (*certyfikowany sk\u0142adnik ekologiczny)<\/p>\n<p>OPIS <br \/>Ekologiczna herbatka zio\u0142owa. Mo\u017cn\u0105 ni\u0105 zast\u0105pi\u0107 inne codzienne napoje.<\/p>\n<p>SPOS\u00d3B PRZYGOTOWANIA <br \/>Jedn\u0105 \u0142y\u017ceczk\u0119 zala\u0107 szklank\u0105 wrz\u0105tku i pozostawi\u0107 pod przykryciem do zaparzenia na oko\u0142o 10-15 minut. Pi\u0107 1-2 razy dziennie.<\/p>\n<p>ZALECANE WARUNKI PRZECHOWYWANIA <br \/>Przechowywa\u0107 w suchym miejscu.<\/p>","protected":false},"excerpt":{"rendered":"<p>SK\u0141ADNIKI owoc g\u0142ogu*(20 %), OWIES ziele*, marchew nasiona*, pokrzywa li\u015b\u0107*, bukwica ziele*, serdecznik ziele*, ostro\u017ce\u0144 ziele*, gryka ziele*, nostrzyk ziele*, mi\u0119ta li\u015b\u0107*, w r\u00f3\u017cnych proporcjach (*certyfikowany sk\u0142adnik ekologiczny) OPIS Ekologiczna herbatka zio\u0142owa. Mo\u017cn\u0105 ni\u0105 zast\u0105pi\u0107 inne codzienne napoje. SPOS\u00d3B PRZYGOTOWANIA Jedn\u0105 \u0142y\u017ceczk\u0119 zala\u0107 szklank\u0105 wrz\u0105tku i pozostawi\u0107 pod przykryciem do zaparzenia na oko\u0142o 10-15 minut. [&hellip;]<\/p>","protected":false},"featured_media":3306,"comment_status":"closed","ping_status":"open","template":"","meta":{"_acf_changed":false},"product_brand":[],"product_cat":[282,478],"product_tag":[],"class_list":{"0":"post-3305","1":"product","2":"type-product","3":"status-publish","4":"has-post-thumbnail","6":"product_cat-herbaty-i-ziola","7":"product_cat-ziolowe-owocowe-mieszanki","8":"pa_ean-matka-2896","9":"pa_gwarancja-przydatnosci-320","10":"pa_ilosc-w-opakowaniu-327","11":"pa_jednostka-podstawowa-szt","12":"pa_kod-cn-2106-90-98","13":"pa_masa-netto-461","14":"pa_objetosc-brutto-2894","15":"pa_producent-dary-natury-herbatki","16":"pa_producent-nazwa-adres-miroslaw-angielczyk-dary-natury-koryciny-73-17-315-grodzisk","17":"pa_tagi-bez-cukru-w-skladnikach","18":"pa_tagi-bez-glutenu-w-skladnikach","19":"pa_tagi-certyfikat-bio","20":"pa_tagi-weganski","21":"pa_tagi-wegetarianski","23":"first","24":"instock","25":"taxable","26":"shipping-taxable","27":"purchasable","28":"product-type-simple"},"acf":[],"_links":{"self":[{"href":"https:\/\/wiejskieprzysmaki.estima.site\/en\/wp-json\/wp\/v2\/product\/3305","targetHints":{"allow":["GET"]}}],"collection":[{"href":"https:\/\/wiejskieprzysmaki.estima.site\/en\/wp-json\/wp\/v2\/product"}],"about":[{"href":"https:\/\/wiejskieprzysmaki.estima.site\/en\/wp-json\/wp\/v2\/types\/product"}],"replies":[{"embeddable":true,"href":"https:\/\/wiejskieprzysmaki.estima.site\/en\/wp-json\/wp\/v2\/comments?post=3305"}],"wp:featuredmedia":[{"embeddable":true,"href":"https:\/\/wiejskieprzysmaki.estima.site\/en\/wp-json\/wp\/v2\/media\/3306"}],"wp:attachment":[{"href":"https:\/\/wiejskieprzysmaki.estima.site\/en\/wp-json\/wp\/v2\/media?parent=3305"}],"wp:term":[{"taxonomy":"product_brand","embeddable":true,"href":"https:\/\/wiejskieprzysmaki.estima.site\/en\/wp-json\/wp\/v2\/product_brand?post=3305"},{"taxonomy":"product_cat","embeddable":true,"href":"https:\/\/wiejskieprzysmaki.estima.site\/en\/wp-json\/wp\/v2\/product_cat?post=3305"},{"taxonomy":"product_tag","embeddable":true,"href":"https:\/\/wiejskieprzysmaki.estima.site\/en\/wp-json\/wp\/v2\/product_tag?post=3305"}],"curies":[{"name":"wp","href":"https:\/\/api.w.org\/{rel}","templated":true}]}}