{"id":3311,"date":"2025-02-18T10:49:53","date_gmt":"2025-02-18T09:49:53","guid":{"rendered":"https:\/\/wiejskieprzysmaki.estima.site\/produkt\/herbatka-polecana-przy-zaparciach-bio-50-g-dary-natury\/"},"modified":"2025-02-18T10:50:07","modified_gmt":"2025-02-18T09:50:07","slug":"herbatka-polecana-przy-zaparciach-bio-50-g-dary-natury","status":"publish","type":"product","link":"https:\/\/wiejskieprzysmaki.estima.site\/en\/product\/herbatka-polecana-przy-zaparciach-bio-50-g-dary-natury\/","title":{"rendered":"HERBATKA POLECANA PRZY ZAPARCIACH BIO 50 g &#8211; DARY NATURY"},"content":{"rendered":"<p>SK\u0141ADNIKI<br \/>owoc jarz\u0119biny*, bzu czarnego*, li\u015b\u0107 babki*, je\u017cyny*, dzikiej mi\u0119ty*, pokrzywy*, ziele lnicy*, cykorii* w r\u00f3\u017cnych proporcjach. (*certyfikowany sk\u0142adnik ekologiczny)<\/p>\n<p>OPIS<br \/>Aromatyczna, wy\u015bmienita w smaku kompozycja starannie wyselekcjonowanych, ekologicznych zi\u00f3\u0142 i owoc\u00f3w. Czarny bez wspomaga utrzymanie optymalnej masy cia\u0142a, li\u015b\u0107 babki wspiera r\u00f3wnowag\u0119 mikrobiologiczn\u0105 jelit, a mi\u0119ta przeciwdzia\u0142a wzd\u0119ciom i usprawnia funkcjonowanie uk\u0142adu pokarmowego.<br \/>Zr\u00f3wnowa\u017cony spos\u00f3b od\u017cywiania i zdrowy tryb \u017cycia s\u0105 podstaw\u0105 dla zachowania prawid\u0142owego funkcjonowania organizmu.<\/p>\n<p>SPOS\u00d3B PRZYGOTOWANIA<br \/>Jedn\u0105 \u0142y\u017ceczk\u0119 herbatki zala\u0107 szklank\u0105 wrz\u0105tku i pozostawi\u0107 pod przykryciem do zaparzenia na oko\u0142o 10-15 minut. Pi\u0107 1-2 razy dziennie.<\/p>\n<p>ZALECANE WARUNKI PRZECHOWYWANIA<br \/>Przechowywa\u0107 w suchym miejscu.<\/p>","protected":false},"excerpt":{"rendered":"<p>SK\u0141ADNIKIowoc jarz\u0119biny*, bzu czarnego*, li\u015b\u0107 babki*, je\u017cyny*, dzikiej mi\u0119ty*, pokrzywy*, ziele lnicy*, cykorii* w r\u00f3\u017cnych proporcjach. (*certyfikowany sk\u0142adnik ekologiczny) OPISAromatyczna, wy\u015bmienita w smaku kompozycja starannie wyselekcjonowanych, ekologicznych zi\u00f3\u0142 i owoc\u00f3w. Czarny bez wspomaga utrzymanie optymalnej masy cia\u0142a, li\u015b\u0107 babki wspiera r\u00f3wnowag\u0119 mikrobiologiczn\u0105 jelit, a mi\u0119ta przeciwdzia\u0142a wzd\u0119ciom i usprawnia funkcjonowanie uk\u0142adu pokarmowego.Zr\u00f3wnowa\u017cony spos\u00f3b od\u017cywiania i [&hellip;]<\/p>","protected":false},"featured_media":3312,"comment_status":"closed","ping_status":"open","template":"","meta":{"_acf_changed":false},"product_brand":[],"product_cat":[282,478],"product_tag":[],"class_list":{"0":"post-3311","1":"product","2":"type-product","3":"status-publish","4":"has-post-thumbnail","6":"product_cat-herbaty-i-ziola","7":"product_cat-ziolowe-owocowe-mieszanki","8":"pa_ean-matka-2899","9":"pa_gwarancja-przydatnosci-320","10":"pa_ilosc-w-opakowaniu-327","11":"pa_jednostka-podstawowa-szt","12":"pa_kod-cn-2106-90-98","13":"pa_masa-netto-461","14":"pa_objetosc-brutto-2894","15":"pa_producent-dary-natury-herbatki","16":"pa_producent-nazwa-adres-miroslaw-angielczyk-dary-natury-koryciny-73-17-315-grodzisk","17":"pa_tagi-bez-cukru-w-skladnikach","18":"pa_tagi-bez-glutenu-w-skladnikach","19":"pa_tagi-certyfikat-bio","20":"pa_tagi-weganski","21":"pa_tagi-wegetarianski","23":"first","24":"instock","25":"taxable","26":"shipping-taxable","27":"purchasable","28":"product-type-simple"},"acf":[],"_links":{"self":[{"href":"https:\/\/wiejskieprzysmaki.estima.site\/en\/wp-json\/wp\/v2\/product\/3311","targetHints":{"allow":["GET"]}}],"collection":[{"href":"https:\/\/wiejskieprzysmaki.estima.site\/en\/wp-json\/wp\/v2\/product"}],"about":[{"href":"https:\/\/wiejskieprzysmaki.estima.site\/en\/wp-json\/wp\/v2\/types\/product"}],"replies":[{"embeddable":true,"href":"https:\/\/wiejskieprzysmaki.estima.site\/en\/wp-json\/wp\/v2\/comments?post=3311"}],"wp:featuredmedia":[{"embeddable":true,"href":"https:\/\/wiejskieprzysmaki.estima.site\/en\/wp-json\/wp\/v2\/media\/3312"}],"wp:attachment":[{"href":"https:\/\/wiejskieprzysmaki.estima.site\/en\/wp-json\/wp\/v2\/media?parent=3311"}],"wp:term":[{"taxonomy":"product_brand","embeddable":true,"href":"https:\/\/wiejskieprzysmaki.estima.site\/en\/wp-json\/wp\/v2\/product_brand?post=3311"},{"taxonomy":"product_cat","embeddable":true,"href":"https:\/\/wiejskieprzysmaki.estima.site\/en\/wp-json\/wp\/v2\/product_cat?post=3311"},{"taxonomy":"product_tag","embeddable":true,"href":"https:\/\/wiejskieprzysmaki.estima.site\/en\/wp-json\/wp\/v2\/product_tag?post=3311"}],"curies":[{"name":"wp","href":"https:\/\/api.w.org\/{rel}","templated":true}]}}