{"id":3325,"date":"2025-02-18T10:50:10","date_gmt":"2025-02-18T09:50:10","guid":{"rendered":"https:\/\/wiejskieprzysmaki.estima.site\/produkt\/cynamon-mielony-60-g-dary-natury\/"},"modified":"2025-02-18T10:50:12","modified_gmt":"2025-02-18T09:50:12","slug":"cynamon-mielony-60-g-dary-natury","status":"publish","type":"product","link":"https:\/\/wiejskieprzysmaki.estima.site\/en\/product\/cynamon-mielony-60-g-dary-natury\/","title":{"rendered":"CYNAMON MIELONY 60 g &#8211; DARY NATURY"},"content":{"rendered":"<p>SK\u0141ADNIKI <br \/>cynamon mielony 100 %. <\/p>\n<p>OPIS <br \/>Cynamonem mo\u017cna przyprawia\u0107 wszystkie potrawy s\u0142odzone, np. budynie, napoje mleczne, ciastka, czekolad\u0119. Niewielk\u0105 ilo\u015b\u0107 cynamonu dodaje si\u0119 do gulaszu, baraniny, wo\u0142owiny, gotowanej ryby, szynki. Przyprawiamy nim tak\u017ce poncze i r\u00f3\u017cne napoje. Idealny do grzanego piwa, wina i nalewek alkoholowych. <\/p>\n<p>ZALECANE WARUNKI PRZECHOWYWANIA<br \/>Przechowywa\u0107 w suchym miejscu. <\/p>","protected":false},"excerpt":{"rendered":"<p>SK\u0141ADNIKI cynamon mielony 100 %. OPIS Cynamonem mo\u017cna przyprawia\u0107 wszystkie potrawy s\u0142odzone, np. budynie, napoje mleczne, ciastka, czekolad\u0119. Niewielk\u0105 ilo\u015b\u0107 cynamonu dodaje si\u0119 do gulaszu, baraniny, wo\u0142owiny, gotowanej ryby, szynki. Przyprawiamy nim tak\u017ce poncze i r\u00f3\u017cne napoje. Idealny do grzanego piwa, wina i nalewek alkoholowych. ZALECANE WARUNKI PRZECHOWYWANIAPrzechowywa\u0107 w suchym miejscu.<\/p>","protected":false},"featured_media":3326,"comment_status":"closed","ping_status":"open","template":"","meta":{"_acf_changed":false},"product_brand":[],"product_cat":[238,229],"product_tag":[],"class_list":{"0":"post-3325","1":"product","2":"type-product","3":"status-publish","4":"has-post-thumbnail","6":"product_cat-jednorodne","7":"product_cat-przyprawy-i-ziola","8":"pa_ean-matka-2906","9":"pa_gwarancja-przydatnosci-320","10":"pa_ilosc-w-opakowaniu-350","11":"pa_jednostka-podstawowa-szt","12":"pa_kod-cn-0906-20-00","13":"pa_kraj-pochodzenia-skladnikow-indonezja","14":"pa_masa-netto-284","15":"pa_objetosc-brutto-236","16":"pa_producent-dary-natury-przyprawy-i-ziola","17":"pa_producent-nazwa-adres-miroslaw-angielczyk-dary-natury-koryciny-73-17-315-grodzisk","18":"pa_tagi-bez-cukru-w-skladnikach","19":"pa_tagi-bez-glutenu-w-skladnikach","20":"pa_tagi-weganski","21":"pa_tagi-wegetarianski","23":"first","24":"instock","25":"taxable","26":"shipping-taxable","27":"purchasable","28":"product-type-simple"},"acf":[],"_links":{"self":[{"href":"https:\/\/wiejskieprzysmaki.estima.site\/en\/wp-json\/wp\/v2\/product\/3325","targetHints":{"allow":["GET"]}}],"collection":[{"href":"https:\/\/wiejskieprzysmaki.estima.site\/en\/wp-json\/wp\/v2\/product"}],"about":[{"href":"https:\/\/wiejskieprzysmaki.estima.site\/en\/wp-json\/wp\/v2\/types\/product"}],"replies":[{"embeddable":true,"href":"https:\/\/wiejskieprzysmaki.estima.site\/en\/wp-json\/wp\/v2\/comments?post=3325"}],"wp:featuredmedia":[{"embeddable":true,"href":"https:\/\/wiejskieprzysmaki.estima.site\/en\/wp-json\/wp\/v2\/media\/3326"}],"wp:attachment":[{"href":"https:\/\/wiejskieprzysmaki.estima.site\/en\/wp-json\/wp\/v2\/media?parent=3325"}],"wp:term":[{"taxonomy":"product_brand","embeddable":true,"href":"https:\/\/wiejskieprzysmaki.estima.site\/en\/wp-json\/wp\/v2\/product_brand?post=3325"},{"taxonomy":"product_cat","embeddable":true,"href":"https:\/\/wiejskieprzysmaki.estima.site\/en\/wp-json\/wp\/v2\/product_cat?post=3325"},{"taxonomy":"product_tag","embeddable":true,"href":"https:\/\/wiejskieprzysmaki.estima.site\/en\/wp-json\/wp\/v2\/product_tag?post=3325"}],"curies":[{"name":"wp","href":"https:\/\/api.w.org\/{rel}","templated":true}]}}