{"id":3327,"date":"2025-02-18T10:50:10","date_gmt":"2025-02-18T09:50:10","guid":{"rendered":"https:\/\/wiejskieprzysmaki.estima.site\/produkt\/czosnek-mielony-50-g-dary-natury\/"},"modified":"2025-02-18T10:50:13","modified_gmt":"2025-02-18T09:50:13","slug":"czosnek-mielony-50-g-dary-natury","status":"publish","type":"product","link":"https:\/\/wiejskieprzysmaki.estima.site\/en\/product\/czosnek-mielony-50-g-dary-natury\/","title":{"rendered":"CZOSNEK MIELONY 50 g &#8211; DARY NATURY"},"content":{"rendered":"<p>SK\u0141ADNIKI <br \/>czosnek mielony 100 %. <\/p>\n<p>OPIS <br \/>Popularna i znana przyprawa do wszelkich potraw smacznej, domowej kuchni. Czosnkiem przyprawia si\u0119 sery, sa\u0142at\u0119, potrawy z grzyb\u00f3w, mi\u0119so, dziczyzn\u0119, ryby i sosy. Poprawia on smak bia\u0142ego sera, jogurt\u00f3w oraz pieczywa. <\/p>\n<p>INFORMACJA ALERGENNA<br \/>Produkt mo\u017ce zawiera\u0107 gluten.<\/p>\n<p>ZALECANE WARUNKI PRZECHOWYWANIA<br \/>Przechowywa\u0107 w suchym miejscu. <\/p>","protected":false},"excerpt":{"rendered":"<p>SK\u0141ADNIKI czosnek mielony 100 %. OPIS Popularna i znana przyprawa do wszelkich potraw smacznej, domowej kuchni. Czosnkiem przyprawia si\u0119 sery, sa\u0142at\u0119, potrawy z grzyb\u00f3w, mi\u0119so, dziczyzn\u0119, ryby i sosy. Poprawia on smak bia\u0142ego sera, jogurt\u00f3w oraz pieczywa. INFORMACJA ALERGENNAProdukt mo\u017ce zawiera\u0107 gluten. ZALECANE WARUNKI PRZECHOWYWANIAPrzechowywa\u0107 w suchym miejscu.<\/p>","protected":false},"featured_media":3328,"comment_status":"closed","ping_status":"open","template":"","meta":{"_acf_changed":false},"product_brand":[],"product_cat":[238,229],"product_tag":[],"class_list":{"0":"post-3327","1":"product","2":"type-product","3":"status-publish","4":"has-post-thumbnail","6":"product_cat-jednorodne","7":"product_cat-przyprawy-i-ziola","8":"pa_ean-matka-2907","9":"pa_gwarancja-przydatnosci-320","10":"pa_ilosc-w-opakowaniu-350","11":"pa_jednostka-podstawowa-szt","12":"pa_kod-cn-0712-90-90","13":"pa_masa-netto-461","14":"pa_objetosc-brutto-236","15":"pa_producent-dary-natury-przyprawy-i-ziola","16":"pa_producent-nazwa-adres-miroslaw-angielczyk-dary-natury-koryciny-73-17-315-grodzisk","17":"pa_tagi-bez-cukru-w-skladnikach","18":"pa_tagi-bez-glutenu-w-skladnikach","19":"pa_tagi-weganski","20":"pa_tagi-wegetarianski","22":"first","23":"instock","24":"taxable","25":"shipping-taxable","26":"purchasable","27":"product-type-simple"},"acf":[],"_links":{"self":[{"href":"https:\/\/wiejskieprzysmaki.estima.site\/en\/wp-json\/wp\/v2\/product\/3327","targetHints":{"allow":["GET"]}}],"collection":[{"href":"https:\/\/wiejskieprzysmaki.estima.site\/en\/wp-json\/wp\/v2\/product"}],"about":[{"href":"https:\/\/wiejskieprzysmaki.estima.site\/en\/wp-json\/wp\/v2\/types\/product"}],"replies":[{"embeddable":true,"href":"https:\/\/wiejskieprzysmaki.estima.site\/en\/wp-json\/wp\/v2\/comments?post=3327"}],"wp:featuredmedia":[{"embeddable":true,"href":"https:\/\/wiejskieprzysmaki.estima.site\/en\/wp-json\/wp\/v2\/media\/3328"}],"wp:attachment":[{"href":"https:\/\/wiejskieprzysmaki.estima.site\/en\/wp-json\/wp\/v2\/media?parent=3327"}],"wp:term":[{"taxonomy":"product_brand","embeddable":true,"href":"https:\/\/wiejskieprzysmaki.estima.site\/en\/wp-json\/wp\/v2\/product_brand?post=3327"},{"taxonomy":"product_cat","embeddable":true,"href":"https:\/\/wiejskieprzysmaki.estima.site\/en\/wp-json\/wp\/v2\/product_cat?post=3327"},{"taxonomy":"product_tag","embeddable":true,"href":"https:\/\/wiejskieprzysmaki.estima.site\/en\/wp-json\/wp\/v2\/product_tag?post=3327"}],"curies":[{"name":"wp","href":"https:\/\/api.w.org\/{rel}","templated":true}]}}