{"id":3367,"date":"2025-02-18T10:50:32","date_gmt":"2025-02-18T09:50:32","guid":{"rendered":"https:\/\/wiejskieprzysmaki.estima.site\/produkt\/kawa-zoledziowka-bio-200-g-dary-natury\/"},"modified":"2025-02-20T15:23:16","modified_gmt":"2025-02-20T14:23:16","slug":"kawa-zoledziowka-bio-200-g-dary-natury","status":"publish","type":"product","link":"https:\/\/wiejskieprzysmaki.estima.site\/en\/product\/kawa-zoledziowka-bio-200-g-dary-natury\/","title":{"rendered":"KAWA \u017bO\u0141\u0118DZI\u00d3WKA BIO 200 g &#8211; DARY NATURY"},"content":{"rendered":"<p>SK\u0141ADNIKI<br \/>pra\u017cone \u017co\u0142\u0119dzie* (98,5 %), kardamon*, imbir*, cynamon*, go\u017adziki*. (*certyfikowany sk\u0142adnik ekologiczny).<\/p>\n<p>OPIS<br \/>Naturalna kawa \u017co\u0142\u0119dzi\u00f3wka to nap\u00f3j bezkofeinowy o intensywnym, charakterystycznym aromacie i ciemnej barwie. Polecana jest jako zamiennik tradycyjnej kawy oraz element zdrowej, zbilansowanej diety. Mo\u017ce by\u0107 spo\u017cywana przez osoby w ka\u017cdym wieku. Smakuje doskonale z mlekiem i syropem korzennym, jak r\u00f3wnie\u017c bez dodatk\u00f3w. <\/p>\n<p>SPOS\u00d3B PRZYGOTOWANIA<br \/>Jedn\u0105 czubat\u0105 \u0142y\u017ceczk\u0119 kawy w przeliczeniu na 1 szklank\u0119 wody, wsypa\u0107 do naczynia i gotowa\u0107 oko\u0142o 2-3 minuty. Odstawi\u0107 na 5-10 minut, przela\u0107 do fili\u017canek. <br \/>Mo\u017cna doda\u0107 MLEKO lub \u015bmietank\u0119 i pos\u0142odzi\u0107 wg upodoba\u0144.<\/p>\n<p>WARTO\u015a\u0106 OD\u017bYWCZA W 100 g <br \/>Warto\u015b\u0107 energetyczna: 1544 kJ\/368 kcal<br \/>T\u0142uszcz: 6,4 g<br \/>w tym kwasy t\u0142uszczowe nasycone: 1,1 g<br \/>W\u0119glowodany: 61 g<br \/>w tym cukry: 3,5 g<br \/>B\u0142onnik: 24 g<br \/>Bia\u0142ko: 4,9 g<br \/>S\u00f3l: 0 g <br \/>\u017belazo: 4,2 mg (30 %)**<br \/>Mangan: 2,9 mg (145 %)**<br \/>Mied\u017a: 0,5 mg (50 %)**<br \/>** dzienna referencyjna warto\u015b\u0107 spo\u017cycia<\/p>\n<p>ZALECANE WARUNKI PRZECHOWYWANIA<br \/>Przechowywa\u0107 w suchym i ch\u0142odnym miejscu, w szczelnie zamkni\u0119tym opakowaniu.<\/p>","protected":false},"excerpt":{"rendered":"<p>SK\u0141ADNIKIpra\u017cone \u017co\u0142\u0119dzie* (98,5 %), kardamon*, imbir*, cynamon*, go\u017adziki*. (*certyfikowany sk\u0142adnik ekologiczny). OPISNaturalna kawa \u017co\u0142\u0119dzi\u00f3wka to nap\u00f3j bezkofeinowy o intensywnym, charakterystycznym aromacie i ciemnej barwie. Polecana jest jako zamiennik tradycyjnej kawy oraz element zdrowej, zbilansowanej diety. Mo\u017ce by\u0107 spo\u017cywana przez osoby w ka\u017cdym wieku. Smakuje doskonale z mlekiem i syropem korzennym, jak r\u00f3wnie\u017c bez dodatk\u00f3w. SPOS\u00d3B [&hellip;]<\/p>","protected":false},"featured_media":3368,"comment_status":"closed","ping_status":"open","template":"","meta":{"_acf_changed":false},"product_brand":[],"product_cat":[897],"product_tag":[],"class_list":{"0":"post-3367","1":"product","2":"type-product","3":"status-publish","4":"has-post-thumbnail","6":"product_cat-kawa-i-kakao","7":"pa_ean-matka-2934","8":"pa_gwarancja-przydatnosci-320","9":"pa_ilosc-w-opakowaniu-350","10":"pa_jednostka-podstawowa-szt","11":"pa_kod-cn-2101-30-19","12":"pa_masa-netto-354","13":"pa_objetosc-brutto-2395","14":"pa_producent-dary-natury-inne","15":"pa_producent-nazwa-adres-miroslaw-angielczyk-dary-natury-koryciny-73-17-315-grodzisk","16":"pa_tagi-bez-cukru-w-skladnikach","17":"pa_tagi-bez-glutenu-w-skladnikach","18":"pa_tagi-certyfikat-bio","19":"pa_tagi-weganski","20":"pa_tagi-wegetarianski","22":"first","23":"instock","24":"taxable","25":"shipping-taxable","26":"purchasable","27":"product-type-simple"},"acf":[],"_links":{"self":[{"href":"https:\/\/wiejskieprzysmaki.estima.site\/en\/wp-json\/wp\/v2\/product\/3367","targetHints":{"allow":["GET"]}}],"collection":[{"href":"https:\/\/wiejskieprzysmaki.estima.site\/en\/wp-json\/wp\/v2\/product"}],"about":[{"href":"https:\/\/wiejskieprzysmaki.estima.site\/en\/wp-json\/wp\/v2\/types\/product"}],"replies":[{"embeddable":true,"href":"https:\/\/wiejskieprzysmaki.estima.site\/en\/wp-json\/wp\/v2\/comments?post=3367"}],"wp:featuredmedia":[{"embeddable":true,"href":"https:\/\/wiejskieprzysmaki.estima.site\/en\/wp-json\/wp\/v2\/media\/3368"}],"wp:attachment":[{"href":"https:\/\/wiejskieprzysmaki.estima.site\/en\/wp-json\/wp\/v2\/media?parent=3367"}],"wp:term":[{"taxonomy":"product_brand","embeddable":true,"href":"https:\/\/wiejskieprzysmaki.estima.site\/en\/wp-json\/wp\/v2\/product_brand?post=3367"},{"taxonomy":"product_cat","embeddable":true,"href":"https:\/\/wiejskieprzysmaki.estima.site\/en\/wp-json\/wp\/v2\/product_cat?post=3367"},{"taxonomy":"product_tag","embeddable":true,"href":"https:\/\/wiejskieprzysmaki.estima.site\/en\/wp-json\/wp\/v2\/product_tag?post=3367"}],"curies":[{"name":"wp","href":"https:\/\/api.w.org\/{rel}","templated":true}]}}