{"id":3399,"date":"2025-02-18T10:50:32","date_gmt":"2025-02-18T09:50:32","guid":{"rendered":"https:\/\/wiejskieprzysmaki.estima.site\/produkt\/cynamon-cejlonski-mielony-bio-50-g-dary-natury\/"},"modified":"2025-02-18T10:50:50","modified_gmt":"2025-02-18T09:50:50","slug":"cynamon-cejlonski-mielony-bio-50-g-dary-natury","status":"publish","type":"product","link":"https:\/\/wiejskieprzysmaki.estima.site\/en\/product\/cynamon-cejlonski-mielony-bio-50-g-dary-natury\/","title":{"rendered":"CYNAMON CEJLO\u0143SKI MIELONY BIO 50 g &#8211; DARY NATURY"},"content":{"rendered":"<p>SK\u0141ADNIKI<br \/>cynamon cejlo\u0144ski mielony* 100 %. (*certyfikowany sk\u0142adnik ekologiczny)<\/p>\n<p>OPIS<br \/>Cynamonem mo\u017cna przyprawia\u0107 wszystkie potrawy s\u0142odzone, np. budynie, napoje mleczne, ciastka, czekolad\u0119. Niewielk\u0105 ilo\u015b\u0107 cynamonu dodaje si\u0119 do gulaszu, baraniny, wo\u0142owiny, gotowanej ryby, szynki.  <br \/>Przyprawiamy nim tak\u017ce poncze i r\u00f3\u017cne napoje np. col\u0119.<\/p>\n<p>ZALECANE WARUNKI PRZECHOWYWANIA  <br \/>Przechowywa\u0107 w suchym miejscu<\/p>","protected":false},"excerpt":{"rendered":"<p>SK\u0141ADNIKIcynamon cejlo\u0144ski mielony* 100 %. (*certyfikowany sk\u0142adnik ekologiczny) OPISCynamonem mo\u017cna przyprawia\u0107 wszystkie potrawy s\u0142odzone, np. budynie, napoje mleczne, ciastka, czekolad\u0119. Niewielk\u0105 ilo\u015b\u0107 cynamonu dodaje si\u0119 do gulaszu, baraniny, wo\u0142owiny, gotowanej ryby, szynki. Przyprawiamy nim tak\u017ce poncze i r\u00f3\u017cne napoje np. col\u0119. ZALECANE WARUNKI PRZECHOWYWANIA Przechowywa\u0107 w suchym miejscu<\/p>","protected":false},"featured_media":3400,"comment_status":"closed","ping_status":"open","template":"","meta":{"_acf_changed":false},"product_brand":[],"product_cat":[238,229],"product_tag":[],"class_list":{"0":"post-3399","1":"product","2":"type-product","3":"status-publish","4":"has-post-thumbnail","6":"product_cat-jednorodne","7":"product_cat-przyprawy-i-ziola","8":"pa_ean-matka-2952","9":"pa_gwarancja-przydatnosci-301","10":"pa_ilosc-w-opakowaniu-350","11":"pa_jednostka-podstawowa-szt","12":"pa_kod-cn-0906-20-00","13":"pa_kraj-pochodzenia-skladnikow-sri-lanka","14":"pa_masa-netto-461","15":"pa_objetosc-brutto-353","16":"pa_producent-dary-natury-przyprawy-i-ziola","17":"pa_producent-nazwa-adres-miroslaw-angielczyk-dary-natury-koryciny-73-17-315-grodzisk","18":"pa_tagi-bez-cukru-w-skladnikach","19":"pa_tagi-bez-glutenu-w-skladnikach","20":"pa_tagi-certyfikat-bio","21":"pa_tagi-weganski","22":"pa_tagi-wegetarianski","24":"first","25":"instock","26":"taxable","27":"shipping-taxable","28":"purchasable","29":"product-type-simple"},"acf":[],"_links":{"self":[{"href":"https:\/\/wiejskieprzysmaki.estima.site\/en\/wp-json\/wp\/v2\/product\/3399","targetHints":{"allow":["GET"]}}],"collection":[{"href":"https:\/\/wiejskieprzysmaki.estima.site\/en\/wp-json\/wp\/v2\/product"}],"about":[{"href":"https:\/\/wiejskieprzysmaki.estima.site\/en\/wp-json\/wp\/v2\/types\/product"}],"replies":[{"embeddable":true,"href":"https:\/\/wiejskieprzysmaki.estima.site\/en\/wp-json\/wp\/v2\/comments?post=3399"}],"wp:featuredmedia":[{"embeddable":true,"href":"https:\/\/wiejskieprzysmaki.estima.site\/en\/wp-json\/wp\/v2\/media\/3400"}],"wp:attachment":[{"href":"https:\/\/wiejskieprzysmaki.estima.site\/en\/wp-json\/wp\/v2\/media?parent=3399"}],"wp:term":[{"taxonomy":"product_brand","embeddable":true,"href":"https:\/\/wiejskieprzysmaki.estima.site\/en\/wp-json\/wp\/v2\/product_brand?post=3399"},{"taxonomy":"product_cat","embeddable":true,"href":"https:\/\/wiejskieprzysmaki.estima.site\/en\/wp-json\/wp\/v2\/product_cat?post=3399"},{"taxonomy":"product_tag","embeddable":true,"href":"https:\/\/wiejskieprzysmaki.estima.site\/en\/wp-json\/wp\/v2\/product_tag?post=3399"}],"curies":[{"name":"wp","href":"https:\/\/api.w.org\/{rel}","templated":true}]}}