{"id":3421,"date":"2025-02-18T10:50:51","date_gmt":"2025-02-18T09:50:51","guid":{"rendered":"https:\/\/wiejskieprzysmaki.estima.site\/produkt\/kolendra-ziarno-bio-30-g-dary-natury\/"},"modified":"2025-02-18T10:51:02","modified_gmt":"2025-02-18T09:51:02","slug":"kolendra-ziarno-bio-30-g-dary-natury","status":"publish","type":"product","link":"https:\/\/wiejskieprzysmaki.estima.site\/en\/product\/kolendra-ziarno-bio-30-g-dary-natury\/","title":{"rendered":"KOLENDRA ZIARNO BIO 30 g &#8211; DARY NATURY"},"content":{"rendered":"<p>SK\u0141ADNIKI<br \/>kolendra* 100% (*certyfikowany sk\u0142adnik ekologiczny)<\/p>\n<p>OPIS<br \/>Kolendra s\u0142u\u017cy do przyprawiania w\u0119dlin (zw\u0142aszcza mortadeli i serdelowej), pasztet\u00f3w, konserw mi\u0119snych i rybnych, likier\u00f3w i w\u00f3dek oraz wielu mieszanek przyprawianych np. pieprzu zio\u0142owego i curry.<\/p>\n<p>ZALECANE WARUNKI PRZECHOWYWANIA  <br \/>Przechowywa\u0107 w suchym miejscu<\/p>","protected":false},"excerpt":{"rendered":"<p>SK\u0141ADNIKIkolendra* 100% (*certyfikowany sk\u0142adnik ekologiczny) OPISKolendra s\u0142u\u017cy do przyprawiania w\u0119dlin (zw\u0142aszcza mortadeli i serdelowej), pasztet\u00f3w, konserw mi\u0119snych i rybnych, likier\u00f3w i w\u00f3dek oraz wielu mieszanek przyprawianych np. pieprzu zio\u0142owego i curry. ZALECANE WARUNKI PRZECHOWYWANIA Przechowywa\u0107 w suchym miejscu<\/p>","protected":false},"featured_media":3422,"comment_status":"closed","ping_status":"open","template":"","meta":{"_acf_changed":false},"product_brand":[],"product_cat":[238,229],"product_tag":[],"class_list":{"0":"post-3421","1":"product","2":"type-product","3":"status-publish","4":"has-post-thumbnail","6":"product_cat-jednorodne","7":"product_cat-przyprawy-i-ziola","8":"pa_ean-matka-2968","9":"pa_gwarancja-przydatnosci-522","10":"pa_ilosc-w-opakowaniu-350","11":"pa_jednostka-podstawowa-szt","12":"pa_kod-cn-0909-21-00","13":"pa_kraj-pochodzenia-skladnikow-polska","14":"pa_masa-netto-232","15":"pa_objetosc-brutto-353","16":"pa_producent-dary-natury-przyprawy-i-ziola","17":"pa_producent-nazwa-adres-miroslaw-angielczyk-dary-natury-koryciny-73-17-315-grodzisk","18":"pa_tagi-bez-cukru-w-skladnikach","19":"pa_tagi-bez-glutenu-w-skladnikach","20":"pa_tagi-certyfikat-bio","21":"pa_tagi-weganski","22":"pa_tagi-wegetarianski","24":"first","25":"instock","26":"taxable","27":"shipping-taxable","28":"purchasable","29":"product-type-simple"},"acf":[],"_links":{"self":[{"href":"https:\/\/wiejskieprzysmaki.estima.site\/en\/wp-json\/wp\/v2\/product\/3421","targetHints":{"allow":["GET"]}}],"collection":[{"href":"https:\/\/wiejskieprzysmaki.estima.site\/en\/wp-json\/wp\/v2\/product"}],"about":[{"href":"https:\/\/wiejskieprzysmaki.estima.site\/en\/wp-json\/wp\/v2\/types\/product"}],"replies":[{"embeddable":true,"href":"https:\/\/wiejskieprzysmaki.estima.site\/en\/wp-json\/wp\/v2\/comments?post=3421"}],"wp:featuredmedia":[{"embeddable":true,"href":"https:\/\/wiejskieprzysmaki.estima.site\/en\/wp-json\/wp\/v2\/media\/3422"}],"wp:attachment":[{"href":"https:\/\/wiejskieprzysmaki.estima.site\/en\/wp-json\/wp\/v2\/media?parent=3421"}],"wp:term":[{"taxonomy":"product_brand","embeddable":true,"href":"https:\/\/wiejskieprzysmaki.estima.site\/en\/wp-json\/wp\/v2\/product_brand?post=3421"},{"taxonomy":"product_cat","embeddable":true,"href":"https:\/\/wiejskieprzysmaki.estima.site\/en\/wp-json\/wp\/v2\/product_cat?post=3421"},{"taxonomy":"product_tag","embeddable":true,"href":"https:\/\/wiejskieprzysmaki.estima.site\/en\/wp-json\/wp\/v2\/product_tag?post=3421"}],"curies":[{"name":"wp","href":"https:\/\/api.w.org\/{rel}","templated":true}]}}