{"id":3461,"date":"2025-02-18T10:51:12","date_gmt":"2025-02-18T09:51:12","guid":{"rendered":"https:\/\/wiejskieprzysmaki.estima.site\/produkt\/przyprawa-do-dan-wegetarianskich-bio-40-g-dary-natury\/"},"modified":"2025-02-18T10:51:22","modified_gmt":"2025-02-18T09:51:22","slug":"przyprawa-do-dan-wegetarianskich-bio-40-g-dary-natury","status":"publish","type":"product","link":"https:\/\/wiejskieprzysmaki.estima.site\/en\/product\/przyprawa-do-dan-wegetarianskich-bio-40-g-dary-natury\/","title":{"rendered":"PRZYPRAWA DO DA\u0143 WEGETARIA\u0143SKICH BIO 40 g &#8211; DARY NATURY"},"content":{"rendered":"<p>SK\u0141ADNIKI <br \/>kminek*, czarnuszka* (po 15 %), koper w\u0142oski*, GORCZYCA*, kozieradka*, kolendra*, rozmaryn*, oregano*, owoc berberysu*, arcydzi\u0119giel*) (w zmiennych proporcjach). (*certyfikowany sk\u0142adnik ekologiczny)<\/p>\n<p>OPIS <br \/>Mo\u017ce by\u0107 stosowana do zup, zapiekanek i innych da\u0144.<\/p>\n<p>ZALECANE WARUNKI PRZECHOWYWANIA  <br \/>Przechowywa\u0107 w suchym miejscu.<\/p>","protected":false},"excerpt":{"rendered":"<p>SK\u0141ADNIKI kminek*, czarnuszka* (po 15 %), koper w\u0142oski*, GORCZYCA*, kozieradka*, kolendra*, rozmaryn*, oregano*, owoc berberysu*, arcydzi\u0119giel*) (w zmiennych proporcjach). (*certyfikowany sk\u0142adnik ekologiczny) OPIS Mo\u017ce by\u0107 stosowana do zup, zapiekanek i innych da\u0144. ZALECANE WARUNKI PRZECHOWYWANIA Przechowywa\u0107 w suchym miejscu.<\/p>","protected":false},"featured_media":3462,"comment_status":"closed","ping_status":"open","template":"","meta":{"_acf_changed":false},"product_brand":[],"product_cat":[1052,229],"product_tag":[],"class_list":{"0":"post-3461","1":"product","2":"type-product","3":"status-publish","4":"has-post-thumbnail","6":"product_cat-mieszanki-przyprawy-i-ziola","7":"product_cat-przyprawy-i-ziola","8":"pa_ean-matka-2989","9":"pa_gwarancja-przydatnosci-1922","10":"pa_ilosc-w-opakowaniu-350","11":"pa_jednostka-podstawowa-szt","12":"pa_kod-cn-2103-90-90","13":"pa_masa-netto-351","14":"pa_objetosc-brutto-353","15":"pa_producent-dary-natury-przyprawy-i-ziola","16":"pa_producent-nazwa-adres-miroslaw-angielczyk-dary-natury-koryciny-73-17-315-grodzisk","17":"pa_tagi-bez-cukru-w-skladnikach","18":"pa_tagi-bez-glutenu-w-skladnikach","19":"pa_tagi-certyfikat-bio","20":"pa_tagi-weganski","21":"pa_tagi-wegetarianski","23":"first","24":"instock","25":"taxable","26":"shipping-taxable","27":"purchasable","28":"product-type-simple"},"acf":[],"_links":{"self":[{"href":"https:\/\/wiejskieprzysmaki.estima.site\/en\/wp-json\/wp\/v2\/product\/3461","targetHints":{"allow":["GET"]}}],"collection":[{"href":"https:\/\/wiejskieprzysmaki.estima.site\/en\/wp-json\/wp\/v2\/product"}],"about":[{"href":"https:\/\/wiejskieprzysmaki.estima.site\/en\/wp-json\/wp\/v2\/types\/product"}],"replies":[{"embeddable":true,"href":"https:\/\/wiejskieprzysmaki.estima.site\/en\/wp-json\/wp\/v2\/comments?post=3461"}],"wp:featuredmedia":[{"embeddable":true,"href":"https:\/\/wiejskieprzysmaki.estima.site\/en\/wp-json\/wp\/v2\/media\/3462"}],"wp:attachment":[{"href":"https:\/\/wiejskieprzysmaki.estima.site\/en\/wp-json\/wp\/v2\/media?parent=3461"}],"wp:term":[{"taxonomy":"product_brand","embeddable":true,"href":"https:\/\/wiejskieprzysmaki.estima.site\/en\/wp-json\/wp\/v2\/product_brand?post=3461"},{"taxonomy":"product_cat","embeddable":true,"href":"https:\/\/wiejskieprzysmaki.estima.site\/en\/wp-json\/wp\/v2\/product_cat?post=3461"},{"taxonomy":"product_tag","embeddable":true,"href":"https:\/\/wiejskieprzysmaki.estima.site\/en\/wp-json\/wp\/v2\/product_tag?post=3461"}],"curies":[{"name":"wp","href":"https:\/\/api.w.org\/{rel}","templated":true}]}}