{"id":3483,"date":"2025-02-18T10:51:33","date_gmt":"2025-02-18T09:51:33","guid":{"rendered":"https:\/\/wiejskieprzysmaki.estima.site\/produkt\/pieprz-ziolowy-bio-60-g-dary-natury\/"},"modified":"2025-02-18T10:51:35","modified_gmt":"2025-02-18T09:51:35","slug":"pieprz-ziolowy-bio-60-g-dary-natury","status":"publish","type":"product","link":"https:\/\/wiejskieprzysmaki.estima.site\/en\/product\/pieprz-ziolowy-bio-60-g-dary-natury\/","title":{"rendered":"PIEPRZ ZIO\u0141OWY BIO 60 g &#8211; DARY NATURY"},"content":{"rendered":"<p>SK\u0141ADNIKI<br \/>GORCZYCA bia\u0142a* 20 %, majeranek*, chrzan*, pieprz czarny*, papryka ostra*, cz\u0105ber*, kolendra*, czarnuszka*, kminek* (w r\u00f3\u017cnych proporcjach). (*certyfikowany sk\u0142adnik ekologiczny)<\/p>\n<p>OPIS<br \/>Przyprawa powszechnie stosowana do mi\u0119s, potraw z jaj, sa\u0142atek i sur\u00f3wek.<\/p>\n<p>INFORMACJA ALERGENNA<br \/>Mo\u017ce zawiera\u0107 ZBO\u017bA ZAWIERAJ\u0104CE GLUTEN<\/p>\n<p>ZALECANE WARUNKI PRZECHOWYWANIA  <br \/>Przechowywa\u0107 w suchym miejscu<\/p>","protected":false},"excerpt":{"rendered":"<p>SK\u0141ADNIKIGORCZYCA bia\u0142a* 20 %, majeranek*, chrzan*, pieprz czarny*, papryka ostra*, cz\u0105ber*, kolendra*, czarnuszka*, kminek* (w r\u00f3\u017cnych proporcjach). (*certyfikowany sk\u0142adnik ekologiczny) OPISPrzyprawa powszechnie stosowana do mi\u0119s, potraw z jaj, sa\u0142atek i sur\u00f3wek. INFORMACJA ALERGENNAMo\u017ce zawiera\u0107 ZBO\u017bA ZAWIERAJ\u0104CE GLUTEN ZALECANE WARUNKI PRZECHOWYWANIA Przechowywa\u0107 w suchym miejscu<\/p>","protected":false},"featured_media":3484,"comment_status":"closed","ping_status":"open","template":"","meta":{"_acf_changed":false},"product_brand":[],"product_cat":[1052,229],"product_tag":[],"class_list":{"0":"post-3483","1":"product","2":"type-product","3":"status-publish","4":"has-post-thumbnail","6":"product_cat-mieszanki-przyprawy-i-ziola","7":"product_cat-przyprawy-i-ziola","8":"pa_ean-matka-3000","9":"pa_gwarancja-przydatnosci-320","10":"pa_ilosc-w-opakowaniu-350","11":"pa_jednostka-podstawowa-szt","12":"pa_kod-cn-0904-12-00","13":"pa_masa-netto-284","14":"pa_objetosc-brutto-353","15":"pa_producent-dary-natury-przyprawy-i-ziola","16":"pa_producent-nazwa-adres-miroslaw-angielczyk-dary-natury-koryciny-73-17-315-grodzisk","17":"pa_tagi-bez-cukru-w-skladnikach","18":"pa_tagi-bez-glutenu-w-skladnikach","19":"pa_tagi-certyfikat-bio","20":"pa_tagi-weganski","21":"pa_tagi-wegetarianski","23":"first","24":"instock","25":"taxable","26":"shipping-taxable","27":"purchasable","28":"product-type-simple"},"acf":[],"_links":{"self":[{"href":"https:\/\/wiejskieprzysmaki.estima.site\/en\/wp-json\/wp\/v2\/product\/3483","targetHints":{"allow":["GET"]}}],"collection":[{"href":"https:\/\/wiejskieprzysmaki.estima.site\/en\/wp-json\/wp\/v2\/product"}],"about":[{"href":"https:\/\/wiejskieprzysmaki.estima.site\/en\/wp-json\/wp\/v2\/types\/product"}],"replies":[{"embeddable":true,"href":"https:\/\/wiejskieprzysmaki.estima.site\/en\/wp-json\/wp\/v2\/comments?post=3483"}],"wp:featuredmedia":[{"embeddable":true,"href":"https:\/\/wiejskieprzysmaki.estima.site\/en\/wp-json\/wp\/v2\/media\/3484"}],"wp:attachment":[{"href":"https:\/\/wiejskieprzysmaki.estima.site\/en\/wp-json\/wp\/v2\/media?parent=3483"}],"wp:term":[{"taxonomy":"product_brand","embeddable":true,"href":"https:\/\/wiejskieprzysmaki.estima.site\/en\/wp-json\/wp\/v2\/product_brand?post=3483"},{"taxonomy":"product_cat","embeddable":true,"href":"https:\/\/wiejskieprzysmaki.estima.site\/en\/wp-json\/wp\/v2\/product_cat?post=3483"},{"taxonomy":"product_tag","embeddable":true,"href":"https:\/\/wiejskieprzysmaki.estima.site\/en\/wp-json\/wp\/v2\/product_tag?post=3483"}],"curies":[{"name":"wp","href":"https:\/\/api.w.org\/{rel}","templated":true}]}}