{"id":3511,"date":"2025-02-18T10:51:33","date_gmt":"2025-02-18T09:51:33","guid":{"rendered":"https:\/\/wiejskieprzysmaki.estima.site\/produkt\/kisiel-instant-o-smaku-wisniowym-bezglutenowy-bio-30-g-amylon\/"},"modified":"2025-02-18T10:51:45","modified_gmt":"2025-02-18T09:51:45","slug":"kisiel-instant-o-smaku-wisniowym-bezglutenowy-bio-30-g-amylon","status":"publish","type":"product","link":"https:\/\/wiejskieprzysmaki.estima.site\/en\/product\/kisiel-instant-o-smaku-wisniowym-bezglutenowy-bio-30-g-amylon\/","title":{"rendered":"KISIEL INSTANT O SMAKU WI\u015aNIOWYM BEZGLUTENOWY BIO 30 g &#8211; AMYLON"},"content":{"rendered":"<p>SK\u0141ADNIKI<br \/>cukier*, skrobia ziemniaczana*, sproszkowany burak czerwony*, naturalny aromat wi\u015bniowy, kwas: kwas jab\u0142kowy, kwas askorbinowy (witamina C). (*certyfikowany sk\u0142adnik ekologiczny)<\/p>\n<p>OPIS<br \/>Kisiel mo\u017cna przyrz\u0105dzi\u0107 ze \u015bwie\u017cymi owocami lub rozcie\u0144czy\u0107 (wedle uznania) i wykorzysta\u0107 jako nap\u00f3j. <\/p>\n<p>SPOS\u00d3B PRZYGOTOWANIA<br \/>Zawarto\u015b\u0107 torebki (30 g) zala\u0107 180 ml wrz\u0105tku i dok\u0142adnie miesza\u0107 przez ok. minut\u0119. Spo\u017cy\u0107 od razu po przygotowaniu.<\/p>\n<p>WARTO\u015a\u0106 OD\u017bYWCZA W 100 g produktu sypkiego<br \/>Warto\u015b\u0107 energetyczna &#8211; 1659 kJ\/390 kcal <br \/>T\u0142uszcz &#8211; 0 g <br \/>w tym kwasy t\u0142uszczowe nasycone &#8211; 0 g <br \/>W\u0119glowodany &#8211; 97 g <br \/>w tym cukry &#8211; 59 g <br \/>Bia\u0142ko &#8211; 0,6 g <br \/>S\u00f3l &#8211; 0 g<br \/>Witamina C: 12 mg (15 %)**<br \/>** dzienna referencyjna warto\u015b\u0107 spo\u017cycia witaminy C (dla osoby doros\u0142ej)<\/p>\n<p>ZALECANE WARUNKI PRZECHOWYWANIA <br \/>Przechowywa\u0107 w suchym miejscu. Chroni\u0107 przed \u015bwiat\u0142em. <\/p>","protected":false},"excerpt":{"rendered":"<p>SK\u0141ADNIKIcukier*, skrobia ziemniaczana*, sproszkowany burak czerwony*, naturalny aromat wi\u015bniowy, kwas: kwas jab\u0142kowy, kwas askorbinowy (witamina C). (*certyfikowany sk\u0142adnik ekologiczny) OPISKisiel mo\u017cna przyrz\u0105dzi\u0107 ze \u015bwie\u017cymi owocami lub rozcie\u0144czy\u0107 (wedle uznania) i wykorzysta\u0107 jako nap\u00f3j. SPOS\u00d3B PRZYGOTOWANIAZawarto\u015b\u0107 torebki (30 g) zala\u0107 180 ml wrz\u0105tku i dok\u0142adnie miesza\u0107 przez ok. minut\u0119. Spo\u017cy\u0107 od razu po przygotowaniu. WARTO\u015a\u0106 OD\u017bYWCZA [&hellip;]<\/p>","protected":false},"featured_media":3512,"comment_status":"closed","ping_status":"open","template":"","meta":{"_acf_changed":false},"product_brand":[],"product_cat":[396],"product_tag":[],"class_list":{"0":"post-3511","1":"product","2":"type-product","3":"status-publish","4":"has-post-thumbnail","6":"product_cat-budynie-galaretki-kisiele","7":"pa_ean-matka-3016","8":"pa_gwarancja-przydatnosci-1476","9":"pa_ilosc-w-opakowaniu-392","10":"pa_jednostka-podstawowa-szt","11":"pa_kod-cn-1901-90-99","12":"pa_masa-netto-232","13":"pa_objetosc-brutto-1981","14":"pa_producent-amylon-budynie-galaretkikisielecukry-skrobie","15":"pa_producent-nazwa-adres-amylon-a-s-svermova-117-580-36-havlickuv-brod","16":"pa_tagi-bez-glutenu-deklaracja","17":"pa_tagi-bez-glutenu-w-skladnikach","18":"pa_tagi-certyfikat-bio","19":"pa_tagi-weganski","20":"pa_tagi-wegetarianski","22":"first","23":"instock","24":"taxable","25":"shipping-taxable","26":"purchasable","27":"product-type-simple"},"acf":[],"_links":{"self":[{"href":"https:\/\/wiejskieprzysmaki.estima.site\/en\/wp-json\/wp\/v2\/product\/3511","targetHints":{"allow":["GET"]}}],"collection":[{"href":"https:\/\/wiejskieprzysmaki.estima.site\/en\/wp-json\/wp\/v2\/product"}],"about":[{"href":"https:\/\/wiejskieprzysmaki.estima.site\/en\/wp-json\/wp\/v2\/types\/product"}],"replies":[{"embeddable":true,"href":"https:\/\/wiejskieprzysmaki.estima.site\/en\/wp-json\/wp\/v2\/comments?post=3511"}],"wp:featuredmedia":[{"embeddable":true,"href":"https:\/\/wiejskieprzysmaki.estima.site\/en\/wp-json\/wp\/v2\/media\/3512"}],"wp:attachment":[{"href":"https:\/\/wiejskieprzysmaki.estima.site\/en\/wp-json\/wp\/v2\/media?parent=3511"}],"wp:term":[{"taxonomy":"product_brand","embeddable":true,"href":"https:\/\/wiejskieprzysmaki.estima.site\/en\/wp-json\/wp\/v2\/product_brand?post=3511"},{"taxonomy":"product_cat","embeddable":true,"href":"https:\/\/wiejskieprzysmaki.estima.site\/en\/wp-json\/wp\/v2\/product_cat?post=3511"},{"taxonomy":"product_tag","embeddable":true,"href":"https:\/\/wiejskieprzysmaki.estima.site\/en\/wp-json\/wp\/v2\/product_tag?post=3511"}],"curies":[{"name":"wp","href":"https:\/\/api.w.org\/{rel}","templated":true}]}}