{"id":3521,"date":"2025-02-18T10:51:49","date_gmt":"2025-02-18T09:51:49","guid":{"rendered":"https:\/\/wiejskieprzysmaki.estima.site\/produkt\/ciastka-kakaowe-mini-jungle-bio-100-g-bio-ania\/"},"modified":"2025-02-18T10:51:50","modified_gmt":"2025-02-18T09:51:50","slug":"ciastka-kakaowe-mini-jungle-bio-100-g-bio-ania","status":"publish","type":"product","link":"https:\/\/wiejskieprzysmaki.estima.site\/en\/product\/ciastka-kakaowe-mini-jungle-bio-100-g-bio-ania\/","title":{"rendered":"CIASTKA KAKAOWE MINI JUNGLE BIO 100 g &#8211; BIO ANIA"},"content":{"rendered":"<p>SK\u0141ADNIKI<br \/>m\u0105ka PSZENNA*, cukier trzcinowy*, t\u0142uszcz kokosowy*, kakao* (2,6 %), s\u00f3l. (*certyfikowany sk\u0142adnik ekologiczny)  <\/p>\n<p>WARTO\u015a\u0106 OD\u017bYWCZA W 100 g<br \/>Warto\u015b\u0107 energetyczna: 1867 kJ\/444 kcal  <br \/>T\u0142uszcz: 12,4 g  <br \/>w tym kwasy nasycone: 4,8 g  <br \/>W\u0119glowodany: 75,5 g  <br \/>w tym cukry: 19,1 g <br \/>Bia\u0142ko: 9,8 g  <br \/>S\u00f3l: 0,32 g<\/p>\n<p>INFORMACJA ALERGENNA<br \/>Produkt mo\u017ce zawiera\u0107 MLEKO, JAJA, NASIONA SEZAMU, ORZECHY, soj\u0119.<\/p>\n<p>ZALECANE WARUNKI PRZECHOWYWANIA<br \/>Przechowywa\u0107 w suchym i ch\u0142odnym miejscu, z dala od \u017ar\u00f3de\u0142 ciep\u0142a.<\/p>","protected":false},"excerpt":{"rendered":"<p>SK\u0141ADNIKIm\u0105ka PSZENNA*, cukier trzcinowy*, t\u0142uszcz kokosowy*, kakao* (2,6 %), s\u00f3l. (*certyfikowany sk\u0142adnik ekologiczny) WARTO\u015a\u0106 OD\u017bYWCZA W 100 gWarto\u015b\u0107 energetyczna: 1867 kJ\/444 kcal T\u0142uszcz: 12,4 g w tym kwasy nasycone: 4,8 g W\u0119glowodany: 75,5 g w tym cukry: 19,1 g Bia\u0142ko: 9,8 g S\u00f3l: 0,32 g INFORMACJA ALERGENNAProdukt mo\u017ce zawiera\u0107 MLEKO, JAJA, NASIONA SEZAMU, ORZECHY, soj\u0119. [&hellip;]<\/p>","protected":false},"featured_media":3522,"comment_status":"closed","ping_status":"open","template":"","meta":{"_acf_changed":false},"product_brand":[],"product_cat":[1434,139],"product_tag":[],"class_list":{"0":"post-3521","1":"product","2":"type-product","3":"status-publish","4":"has-post-thumbnail","6":"product_cat-ciastka","7":"product_cat-slodycze-i-przekaski","8":"pa_ean-matka-3022","9":"pa_gwarancja-przydatnosci-324","10":"pa_ilosc-w-opakowaniu-392","11":"pa_jednostka-podstawowa-szt","12":"pa_kod-cn-1905-31-19","13":"pa_kraj-pochodzenia-skladnikow-turcja","14":"pa_masa-netto-242","15":"pa_objetosc-brutto-2666","16":"pa_producent-bio-ania-ciastka-muffiny-wafle","17":"pa_producent-nazwa-adres-ania-spolka-z-ograniczona-odpowiedzialnoscia-spolka-komandytowa-niepokalanej-panny-marii-103-31-589-krakow","18":"pa_tagi-certyfikat-bio","19":"pa_tagi-weganski","20":"pa_tagi-wegetarianski","22":"first","23":"instock","24":"taxable","25":"shipping-taxable","26":"purchasable","27":"product-type-simple"},"acf":[],"_links":{"self":[{"href":"https:\/\/wiejskieprzysmaki.estima.site\/en\/wp-json\/wp\/v2\/product\/3521","targetHints":{"allow":["GET"]}}],"collection":[{"href":"https:\/\/wiejskieprzysmaki.estima.site\/en\/wp-json\/wp\/v2\/product"}],"about":[{"href":"https:\/\/wiejskieprzysmaki.estima.site\/en\/wp-json\/wp\/v2\/types\/product"}],"replies":[{"embeddable":true,"href":"https:\/\/wiejskieprzysmaki.estima.site\/en\/wp-json\/wp\/v2\/comments?post=3521"}],"wp:featuredmedia":[{"embeddable":true,"href":"https:\/\/wiejskieprzysmaki.estima.site\/en\/wp-json\/wp\/v2\/media\/3522"}],"wp:attachment":[{"href":"https:\/\/wiejskieprzysmaki.estima.site\/en\/wp-json\/wp\/v2\/media?parent=3521"}],"wp:term":[{"taxonomy":"product_brand","embeddable":true,"href":"https:\/\/wiejskieprzysmaki.estima.site\/en\/wp-json\/wp\/v2\/product_brand?post=3521"},{"taxonomy":"product_cat","embeddable":true,"href":"https:\/\/wiejskieprzysmaki.estima.site\/en\/wp-json\/wp\/v2\/product_cat?post=3521"},{"taxonomy":"product_tag","embeddable":true,"href":"https:\/\/wiejskieprzysmaki.estima.site\/en\/wp-json\/wp\/v2\/product_tag?post=3521"}],"curies":[{"name":"wp","href":"https:\/\/api.w.org\/{rel}","templated":true}]}}