{"id":3527,"date":"2025-02-18T10:51:49","date_gmt":"2025-02-18T09:51:49","guid":{"rendered":"https:\/\/wiejskieprzysmaki.estima.site\/produkt\/krem-z-kasztanow-jadalnych-bio-270-g-alce-nero\/"},"modified":"2025-02-18T10:51:52","modified_gmt":"2025-02-18T09:51:52","slug":"krem-z-kasztanow-jadalnych-bio-270-g-alce-nero","status":"publish","type":"product","link":"https:\/\/wiejskieprzysmaki.estima.site\/en\/product\/krem-z-kasztanow-jadalnych-bio-270-g-alce-nero\/","title":{"rendered":"KREM Z KASZTAN\u00d3W JADALNYCH BIO 270 g &#8211; ALCE NERO"},"content":{"rendered":"<p>SK\u0141ADNIKI<br \/>kasztany jadalne*(62 %), cukier winogronowy* (*certyfikowany sk\u0142adnik ekologiczny)<\/p>\n<p>WARTO\u015a\u0106 OD\u017bYWCZA W 100 g<br \/>Warto\u015b\u0107 energetyczna &#8211; 790 kJ \/ 188 kcal  <br \/>T\u0142uszcz &#8211; 0,4 g  <br \/>w tym kwasy t\u0142uszczowe nasycone &#8211; 0,09 g  <br \/>W\u0119glowodany &#8211; 44 g  <br \/>w tym cukry &#8211; 42 g  <br \/>Bia\u0142ko &#8211; 2,1  g  <br \/>S\u00f3l &#8211; 0,01 g<\/p>\n<p>ZALECANE WARUNKI PRZECHOWYWANIA<br \/>Po otwarciu przechowywa\u0107 w lod\u00f3wce i spo\u017cy\u0107 w ci\u0105gu 7 dni.<\/p>","protected":false},"excerpt":{"rendered":"<p>SK\u0141ADNIKIkasztany jadalne*(62 %), cukier winogronowy* (*certyfikowany sk\u0142adnik ekologiczny) WARTO\u015a\u0106 OD\u017bYWCZA W 100 gWarto\u015b\u0107 energetyczna &#8211; 790 kJ \/ 188 kcal T\u0142uszcz &#8211; 0,4 g w tym kwasy t\u0142uszczowe nasycone &#8211; 0,09 g W\u0119glowodany &#8211; 44 g w tym cukry &#8211; 42 g Bia\u0142ko &#8211; 2,1 g S\u00f3l &#8211; 0,01 g ZALECANE WARUNKI PRZECHOWYWANIAPo otwarciu przechowywa\u0107 [&hellip;]<\/p>","protected":false},"featured_media":3528,"comment_status":"closed","ping_status":"open","template":"","meta":{"_acf_changed":false},"product_brand":[],"product_cat":[734],"product_tag":[],"class_list":{"0":"post-3527","1":"product","2":"type-product","3":"status-publish","4":"has-post-thumbnail","6":"product_cat-kremy-orzechowe-czekoladowe-tahini","7":"pa_ean-matka-3031","8":"pa_gwarancja-przydatnosci-3029","9":"pa_ilosc-w-opakowaniu-298","10":"pa_jednostka-podstawowa-szt","11":"pa_kod-cn-2007-99-20","12":"pa_kraj-pochodzenia-skladnikow-wlochy","13":"pa_masa-netto-1400","14":"pa_objetosc-brutto-1203","15":"pa_producent-alce-nero-wloskie-produkty","16":"pa_producent-nazwa-adres-alce-nero-s-p-a-via-palazzetti-5c-40068-san-lazzaro-di-savena-bo","17":"pa_tagi-bez-glutenu-w-skladnikach","18":"pa_tagi-certyfikat-bio","19":"pa_tagi-weganski","20":"pa_tagi-wegetarianski","22":"first","23":"instock","24":"taxable","25":"shipping-taxable","26":"purchasable","27":"product-type-simple"},"acf":[],"_links":{"self":[{"href":"https:\/\/wiejskieprzysmaki.estima.site\/en\/wp-json\/wp\/v2\/product\/3527","targetHints":{"allow":["GET"]}}],"collection":[{"href":"https:\/\/wiejskieprzysmaki.estima.site\/en\/wp-json\/wp\/v2\/product"}],"about":[{"href":"https:\/\/wiejskieprzysmaki.estima.site\/en\/wp-json\/wp\/v2\/types\/product"}],"replies":[{"embeddable":true,"href":"https:\/\/wiejskieprzysmaki.estima.site\/en\/wp-json\/wp\/v2\/comments?post=3527"}],"wp:featuredmedia":[{"embeddable":true,"href":"https:\/\/wiejskieprzysmaki.estima.site\/en\/wp-json\/wp\/v2\/media\/3528"}],"wp:attachment":[{"href":"https:\/\/wiejskieprzysmaki.estima.site\/en\/wp-json\/wp\/v2\/media?parent=3527"}],"wp:term":[{"taxonomy":"product_brand","embeddable":true,"href":"https:\/\/wiejskieprzysmaki.estima.site\/en\/wp-json\/wp\/v2\/product_brand?post=3527"},{"taxonomy":"product_cat","embeddable":true,"href":"https:\/\/wiejskieprzysmaki.estima.site\/en\/wp-json\/wp\/v2\/product_cat?post=3527"},{"taxonomy":"product_tag","embeddable":true,"href":"https:\/\/wiejskieprzysmaki.estima.site\/en\/wp-json\/wp\/v2\/product_tag?post=3527"}],"curies":[{"name":"wp","href":"https:\/\/api.w.org\/{rel}","templated":true}]}}