{"id":3555,"date":"2025-02-18T10:51:49","date_gmt":"2025-02-18T09:51:49","guid":{"rendered":"https:\/\/wiejskieprzysmaki.estima.site\/produkt\/lizaki-okragle-mix-bezglutenowe-bio-6-x-10-g-60-g-candy-tree\/"},"modified":"2025-02-18T10:52:00","modified_gmt":"2025-02-18T09:52:00","slug":"lizaki-okragle-mix-bezglutenowe-bio-6-x-10-g-60-g-candy-tree","status":"publish","type":"product","link":"https:\/\/wiejskieprzysmaki.estima.site\/en\/product\/lizaki-okragle-mix-bezglutenowe-bio-6-x-10-g-60-g-candy-tree\/","title":{"rendered":"LIZAKI OKR\u0104G\u0141E MIX BEZGLUTENOWE BIO (6 x 10 g) 60 g &#8211; CANDY TREE"},"content":{"rendered":"<p>SK\u0141ADNIKI<br \/>syrop kukurydziany*, regulator kwasowo\u015bci: kwas cytrynowy, aromaty: cytryna*, pomara\u0144cza*, czarna porzeczka*, wi\u015bnia*, truskawka*, malina*. (*certyfikowany sk\u0142adnik ekologiczny)<\/p>\n<p>OPIS<br \/>Ekologiczne lizaki w sze\u015bciu smakach: cytryna, pomara\u0144cza, czarna porzeczka, wi\u015bnia, truskawka, malina.<br \/>Niezwykle smaczne lizaki bez barwnik\u00f3w i syropu glukozowo &#8211; fruktozowego.<\/p>\n<p>WARTO\u015a\u0106 OD\u017bYWCZA W 100 g<br \/>Warto\u015b\u0107 energetyczna 1658 kJ\/390 kcal <br \/>T\u0142uszcz: 0 g <br \/>w tym kwasy nasycone: 0 g <br \/>W\u0119glowodany: 97,5 g <br \/>w tym cukry: 57,6 g <br \/>Bia\u0142ko: 0 g <br \/>S\u00f3l: 0 g<\/p>\n<p>ZALECANE WARUNKI PRZECHOWYWANIA <br \/>Przechowywa\u0107 w suchym i ch\u0142odnym miejscu <\/p>","protected":false},"excerpt":{"rendered":"<p>SK\u0141ADNIKIsyrop kukurydziany*, regulator kwasowo\u015bci: kwas cytrynowy, aromaty: cytryna*, pomara\u0144cza*, czarna porzeczka*, wi\u015bnia*, truskawka*, malina*. (*certyfikowany sk\u0142adnik ekologiczny) OPISEkologiczne lizaki w sze\u015bciu smakach: cytryna, pomara\u0144cza, czarna porzeczka, wi\u015bnia, truskawka, malina.Niezwykle smaczne lizaki bez barwnik\u00f3w i syropu glukozowo &#8211; fruktozowego. WARTO\u015a\u0106 OD\u017bYWCZA W 100 gWarto\u015b\u0107 energetyczna 1658 kJ\/390 kcal T\u0142uszcz: 0 g w tym kwasy nasycone: 0 [&hellip;]<\/p>","protected":false},"featured_media":3556,"comment_status":"closed","ping_status":"open","template":"","meta":{"_acf_changed":false},"product_brand":[],"product_cat":[1175,139],"product_tag":[],"class_list":{"0":"post-3555","1":"product","2":"type-product","3":"status-publish","4":"has-post-thumbnail","6":"product_cat-cukierki-lizaki","7":"product_cat-slodycze-i-przekaski","8":"pa_ean-matka-3050","9":"pa_gwarancja-przydatnosci-320","10":"pa_ilosc-w-opakowaniu-374","11":"pa_jednostka-podstawowa-szt","12":"pa_kod-cn-1704-90-71","13":"pa_masa-netto-284","14":"pa_objetosc-brutto-1129","15":"pa_producent-candy-tree-lizaki-cukierki-zelki","16":"pa_producent-nazwa-adres-corn-candies-bv-de-hoefsmid-6-1851-heiloo","17":"pa_tagi-bez-glutenu-deklaracja","18":"pa_tagi-bez-glutenu-w-skladnikach","19":"pa_tagi-certyfikat-bio","20":"pa_tagi-weganski","21":"pa_tagi-wegetarianski","23":"first","24":"instock","25":"taxable","26":"shipping-taxable","27":"purchasable","28":"product-type-simple"},"acf":[],"_links":{"self":[{"href":"https:\/\/wiejskieprzysmaki.estima.site\/en\/wp-json\/wp\/v2\/product\/3555","targetHints":{"allow":["GET"]}}],"collection":[{"href":"https:\/\/wiejskieprzysmaki.estima.site\/en\/wp-json\/wp\/v2\/product"}],"about":[{"href":"https:\/\/wiejskieprzysmaki.estima.site\/en\/wp-json\/wp\/v2\/types\/product"}],"replies":[{"embeddable":true,"href":"https:\/\/wiejskieprzysmaki.estima.site\/en\/wp-json\/wp\/v2\/comments?post=3555"}],"wp:featuredmedia":[{"embeddable":true,"href":"https:\/\/wiejskieprzysmaki.estima.site\/en\/wp-json\/wp\/v2\/media\/3556"}],"wp:attachment":[{"href":"https:\/\/wiejskieprzysmaki.estima.site\/en\/wp-json\/wp\/v2\/media?parent=3555"}],"wp:term":[{"taxonomy":"product_brand","embeddable":true,"href":"https:\/\/wiejskieprzysmaki.estima.site\/en\/wp-json\/wp\/v2\/product_brand?post=3555"},{"taxonomy":"product_cat","embeddable":true,"href":"https:\/\/wiejskieprzysmaki.estima.site\/en\/wp-json\/wp\/v2\/product_cat?post=3555"},{"taxonomy":"product_tag","embeddable":true,"href":"https:\/\/wiejskieprzysmaki.estima.site\/en\/wp-json\/wp\/v2\/product_tag?post=3555"}],"curies":[{"name":"wp","href":"https:\/\/api.w.org\/{rel}","templated":true}]}}