{"id":3557,"date":"2025-02-18T10:51:49","date_gmt":"2025-02-18T09:51:49","guid":{"rendered":"https:\/\/wiejskieprzysmaki.estima.site\/produkt\/woda-kokosowa-aqua-verde-bio-330-ml-aqua-verde\/"},"modified":"2025-02-18T10:52:02","modified_gmt":"2025-02-18T09:52:02","slug":"woda-kokosowa-aqua-verde-bio-330-ml-aqua-verde","status":"publish","type":"product","link":"https:\/\/wiejskieprzysmaki.estima.site\/en\/product\/woda-kokosowa-aqua-verde-bio-330-ml-aqua-verde\/","title":{"rendered":"WODA KOKOSOWA AQUA VERDE BIO 330 ml &#8211; AQUA VERDE"},"content":{"rendered":"<p>SK\u0141ADNIKI  <br \/>woda kokosowa z koncentratu*. (*certyfikowany sk\u0142adnik ekologiczny)<\/p>\n<p>OPIS<br \/>Produkt UHT. Przed spo\u017cyciem wstrz\u0105sn\u0105\u0107.<\/p>\n<p>WARTO\u015a\u0106 OD\u017bYWCZA W 100 ml<br \/>Warto\u015b\u0107 energetyczna: 79 kJ\/19 kcal  <br \/>T\u0142uszcz: 0 g  <br \/>w tym kwasy nasycone: 0 g  <br \/>W\u0119glowodany: 3,7 g  <br \/>w tym cukry: 2,6 g  <br \/>Bia\u0142ko: 0,7 g  <br \/>S\u00f3l: 0,26 g<\/p>\n<p>ZALECANE WARUNKI PRZECHOWYWANIA<br \/>Przechowywa\u0107 w suchym i ch\u0142odnym miejscu<\/p>","protected":false},"excerpt":{"rendered":"<p>SK\u0141ADNIKI woda kokosowa z koncentratu*. (*certyfikowany sk\u0142adnik ekologiczny) OPISProdukt UHT. Przed spo\u017cyciem wstrz\u0105sn\u0105\u0107. WARTO\u015a\u0106 OD\u017bYWCZA W 100 mlWarto\u015b\u0107 energetyczna: 79 kJ\/19 kcal T\u0142uszcz: 0 g w tym kwasy nasycone: 0 g W\u0119glowodany: 3,7 g w tym cukry: 2,6 g Bia\u0142ko: 0,7 g S\u00f3l: 0,26 g ZALECANE WARUNKI PRZECHOWYWANIAPrzechowywa\u0107 w suchym i ch\u0142odnym miejscu<\/p>","protected":false},"featured_media":3558,"comment_status":"closed","ping_status":"open","template":"","meta":{"_acf_changed":false},"product_brand":[],"product_cat":[384,134],"product_tag":[],"class_list":{"0":"post-3557","1":"product","2":"type-product","3":"status-publish","4":"has-post-thumbnail","6":"product_cat-inne-napoje","7":"product_cat-napoje","8":"pa_ean-matka-3052","9":"pa_gwarancja-przydatnosci-324","10":"pa_ilosc-w-opakowaniu-392","11":"pa_jednostka-podstawowa-szt","12":"pa_kod-cn-2009-89-99","13":"pa_kraj-pochodzenia-skladnikow-turcja","14":"pa_objetosc-brutto-3051","15":"pa_objetosc-netto-1012","16":"pa_producent-aqua-verde-wody-kokosowe","17":"pa_producent-nazwa-adres-green-coco-europe-marketing-vertriebsgesellschaft-gmbh-koenigstrasse-33-37-90402-nurnberg","18":"pa_tagi-bez-cukru-w-skladnikach","19":"pa_tagi-bez-glutenu-w-skladnikach","20":"pa_tagi-certyfikat-bio","21":"pa_tagi-weganski","22":"pa_tagi-wegetarianski","24":"first","25":"instock","26":"taxable","27":"shipping-taxable","28":"purchasable","29":"product-type-simple"},"acf":[],"_links":{"self":[{"href":"https:\/\/wiejskieprzysmaki.estima.site\/en\/wp-json\/wp\/v2\/product\/3557","targetHints":{"allow":["GET"]}}],"collection":[{"href":"https:\/\/wiejskieprzysmaki.estima.site\/en\/wp-json\/wp\/v2\/product"}],"about":[{"href":"https:\/\/wiejskieprzysmaki.estima.site\/en\/wp-json\/wp\/v2\/types\/product"}],"replies":[{"embeddable":true,"href":"https:\/\/wiejskieprzysmaki.estima.site\/en\/wp-json\/wp\/v2\/comments?post=3557"}],"wp:featuredmedia":[{"embeddable":true,"href":"https:\/\/wiejskieprzysmaki.estima.site\/en\/wp-json\/wp\/v2\/media\/3558"}],"wp:attachment":[{"href":"https:\/\/wiejskieprzysmaki.estima.site\/en\/wp-json\/wp\/v2\/media?parent=3557"}],"wp:term":[{"taxonomy":"product_brand","embeddable":true,"href":"https:\/\/wiejskieprzysmaki.estima.site\/en\/wp-json\/wp\/v2\/product_brand?post=3557"},{"taxonomy":"product_cat","embeddable":true,"href":"https:\/\/wiejskieprzysmaki.estima.site\/en\/wp-json\/wp\/v2\/product_cat?post=3557"},{"taxonomy":"product_tag","embeddable":true,"href":"https:\/\/wiejskieprzysmaki.estima.site\/en\/wp-json\/wp\/v2\/product_tag?post=3557"}],"curies":[{"name":"wp","href":"https:\/\/api.w.org\/{rel}","templated":true}]}}