{"id":3563,"date":"2025-02-18T10:52:03","date_gmt":"2025-02-18T09:52:03","guid":{"rendered":"https:\/\/wiejskieprzysmaki.estima.site\/produkt\/olej-arganowy-virgin-bio-100-ml-bio-planete\/"},"modified":"2025-02-18T10:52:04","modified_gmt":"2025-02-18T09:52:04","slug":"olej-arganowy-virgin-bio-100-ml-bio-planete","status":"publish","type":"product","link":"https:\/\/wiejskieprzysmaki.estima.site\/en\/product\/olej-arganowy-virgin-bio-100-ml-bio-planete\/","title":{"rendered":"OLEJ ARGANOWY VIRGIN BIO 100 ml &#8211; BIO PLANETE"},"content":{"rendered":"<p>SK\u0141ADNIKI<br \/>Olej nierafinowany z niepra\u017conych ziaren arganii*. (*certyfikowany sk\u0142adnik ekologiczny)<\/p>\n<p>OPIS <br \/>Olej ro\u015blinny wy\u0142\u0105cznie do stosowania jako przyprawa.<br \/>Do kuchni w stylu berberyjskim. Do przyprawiania potraw orientalnych.<\/p>\n<p>WARTO\u015a\u0106 OD\u017bYWCZA W 100 ml<br \/>Warto\u015b\u0107 energetyczna &#8211; 3404 kJ\/828 kcal <br \/>T\u0142uszcz &#8211; 92 g <br \/>w tym kwasy t\u0142uszczowe nasycone &#8211; 17 g <br \/>Witamina E &#8211; 11 mg (92 % dziennej referencyjnej warto\u015bci spo\u017cycia) <br \/>Zawiera znikome ilo\u015bci w\u0119glowodan\u00f3w, cukr\u00f3w, bia\u0142a i soli.<\/p>\n<p>INFORMACJA ALERGENNA<br \/>Wyprodukowano w zak\u0142adzie przetwarzaj\u0105cym ORZESZKI ZIEMNE, SEZAM, MIGDA\u0141Y i inne ORZECHY <\/p>\n<p>UWAGA<br \/>W przypadku d\u0142u\u017cszego przechowywania mo\u017ce wyst\u0105pi\u0107 zm\u0119tnienie lub osad, <br \/>co jest naturalnym zjawiskiem i nie wp\u0142ywa na jako\u015b\u0107 produktu. <\/p>\n<p>ZALECANE WARUNKI PRZECHOWYWANIA<br \/>Przechowywa\u0107 w temperaturze pokojowej z dala od \u015bwiat\u0142a.<\/p>","protected":false},"excerpt":{"rendered":"<p>SK\u0141ADNIKIOlej nierafinowany z niepra\u017conych ziaren arganii*. (*certyfikowany sk\u0142adnik ekologiczny) OPIS Olej ro\u015blinny wy\u0142\u0105cznie do stosowania jako przyprawa.Do kuchni w stylu berberyjskim. Do przyprawiania potraw orientalnych. WARTO\u015a\u0106 OD\u017bYWCZA W 100 mlWarto\u015b\u0107 energetyczna &#8211; 3404 kJ\/828 kcal T\u0142uszcz &#8211; 92 g w tym kwasy t\u0142uszczowe nasycone &#8211; 17 g Witamina E &#8211; 11 mg (92 % dziennej [&hellip;]<\/p>","protected":false},"featured_media":3564,"comment_status":"closed","ping_status":"open","template":"","meta":{"_acf_changed":false},"product_brand":[],"product_cat":[993,1073],"product_tag":[],"class_list":{"0":"post-3563","1":"product","2":"type-product","3":"status-publish","4":"has-post-thumbnail","6":"product_cat-oleje-i-oliwy","7":"product_cat-oleje-plynne","8":"pa_ean-matka-3057","9":"pa_gwarancja-przydatnosci-324","10":"pa_ilosc-w-opakowaniu-298","11":"pa_jednostka-podstawowa-szt","12":"pa_kod-cn-1515-90-59","13":"pa_kraj-pochodzenia-skladnikow-maroko","14":"pa_objetosc-brutto-1393","15":"pa_objetosc-netto-468","16":"pa_producent-bio-planete-oleje-i-oliwy","17":"pa_producent-nazwa-adres-bio-planete-huilerie-f-j-moog-sa-route-de-limoux-f-11150-bram","18":"pa_tagi-bez-cukru-w-skladnikach","19":"pa_tagi-bez-glutenu-w-skladnikach","20":"pa_tagi-certyfikat-bio","21":"pa_tagi-weganski","22":"pa_tagi-wegetarianski","24":"first","25":"instock","26":"taxable","27":"shipping-taxable","28":"purchasable","29":"product-type-simple"},"acf":[],"_links":{"self":[{"href":"https:\/\/wiejskieprzysmaki.estima.site\/en\/wp-json\/wp\/v2\/product\/3563","targetHints":{"allow":["GET"]}}],"collection":[{"href":"https:\/\/wiejskieprzysmaki.estima.site\/en\/wp-json\/wp\/v2\/product"}],"about":[{"href":"https:\/\/wiejskieprzysmaki.estima.site\/en\/wp-json\/wp\/v2\/types\/product"}],"replies":[{"embeddable":true,"href":"https:\/\/wiejskieprzysmaki.estima.site\/en\/wp-json\/wp\/v2\/comments?post=3563"}],"wp:featuredmedia":[{"embeddable":true,"href":"https:\/\/wiejskieprzysmaki.estima.site\/en\/wp-json\/wp\/v2\/media\/3564"}],"wp:attachment":[{"href":"https:\/\/wiejskieprzysmaki.estima.site\/en\/wp-json\/wp\/v2\/media?parent=3563"}],"wp:term":[{"taxonomy":"product_brand","embeddable":true,"href":"https:\/\/wiejskieprzysmaki.estima.site\/en\/wp-json\/wp\/v2\/product_brand?post=3563"},{"taxonomy":"product_cat","embeddable":true,"href":"https:\/\/wiejskieprzysmaki.estima.site\/en\/wp-json\/wp\/v2\/product_cat?post=3563"},{"taxonomy":"product_tag","embeddable":true,"href":"https:\/\/wiejskieprzysmaki.estima.site\/en\/wp-json\/wp\/v2\/product_tag?post=3563"}],"curies":[{"name":"wp","href":"https:\/\/api.w.org\/{rel}","templated":true}]}}