{"id":3615,"date":"2025-02-18T10:52:20","date_gmt":"2025-02-18T09:52:20","guid":{"rendered":"https:\/\/wiejskieprzysmaki.estima.site\/produkt\/bulka-tarta-razowa-bio-polska-250-g-bio-raj\/"},"modified":"2025-02-18T10:52:25","modified_gmt":"2025-02-18T09:52:25","slug":"bulka-tarta-razowa-bio-polska-250-g-bio-raj","status":"publish","type":"product","link":"https:\/\/wiejskieprzysmaki.estima.site\/en\/product\/bulka-tarta-razowa-bio-polska-250-g-bio-raj\/","title":{"rendered":"BU\u0141KA TARTA RAZOWA BIO (POLSKA) 250 g &#8211; BIO RAJ"},"content":{"rendered":"<p>SK\u0141ADNIKI<br \/>m\u0105ka \u017bYTNIA razowa* 30 %, m\u0105ka PSZENNA razowa* 20 %, m\u0105ka PSZENNA ORKISZOWA razowa* 10 %, woda, dro\u017cd\u017ce*, s\u00f3l (*certyfikowany sk\u0142adnik ekologiczny).\t<\/p>\n<p>OPIS<br \/>Ekologiczna bu\u0142ka tarta razowa doskonale nadaje si\u0119 do obtaczania kotlet\u00f3w warzywnych, str\u0105czkowych czy mi\u0119snych. Mo\u017ce stanowi\u0107 r\u00f3wnie\u017c zag\u0119szczaj\u0105cy dodatek do wszelkiego rodzaju farszy lub pasztet\u00f3w, a tak\u017ce posypk\u0119, aby pieczony pasztet na wierzchu by\u0142 smakowicie rumiany.<\/p>\n<p>WARTO\u015a\u0106 OD\u017bYWCZA W 100 g<br \/>Warto\u015b\u0107 energetyczna \t1602 kJ\/378 kcal<br \/>T\u0142uszcz \t1,9 g<br \/>w tym kwasy t\u0142uszczowe nasycone \t0,3 g<br \/>W\u0119glowodany \t78 g<br \/>w tym cukry \t0,2 g<br \/>B\u0142onnik \t6,1 g<br \/>Bia\u0142ko \t9,2 g<br \/>S\u00f3l \t1,3 g<\/p>\n<p>INFORMACJA ALERGENNA<br \/>Produkt mo\u017ce zawiera\u0107 alergeny: ORZESZKI ZIEMNE, ORZECHY, NASIONA SEZAMU, SOJ\u0118.<\/p>\n<p>ZALECANE WARUNKI PRZECHOWYWANIA<br \/>Przechowywa\u0107 w suchym i ch\u0142odnym miejscu.<\/p>\n<p><\/p>","protected":false},"excerpt":{"rendered":"<p>SK\u0141ADNIKIm\u0105ka \u017bYTNIA razowa* 30 %, m\u0105ka PSZENNA razowa* 20 %, m\u0105ka PSZENNA ORKISZOWA razowa* 10 %, woda, dro\u017cd\u017ce*, s\u00f3l (*certyfikowany sk\u0142adnik ekologiczny). OPISEkologiczna bu\u0142ka tarta razowa doskonale nadaje si\u0119 do obtaczania kotlet\u00f3w warzywnych, str\u0105czkowych czy mi\u0119snych. Mo\u017ce stanowi\u0107 r\u00f3wnie\u017c zag\u0119szczaj\u0105cy dodatek do wszelkiego rodzaju farszy lub pasztet\u00f3w, a tak\u017ce posypk\u0119, aby pieczony pasztet na wierzchu [&hellip;]<\/p>","protected":false},"featured_media":3616,"comment_status":"closed","ping_status":"open","template":"","meta":{"_acf_changed":false},"product_brand":[],"product_cat":[537,64],"product_tag":[],"class_list":{"0":"post-3615","1":"product","2":"type-product","3":"status-publish","4":"has-post-thumbnail","6":"product_cat-bulka-tarta-panierki","7":"product_cat-pieczywo","8":"pa_ean-matka-3094","9":"pa_gwarancja-przydatnosci-535","10":"pa_ilosc-w-opakowaniu-298","11":"pa_jednostka-podstawowa-szt","12":"pa_kod-cn-1905-40-10","13":"pa_kraj-pochodzenia-skladnikow-polska","14":"pa_masa-netto-480","15":"pa_objetosc-brutto-3093","16":"pa_producent-bio-raj-100-z-polski","17":"pa_producent-nazwa-adres-bio-planet-s-a-wilkowa-wies-7-05-084-leszno","18":"pa_tagi-bez-cukru-w-skladnikach","19":"pa_tagi-certyfikat-bio","20":"pa_tagi-weganski","21":"pa_tagi-wegetarianski","23":"first","24":"instock","25":"taxable","26":"shipping-taxable","27":"purchasable","28":"product-type-simple"},"acf":[],"_links":{"self":[{"href":"https:\/\/wiejskieprzysmaki.estima.site\/en\/wp-json\/wp\/v2\/product\/3615","targetHints":{"allow":["GET"]}}],"collection":[{"href":"https:\/\/wiejskieprzysmaki.estima.site\/en\/wp-json\/wp\/v2\/product"}],"about":[{"href":"https:\/\/wiejskieprzysmaki.estima.site\/en\/wp-json\/wp\/v2\/types\/product"}],"replies":[{"embeddable":true,"href":"https:\/\/wiejskieprzysmaki.estima.site\/en\/wp-json\/wp\/v2\/comments?post=3615"}],"wp:featuredmedia":[{"embeddable":true,"href":"https:\/\/wiejskieprzysmaki.estima.site\/en\/wp-json\/wp\/v2\/media\/3616"}],"wp:attachment":[{"href":"https:\/\/wiejskieprzysmaki.estima.site\/en\/wp-json\/wp\/v2\/media?parent=3615"}],"wp:term":[{"taxonomy":"product_brand","embeddable":true,"href":"https:\/\/wiejskieprzysmaki.estima.site\/en\/wp-json\/wp\/v2\/product_brand?post=3615"},{"taxonomy":"product_cat","embeddable":true,"href":"https:\/\/wiejskieprzysmaki.estima.site\/en\/wp-json\/wp\/v2\/product_cat?post=3615"},{"taxonomy":"product_tag","embeddable":true,"href":"https:\/\/wiejskieprzysmaki.estima.site\/en\/wp-json\/wp\/v2\/product_tag?post=3615"}],"curies":[{"name":"wp","href":"https:\/\/api.w.org\/{rel}","templated":true}]}}