{"id":3666,"date":"2025-02-18T10:52:36","date_gmt":"2025-02-18T09:52:36","guid":{"rendered":"https:\/\/wiejskieprzysmaki.estima.site\/produkt\/pianki-owocowe-bezglutenowe-bio-100-g-biominki\/"},"modified":"2025-02-18T10:52:49","modified_gmt":"2025-02-18T09:52:49","slug":"pianki-owocowe-bezglutenowe-bio-100-g-biominki","status":"publish","type":"product","link":"https:\/\/wiejskieprzysmaki.estima.site\/en\/product\/pianki-owocowe-bezglutenowe-bio-100-g-biominki\/","title":{"rendered":"PIANKI OWOCOWE BEZGLUTENOWE BIO 100 g &#8211; BIOMINKI"},"content":{"rendered":"<p>SK\u0141ADNIKI<br \/>syrop glukozowy*, cukier*, \u017celatyna wieprzowa*, dekstroza*, skrobia kukurydziana*, owocowe i ro\u015blinne wyci\u0105gi barwi\u0105ce (z kurkumy*, czarnego bzu*, spiruliny*, krokosza barwierskiego*), naturalne aromaty (waniliowy, cytrynowy, malinowy, jab\u0142kowy), koncentraty sok\u00f3w owocowych (cytrynowy* 0,03 %, malinowy* 0,03 %, jab\u0142kowy* 0,03 %), kwas: kwas mlekowy (*certyfikowany sk\u0142adnik ekologiczny).\t<\/p>\n<p>OPIS<br \/>Ekologiczne pianki owocowe stanowi\u0105 wy\u015bmienit\u0105 przek\u0105sk\u0119 dla dzieci w szkole, w domu i na spacerze!<\/p>\n<p>WARTO\u015a\u0106 OD\u017bYWCZA W 100 g<br \/>Warto\u015b\u0107 energetyczna 1415 kJ\/333 kcal<br \/>T\u0142uszcz 0 g<br \/>w tym kwasy t\u0142uszczowe nasycone 0 g<br \/>W\u0119glowodany 80 g<br \/>w tym cukry 68 g<br \/>Bia\u0142ko 3,0 g<br \/>S\u00f3l 0,02 g<\/p>\n<p>ZALECANE WARUNKI PRZECHOWYWANIA<br \/>Przechowywa\u0107 w suchym i ch\u0142odnym miejscu.<\/p>","protected":false},"excerpt":{"rendered":"<p>SK\u0141ADNIKIsyrop glukozowy*, cukier*, \u017celatyna wieprzowa*, dekstroza*, skrobia kukurydziana*, owocowe i ro\u015blinne wyci\u0105gi barwi\u0105ce (z kurkumy*, czarnego bzu*, spiruliny*, krokosza barwierskiego*), naturalne aromaty (waniliowy, cytrynowy, malinowy, jab\u0142kowy), koncentraty sok\u00f3w owocowych (cytrynowy* 0,03 %, malinowy* 0,03 %, jab\u0142kowy* 0,03 %), kwas: kwas mlekowy (*certyfikowany sk\u0142adnik ekologiczny). OPISEkologiczne pianki owocowe stanowi\u0105 wy\u015bmienit\u0105 przek\u0105sk\u0119 dla dzieci w szkole, w [&hellip;]<\/p>","protected":false},"featured_media":3667,"comment_status":"closed","ping_status":"open","template":"","meta":{"_acf_changed":false},"product_brand":[],"product_cat":[1500,139],"product_tag":[],"class_list":{"0":"post-3666","1":"product","2":"type-product","3":"status-publish","4":"has-post-thumbnail","6":"product_cat-galaretki-zelki-slodycze-i-przekaski","7":"product_cat-slodycze-i-przekaski","8":"pa_ean-matka-3129","9":"pa_gwarancja-przydatnosci-320","10":"pa_ilosc-w-opakowaniu-298","11":"pa_jednostka-podstawowa-szt","12":"pa_kod-cn-1704-90-65","13":"pa_kraj-pochodzenia-skladnikow-rolnictwo-ue-spoza-ue","14":"pa_masa-netto-242","15":"pa_objetosc-brutto-855","16":"pa_producent-biominki-przekaski-dla-dzieci-kaszki","17":"pa_producent-nazwa-adres-bio-planet-s-a-wilkowa-wies-7-05-084-leszno","18":"pa_tagi-bez-glutenu-deklaracja","19":"pa_tagi-bez-glutenu-w-skladnikach","20":"pa_tagi-certyfikat-bio","21":"pa_tagi-wegetarianski","23":"first","24":"instock","25":"taxable","26":"shipping-taxable","27":"purchasable","28":"product-type-simple"},"acf":[],"_links":{"self":[{"href":"https:\/\/wiejskieprzysmaki.estima.site\/en\/wp-json\/wp\/v2\/product\/3666","targetHints":{"allow":["GET"]}}],"collection":[{"href":"https:\/\/wiejskieprzysmaki.estima.site\/en\/wp-json\/wp\/v2\/product"}],"about":[{"href":"https:\/\/wiejskieprzysmaki.estima.site\/en\/wp-json\/wp\/v2\/types\/product"}],"replies":[{"embeddable":true,"href":"https:\/\/wiejskieprzysmaki.estima.site\/en\/wp-json\/wp\/v2\/comments?post=3666"}],"wp:featuredmedia":[{"embeddable":true,"href":"https:\/\/wiejskieprzysmaki.estima.site\/en\/wp-json\/wp\/v2\/media\/3667"}],"wp:attachment":[{"href":"https:\/\/wiejskieprzysmaki.estima.site\/en\/wp-json\/wp\/v2\/media?parent=3666"}],"wp:term":[{"taxonomy":"product_brand","embeddable":true,"href":"https:\/\/wiejskieprzysmaki.estima.site\/en\/wp-json\/wp\/v2\/product_brand?post=3666"},{"taxonomy":"product_cat","embeddable":true,"href":"https:\/\/wiejskieprzysmaki.estima.site\/en\/wp-json\/wp\/v2\/product_cat?post=3666"},{"taxonomy":"product_tag","embeddable":true,"href":"https:\/\/wiejskieprzysmaki.estima.site\/en\/wp-json\/wp\/v2\/product_tag?post=3666"}],"curies":[{"name":"wp","href":"https:\/\/api.w.org\/{rel}","templated":true}]}}