{"id":3690,"date":"2025-02-18T10:52:55","date_gmt":"2025-02-18T09:52:55","guid":{"rendered":"https:\/\/wiejskieprzysmaki.estima.site\/produkt\/zywokost-korzen-eco-100-g-dary-natury\/"},"modified":"2025-02-20T15:14:04","modified_gmt":"2025-02-20T14:14:04","slug":"zywokost-korzen-eco-100-g-dary-natury","status":"publish","type":"product","link":"https:\/\/wiejskieprzysmaki.estima.site\/en\/product\/zywokost-korzen-eco-100-g-dary-natury\/","title":{"rendered":"\u017bYWOKOST KORZE\u0143 ECO 100 g &#8211; DARY NATURY"},"content":{"rendered":"<p>SK\u0141ADNIKI<br \/>korze\u0144 \u017cywokostu* 100 %. (*certyfikowany sk\u0142adnik ekologiczny)<\/p>\n<p>OPIS<br \/>\u017bywokost znany i stosowany by\u0142 ju\u017c w staro\u017cytno\u015bci. <br \/>Obecnie jest sk\u0142adnikiem wielu olejk\u00f3w, ma\u015bci i krem\u00f3w, polecanych do stosowania zewn\u0119trznego w schorzeniach kostnych i stawowych oraz st\u0142uczeniach i b\u00f3lach mi\u0119\u015bniowych. <\/p>\n<p>SPOS\u00d3B PRZYGOTOWANIA  <br \/>Do u\u017cytku zewn\u0119trznego!<br \/>Jedn\u0105 \u0142y\u017ck\u0119 sto\u0142ow\u0105 korzenia \u017cywokostu zala\u0107 p\u00f3\u0142 litrem wody, gotowa\u0107 ok. 2-3 minuty i odstawi\u0107.  <br \/>Po przestygni\u0119ciu mo\u017cna stosowa\u0107 jako ok\u0142ady.<\/p>\n<p>ZALECANE WARUNKI PRZECHOWYWANIA<br \/>Przechowywa\u0107 w suchym miejscu.<\/p>","protected":false},"excerpt":{"rendered":"<p>SK\u0141ADNIKIkorze\u0144 \u017cywokostu* 100 %. (*certyfikowany sk\u0142adnik ekologiczny) OPIS\u017bywokost znany i stosowany by\u0142 ju\u017c w staro\u017cytno\u015bci. Obecnie jest sk\u0142adnikiem wielu olejk\u00f3w, ma\u015bci i krem\u00f3w, polecanych do stosowania zewn\u0119trznego w schorzeniach kostnych i stawowych oraz st\u0142uczeniach i b\u00f3lach mi\u0119\u015bniowych. SPOS\u00d3B PRZYGOTOWANIA Do u\u017cytku zewn\u0119trznego!Jedn\u0105 \u0142y\u017ck\u0119 sto\u0142ow\u0105 korzenia \u017cywokostu zala\u0107 p\u00f3\u0142 litrem wody, gotowa\u0107 ok. 2-3 minuty i [&hellip;]<\/p>","protected":false},"featured_media":3691,"comment_status":"closed","ping_status":"open","template":"","meta":{"_acf_changed":false},"product_brand":[],"product_cat":[3146,9057],"product_tag":[],"class_list":{"0":"post-3690","1":"product","2":"type-product","3":"status-publish","4":"has-post-thumbnail","6":"product_cat-inne","7":"product_cat-suplementy-diety","8":"pa_ean-matka-3145","9":"pa_gwarancja-przydatnosci-320","10":"pa_ilosc-w-opakowaniu-327","11":"pa_jednostka-podstawowa-szt","12":"pa_kod-cn-1211-90-86","13":"pa_masa-netto-242","14":"pa_objetosc-brutto-338","15":"pa_producent-dary-natury-non-food","16":"pa_producent-nazwa-adres-miroslaw-angielczyk-dary-natury-koryciny-73-17-315-grodzisk","17":"pa_tagi-bez-cukru-w-skladnikach","18":"pa_tagi-bez-glutenu-w-skladnikach","19":"pa_tagi-certyfikat-bio","20":"pa_tagi-weganski","21":"pa_tagi-wegetarianski","23":"first","24":"instock","25":"taxable","26":"shipping-taxable","27":"purchasable","28":"product-type-simple"},"acf":[],"_links":{"self":[{"href":"https:\/\/wiejskieprzysmaki.estima.site\/en\/wp-json\/wp\/v2\/product\/3690","targetHints":{"allow":["GET"]}}],"collection":[{"href":"https:\/\/wiejskieprzysmaki.estima.site\/en\/wp-json\/wp\/v2\/product"}],"about":[{"href":"https:\/\/wiejskieprzysmaki.estima.site\/en\/wp-json\/wp\/v2\/types\/product"}],"replies":[{"embeddable":true,"href":"https:\/\/wiejskieprzysmaki.estima.site\/en\/wp-json\/wp\/v2\/comments?post=3690"}],"wp:featuredmedia":[{"embeddable":true,"href":"https:\/\/wiejskieprzysmaki.estima.site\/en\/wp-json\/wp\/v2\/media\/3691"}],"wp:attachment":[{"href":"https:\/\/wiejskieprzysmaki.estima.site\/en\/wp-json\/wp\/v2\/media?parent=3690"}],"wp:term":[{"taxonomy":"product_brand","embeddable":true,"href":"https:\/\/wiejskieprzysmaki.estima.site\/en\/wp-json\/wp\/v2\/product_brand?post=3690"},{"taxonomy":"product_cat","embeddable":true,"href":"https:\/\/wiejskieprzysmaki.estima.site\/en\/wp-json\/wp\/v2\/product_cat?post=3690"},{"taxonomy":"product_tag","embeddable":true,"href":"https:\/\/wiejskieprzysmaki.estima.site\/en\/wp-json\/wp\/v2\/product_tag?post=3690"}],"curies":[{"name":"wp","href":"https:\/\/api.w.org\/{rel}","templated":true}]}}