{"id":3722,"date":"2025-02-18T10:53:17","date_gmt":"2025-02-18T09:53:17","guid":{"rendered":"https:\/\/wiejskieprzysmaki.estima.site\/produkt\/czekoladki-gorzkie-male-bio-5-g-vivani\/"},"modified":"2025-02-18T10:53:19","modified_gmt":"2025-02-18T09:53:19","slug":"czekoladki-gorzkie-male-bio-5-g-vivani","status":"publish","type":"product","link":"https:\/\/wiejskieprzysmaki.estima.site\/en\/product\/czekoladki-gorzkie-male-bio-5-g-vivani\/","title":{"rendered":"CZEKOLADKI GORZKIE MA\u0141E BIO 5 g &#8211; VIVANI"},"content":{"rendered":"<p>SK\u0141ADNIKI<br \/>miazga kakaowa*, surowy cukier trzcinowy*, t\u0142uszcz kakaowy*, ziarna kakaowca*. (*certyfikowany sk\u0142adnik ekologiczny).<br \/>Masa kakaowa min. 71 %.<\/p>\n<p>WARTO\u015a\u0106 OD\u017bYWCZA W 100 g<br \/>Warto\u015b\u0107 energetyczna: 2425 kJ\/585 kcal  <br \/>T\u0142uszcz: 44,9 g  <br \/>w tym kwasy t\u0142uszczowe nasycone: 28,3 g  <br \/>W\u0119glowodany: 32,5 g  <br \/>w tym cukry: 27 g  <br \/>Bia\u0142ko: 7 g <br \/>S\u00f3l: 0,02 g<\/p>\n<p>INFORMACJA ALERGENNA<br \/>mo\u017ce zawiera\u0107 MLEKO (\u0142\u0105cznie z LAKTOZ\u0104), zbo\u017ca zwieraj\u0105ce GLUTEN, ORZESZKI ZIEMNE i inne ORZECHY<\/p>\n<p>ZALECANE WARUNKI PRZECHOWYWANIA  <br \/>Przechowywa\u0107 w temperaturze od +15\u00b0C do +18\u00b0C  <\/p>","protected":false},"excerpt":{"rendered":"<p>SK\u0141ADNIKImiazga kakaowa*, surowy cukier trzcinowy*, t\u0142uszcz kakaowy*, ziarna kakaowca*. (*certyfikowany sk\u0142adnik ekologiczny).Masa kakaowa min. 71 %. WARTO\u015a\u0106 OD\u017bYWCZA W 100 gWarto\u015b\u0107 energetyczna: 2425 kJ\/585 kcal T\u0142uszcz: 44,9 g w tym kwasy t\u0142uszczowe nasycone: 28,3 g W\u0119glowodany: 32,5 g w tym cukry: 27 g Bia\u0142ko: 7 g S\u00f3l: 0,02 g INFORMACJA ALERGENNAmo\u017ce zawiera\u0107 MLEKO (\u0142\u0105cznie z [&hellip;]<\/p>","protected":false},"featured_media":3723,"comment_status":"closed","ping_status":"open","template":"","meta":{"_acf_changed":false},"product_brand":[],"product_cat":[1187,139],"product_tag":[],"class_list":{"0":"post-3722","1":"product","2":"type-product","3":"status-publish","4":"has-post-thumbnail","6":"product_cat-czekolady-i-czekoladki","7":"product_cat-slodycze-i-przekaski","8":"pa_ean-matka-3166","9":"pa_gwarancja-przydatnosci-311","10":"pa_ilosc-w-opakowaniu-1382","11":"pa_jednostka-podstawowa-szt","12":"pa_kod-cn-1806-32-90","13":"pa_kraj-pochodzenia-skladnikow-turcja","14":"pa_masa-netto-714","15":"pa_objetosc-brutto-3165","16":"pa_producent-vivani-czekolady-batony-kakao-instant","17":"pa_producent-nazwa-adres-ecofinia-gmbh-diebrocker-17-32051-herford","18":"pa_tagi-bez-glutenu-w-skladnikach","19":"pa_tagi-certyfikat-bio","20":"pa_tagi-weganski","21":"pa_tagi-wegetarianski","23":"first","24":"instock","25":"taxable","26":"shipping-taxable","27":"purchasable","28":"product-type-simple"},"acf":[],"_links":{"self":[{"href":"https:\/\/wiejskieprzysmaki.estima.site\/en\/wp-json\/wp\/v2\/product\/3722","targetHints":{"allow":["GET"]}}],"collection":[{"href":"https:\/\/wiejskieprzysmaki.estima.site\/en\/wp-json\/wp\/v2\/product"}],"about":[{"href":"https:\/\/wiejskieprzysmaki.estima.site\/en\/wp-json\/wp\/v2\/types\/product"}],"replies":[{"embeddable":true,"href":"https:\/\/wiejskieprzysmaki.estima.site\/en\/wp-json\/wp\/v2\/comments?post=3722"}],"wp:featuredmedia":[{"embeddable":true,"href":"https:\/\/wiejskieprzysmaki.estima.site\/en\/wp-json\/wp\/v2\/media\/3723"}],"wp:attachment":[{"href":"https:\/\/wiejskieprzysmaki.estima.site\/en\/wp-json\/wp\/v2\/media?parent=3722"}],"wp:term":[{"taxonomy":"product_brand","embeddable":true,"href":"https:\/\/wiejskieprzysmaki.estima.site\/en\/wp-json\/wp\/v2\/product_brand?post=3722"},{"taxonomy":"product_cat","embeddable":true,"href":"https:\/\/wiejskieprzysmaki.estima.site\/en\/wp-json\/wp\/v2\/product_cat?post=3722"},{"taxonomy":"product_tag","embeddable":true,"href":"https:\/\/wiejskieprzysmaki.estima.site\/en\/wp-json\/wp\/v2\/product_tag?post=3722"}],"curies":[{"name":"wp","href":"https:\/\/api.w.org\/{rel}","templated":true}]}}