{"id":3730,"date":"2025-02-18T10:53:17","date_gmt":"2025-02-18T09:53:17","guid":{"rendered":"https:\/\/wiejskieprzysmaki.estima.site\/produkt\/czosnek-granulowany-bio-70-g-lebensbaum\/"},"modified":"2025-02-18T10:53:25","modified_gmt":"2025-02-18T09:53:25","slug":"czosnek-granulowany-bio-70-g-lebensbaum","status":"publish","type":"product","link":"https:\/\/wiejskieprzysmaki.estima.site\/en\/product\/czosnek-granulowany-bio-70-g-lebensbaum\/","title":{"rendered":"CZOSNEK GRANULOWANY BIO 70 g &#8211; LEBENSBAUM"},"content":{"rendered":"<p>SK\u0141ADNIKI<br \/>czosnek granulowany* 100% (*certyfikowany sk\u0142adnik ekologiczny)<\/p>\n<p>INFORMACJA ALERGENNA<br \/>Mo\u017ce zawiera\u0107 GORCZYC\u0118 i SELER<\/p>\n<p>ZALECANE WARUNKI PRZECHOWYWANIA<br \/>Przechowywa\u0107 w suchym i ch\u0142odnym miejscu.<\/p>","protected":false},"excerpt":{"rendered":"<p>SK\u0141ADNIKIczosnek granulowany* 100% (*certyfikowany sk\u0142adnik ekologiczny) INFORMACJA ALERGENNAMo\u017ce zawiera\u0107 GORCZYC\u0118 i SELER ZALECANE WARUNKI PRZECHOWYWANIAPrzechowywa\u0107 w suchym i ch\u0142odnym miejscu.<\/p>","protected":false},"featured_media":3731,"comment_status":"closed","ping_status":"open","template":"","meta":{"_acf_changed":false},"product_brand":[],"product_cat":[238,229],"product_tag":[],"class_list":{"0":"post-3730","1":"product","2":"type-product","3":"status-publish","4":"has-post-thumbnail","6":"product_cat-jednorodne","7":"product_cat-przyprawy-i-ziola","8":"pa_ean-matka-3170","9":"pa_gwarancja-przydatnosci-301","10":"pa_ilosc-w-opakowaniu-298","11":"pa_jednostka-podstawowa-szt","12":"pa_kod-cn-0712-90-90","13":"pa_kraj-pochodzenia-skladnikow-egipt","14":"pa_masa-netto-695","15":"pa_objetosc-brutto-1032","16":"pa_producent-lebensbaum-przyprawy-herbaty-kawy","17":"pa_producent-nazwa-adres-ulrich-walter-gmbh-dr-jurgen-ulderup-strase-12-49356-diepholz","18":"pa_tagi-bez-cukru-w-skladnikach","19":"pa_tagi-bez-glutenu-w-skladnikach","20":"pa_tagi-certyfikat-bio","21":"pa_tagi-weganski","22":"pa_tagi-wegetarianski","24":"first","25":"instock","26":"taxable","27":"shipping-taxable","28":"purchasable","29":"product-type-simple"},"acf":[],"_links":{"self":[{"href":"https:\/\/wiejskieprzysmaki.estima.site\/en\/wp-json\/wp\/v2\/product\/3730","targetHints":{"allow":["GET"]}}],"collection":[{"href":"https:\/\/wiejskieprzysmaki.estima.site\/en\/wp-json\/wp\/v2\/product"}],"about":[{"href":"https:\/\/wiejskieprzysmaki.estima.site\/en\/wp-json\/wp\/v2\/types\/product"}],"replies":[{"embeddable":true,"href":"https:\/\/wiejskieprzysmaki.estima.site\/en\/wp-json\/wp\/v2\/comments?post=3730"}],"wp:featuredmedia":[{"embeddable":true,"href":"https:\/\/wiejskieprzysmaki.estima.site\/en\/wp-json\/wp\/v2\/media\/3731"}],"wp:attachment":[{"href":"https:\/\/wiejskieprzysmaki.estima.site\/en\/wp-json\/wp\/v2\/media?parent=3730"}],"wp:term":[{"taxonomy":"product_brand","embeddable":true,"href":"https:\/\/wiejskieprzysmaki.estima.site\/en\/wp-json\/wp\/v2\/product_brand?post=3730"},{"taxonomy":"product_cat","embeddable":true,"href":"https:\/\/wiejskieprzysmaki.estima.site\/en\/wp-json\/wp\/v2\/product_cat?post=3730"},{"taxonomy":"product_tag","embeddable":true,"href":"https:\/\/wiejskieprzysmaki.estima.site\/en\/wp-json\/wp\/v2\/product_tag?post=3730"}],"curies":[{"name":"wp","href":"https:\/\/api.w.org\/{rel}","templated":true}]}}