{"id":3744,"date":"2025-02-18T10:53:17","date_gmt":"2025-02-18T09:53:17","guid":{"rendered":"https:\/\/wiejskieprzysmaki.estima.site\/produkt\/wafle-wielozbozowe-bio-60-g-biominki\/"},"modified":"2025-02-18T10:53:42","modified_gmt":"2025-02-18T09:53:42","slug":"wafle-wielozbozowe-bio-60-g-biominki","status":"publish","type":"product","link":"https:\/\/wiejskieprzysmaki.estima.site\/en\/product\/wafle-wielozbozowe-bio-60-g-biominki\/","title":{"rendered":"WAFLE WIELOZBO\u017bOWE BIO 60 g &#8211; BIOMINKI"},"content":{"rendered":"<p>SK\u0141ADNIKI<br \/>kaszka kukurydziana* 40 %, kasza gryczana* 30 %, kasza jaglana* 14 %, amarantus* 10 %, quinoa* 4,5 %, s\u00f3l morska, olej rzepakowy* (*certyfikowany sk\u0142adnik ekologiczny)<\/p>\n<p>UWAGI<br \/>Wafle wielozbo\u017cowe bez dodatku cukr\u00f3w. Zawieraj\u0105 naturalnie wyst\u0119puj\u0105ce cukry.<\/p>\n<p>WARTO\u015a\u0106 OD\u017bYWCZA W 100 g<br \/>Warto\u015b\u0107 energetyczna &#8211; 1518 kJ \/ 359 kcal<br \/>T\u0142uszcz &#8211; 3,6 g<br \/>w tym kwasy t\u0142uszczowe nasycone &#8211; 0,9 g<br \/>W\u0119glowodany &#8211; 70 g<br \/>w tym cukry &#8211; 1,0 g<br \/>B\u0142onnik &#8211; 3,3 g<br \/>Bia\u0142ko &#8211; 10 g<br \/>S\u00f3l &#8211; 0,8 g<\/p>\n<p>INFORMACJA ALERGENNA<br \/>Produkt mo\u017ce zawiera\u0107 ZBO\u017bA ZAWIERAJ\u0104CE GLUTEN.<\/p>\n<p>ZALECANE WARUNKI PRZECHOWYWANIA<br \/>Przechowywa\u0107 w suchym i ch\u0142odnym miejscu.<\/p>","protected":false},"excerpt":{"rendered":"<p>SK\u0141ADNIKIkaszka kukurydziana* 40 %, kasza gryczana* 30 %, kasza jaglana* 14 %, amarantus* 10 %, quinoa* 4,5 %, s\u00f3l morska, olej rzepakowy* (*certyfikowany sk\u0142adnik ekologiczny) UWAGIWafle wielozbo\u017cowe bez dodatku cukr\u00f3w. Zawieraj\u0105 naturalnie wyst\u0119puj\u0105ce cukry. WARTO\u015a\u0106 OD\u017bYWCZA W 100 gWarto\u015b\u0107 energetyczna &#8211; 1518 kJ \/ 359 kcalT\u0142uszcz &#8211; 3,6 gw tym kwasy t\u0142uszczowe nasycone &#8211; 0,9 [&hellip;]<\/p>","protected":false},"featured_media":3745,"comment_status":"closed","ping_status":"open","template":"","meta":{"_acf_changed":false},"product_brand":[],"product_cat":[64,1079],"product_tag":[],"class_list":{"0":"post-3744","1":"product","2":"type-product","3":"status-publish","4":"has-post-thumbnail","6":"product_cat-pieczywo","7":"product_cat-pieczywo-chrupkie","8":"pa_ean-matka-3183","9":"pa_gwarancja-przydatnosci-324","10":"pa_ilosc-w-opakowaniu-374","11":"pa_jednostka-podstawowa-szt","12":"pa_kod-cn-1904-10-90","13":"pa_kraj-pochodzenia-skladnikow-rolnictwo-ue-spoza-ue","14":"pa_masa-netto-284","15":"pa_objetosc-brutto-1777","16":"pa_producent-biominki-przekaski-dla-dzieci-kaszki","17":"pa_producent-nazwa-adres-bio-planet-s-a-wilkowa-wies-7-05-084-leszno","18":"pa_tagi-bez-cukru-w-skladnikach","19":"pa_tagi-bez-glutenu-w-skladnikach","20":"pa_tagi-certyfikat-bio","21":"pa_tagi-weganski","22":"pa_tagi-wegetarianski","24":"first","25":"instock","26":"taxable","27":"shipping-taxable","28":"purchasable","29":"product-type-simple"},"acf":[],"_links":{"self":[{"href":"https:\/\/wiejskieprzysmaki.estima.site\/en\/wp-json\/wp\/v2\/product\/3744","targetHints":{"allow":["GET"]}}],"collection":[{"href":"https:\/\/wiejskieprzysmaki.estima.site\/en\/wp-json\/wp\/v2\/product"}],"about":[{"href":"https:\/\/wiejskieprzysmaki.estima.site\/en\/wp-json\/wp\/v2\/types\/product"}],"replies":[{"embeddable":true,"href":"https:\/\/wiejskieprzysmaki.estima.site\/en\/wp-json\/wp\/v2\/comments?post=3744"}],"wp:featuredmedia":[{"embeddable":true,"href":"https:\/\/wiejskieprzysmaki.estima.site\/en\/wp-json\/wp\/v2\/media\/3745"}],"wp:attachment":[{"href":"https:\/\/wiejskieprzysmaki.estima.site\/en\/wp-json\/wp\/v2\/media?parent=3744"}],"wp:term":[{"taxonomy":"product_brand","embeddable":true,"href":"https:\/\/wiejskieprzysmaki.estima.site\/en\/wp-json\/wp\/v2\/product_brand?post=3744"},{"taxonomy":"product_cat","embeddable":true,"href":"https:\/\/wiejskieprzysmaki.estima.site\/en\/wp-json\/wp\/v2\/product_cat?post=3744"},{"taxonomy":"product_tag","embeddable":true,"href":"https:\/\/wiejskieprzysmaki.estima.site\/en\/wp-json\/wp\/v2\/product_tag?post=3744"}],"curies":[{"name":"wp","href":"https:\/\/api.w.org\/{rel}","templated":true}]}}