{"id":3750,"date":"2025-02-18T10:53:17","date_gmt":"2025-02-18T09:53:17","guid":{"rendered":"https:\/\/wiejskieprzysmaki.estima.site\/produkt\/cukierki-z-nadzieniem-o-smaku-owocow-lesnych-bio-90-g-alpenbauer\/"},"modified":"2025-02-18T10:53:45","modified_gmt":"2025-02-18T09:53:45","slug":"cukierki-z-nadzieniem-o-smaku-owocow-lesnych-bio-90-g-alpenbauer","status":"publish","type":"product","link":"https:\/\/wiejskieprzysmaki.estima.site\/en\/product\/cukierki-z-nadzieniem-o-smaku-owocow-lesnych-bio-90-g-alpenbauer\/","title":{"rendered":"CUKIERKI Z NADZIENIEM O SMAKU OWOC\u00d3W LE\u015aNYCH BIO 90 g &#8211; ALPENBAUER"},"content":{"rendered":"<p>SK\u0141ADNIKI<br \/>syrop glukozowy*, cukier*, kwas (kwas cytrynowy), koncentraty sok\u00f3w owocowych* (0,7 %) (aronia*, wi\u015bnia*, malina*, czarny bez*, czarna porzeczka*, truskawka*), naturalny aromat porzeczkowy, naturalny aromat malinowy, naturalny aromat wi\u015bniowy, naturalny aromat jagodowy. (*certyfikowany sk\u0142adnik ekologiczny)<\/p>\n<p>OPIS<br \/>Odkryj od\u015bwie\u017cenie prosto z natury! Nasze ekologiczne cukierki o smaku owoc\u00f3w le\u015bnych to idealne po\u0142\u0105czenie intensywnego smaku i harmonii sk\u0142adnik\u00f3w najwy\u017cszej jako\u015bci. Stworzone z certyfikowanych sk\u0142adnik\u00f3w pochodz\u0105cych z ekologicznych upraw, zachwycaj\u0105 naturalnym aromatem i delikatnym dzia\u0142aniem od\u015bwie\u017caj\u0105cym.<br \/>Cukierki idealnie sprawdz\u0105 si\u0119 w ka\u017cdej sytuacji &#8211; w pracy, podr\u00f3\u017cy czy po posi\u0142ku. <\/p>\n<p>WARTO\u015a\u0106 OD\u017bYWCZA W 100 g <br \/>Warto\u015b\u0107 energetyczna &#8211; 1618 kJ\/380 kcal <br \/>T\u0142uszcz &#8211; 0 g <br \/>w tym kwasy nasycone &#8211; 0 g <br \/>W\u0119glowodany &#8211; 94 g <br \/>w tym cukry &#8211; 76 g <br \/>Bia\u0142ko &#8211; 0 g <br \/>S\u00f3l &#8211; 0 g<\/p>\n<p>ZALECANE WARUNKI PRZECHOWYWANIA <br \/>Przechowywa\u0107 w suchym miejscu, chroni\u0107 przed ciep\u0142em i wilgoci\u0105.<\/p>","protected":false},"excerpt":{"rendered":"<p>SK\u0141ADNIKIsyrop glukozowy*, cukier*, kwas (kwas cytrynowy), koncentraty sok\u00f3w owocowych* (0,7 %) (aronia*, wi\u015bnia*, malina*, czarny bez*, czarna porzeczka*, truskawka*), naturalny aromat porzeczkowy, naturalny aromat malinowy, naturalny aromat wi\u015bniowy, naturalny aromat jagodowy. (*certyfikowany sk\u0142adnik ekologiczny) OPISOdkryj od\u015bwie\u017cenie prosto z natury! Nasze ekologiczne cukierki o smaku owoc\u00f3w le\u015bnych to idealne po\u0142\u0105czenie intensywnego smaku i harmonii sk\u0142adnik\u00f3w najwy\u017cszej [&hellip;]<\/p>","protected":false},"featured_media":3751,"comment_status":"closed","ping_status":"open","template":"","meta":{"_acf_changed":false},"product_brand":[],"product_cat":[1175,139],"product_tag":[],"class_list":{"0":"post-3750","1":"product","2":"type-product","3":"status-publish","4":"has-post-thumbnail","6":"product_cat-cukierki-lizaki","7":"product_cat-slodycze-i-przekaski","8":"pa_ean-matka-3190","9":"pa_gwarancja-przydatnosci-320","10":"pa_ilosc-w-opakowaniu-3185","11":"pa_jednostka-podstawowa-szt","12":"pa_kod-cn-1704-90-75","13":"pa_kraj-pochodzenia-skladnikow-turcja","14":"pa_masa-netto-2520","15":"pa_objetosc-brutto-3186","16":"pa_producent-alpenbauer-cukierki","17":"pa_producent-nazwa-adres-bavarian-sweets-gmbh-hauptstrabe-8b-82008-unterhaching","18":"pa_tagi-bez-glutenu-w-skladnikach","19":"pa_tagi-certyfikat-bio","20":"pa_tagi-weganski","21":"pa_tagi-wegetarianski","23":"first","24":"instock","25":"taxable","26":"shipping-taxable","27":"purchasable","28":"product-type-simple"},"acf":[],"_links":{"self":[{"href":"https:\/\/wiejskieprzysmaki.estima.site\/en\/wp-json\/wp\/v2\/product\/3750","targetHints":{"allow":["GET"]}}],"collection":[{"href":"https:\/\/wiejskieprzysmaki.estima.site\/en\/wp-json\/wp\/v2\/product"}],"about":[{"href":"https:\/\/wiejskieprzysmaki.estima.site\/en\/wp-json\/wp\/v2\/types\/product"}],"replies":[{"embeddable":true,"href":"https:\/\/wiejskieprzysmaki.estima.site\/en\/wp-json\/wp\/v2\/comments?post=3750"}],"wp:featuredmedia":[{"embeddable":true,"href":"https:\/\/wiejskieprzysmaki.estima.site\/en\/wp-json\/wp\/v2\/media\/3751"}],"wp:attachment":[{"href":"https:\/\/wiejskieprzysmaki.estima.site\/en\/wp-json\/wp\/v2\/media?parent=3750"}],"wp:term":[{"taxonomy":"product_brand","embeddable":true,"href":"https:\/\/wiejskieprzysmaki.estima.site\/en\/wp-json\/wp\/v2\/product_brand?post=3750"},{"taxonomy":"product_cat","embeddable":true,"href":"https:\/\/wiejskieprzysmaki.estima.site\/en\/wp-json\/wp\/v2\/product_cat?post=3750"},{"taxonomy":"product_tag","embeddable":true,"href":"https:\/\/wiejskieprzysmaki.estima.site\/en\/wp-json\/wp\/v2\/product_tag?post=3750"}],"curies":[{"name":"wp","href":"https:\/\/api.w.org\/{rel}","templated":true}]}}