{"id":3756,"date":"2025-02-18T10:53:17","date_gmt":"2025-02-18T09:53:17","guid":{"rendered":"https:\/\/wiejskieprzysmaki.estima.site\/produkt\/nektar-brzoskwiniowy-bio-1-l-hollinger\/"},"modified":"2025-02-18T10:53:50","modified_gmt":"2025-02-18T09:53:50","slug":"nektar-brzoskwiniowy-bio-1-l-hollinger","status":"publish","type":"product","link":"https:\/\/wiejskieprzysmaki.estima.site\/en\/product\/nektar-brzoskwiniowy-bio-1-l-hollinger\/","title":{"rendered":"NEKTAR BRZOSKWINIOWY BIO 1 L &#8211; HOLLINGER"},"content":{"rendered":"<p>SK\u0141ADNIKI<br \/>puree z brzoskwi\u0144*, woda, cukier*, regulator kwasowo\u015bci: kwas jab\u0142kowy (*certyfikowany sk\u0142adnik ekologiczny)<\/p>\n<p>OPIS<br \/>Ekologiczny nektar brzoskwiniowy, nie z koncentratu. Zawarto\u015b\u0107 soku owocowego minimum 50 %. Produkt pasteryzowany.<\/p>\n<p>WARTO\u015a\u0106 OD\u017bYWCZA W 100 ml<br \/>Warto\u015b\u0107 energetyczna: 221 kJ\/52 kcal<br \/>T\u0142uszcz: <0,5 g<br \/>w tym kwasy nasycone: <0,1 g<br \/>W\u0119glowodany: 12 g<br \/>w tym cukry: 12 g <br \/>Bia\u0142ko: 0,5 g<br \/>S\u00f3l: <0,01 g\n\nZALECANE WARUNKI PRZECHOWYWANIA<br \/>Przechowywa\u0107 w suchym i ch\u0142odnym miejscu. Po otwarciu przechowywa\u0107 w lod\u00f3wce i spo\u017cy\u0107 w ci\u0105gu 3 dni.<\/p>","protected":false},"excerpt":{"rendered":"<p>SK\u0141ADNIKIpuree z brzoskwi\u0144*, woda, cukier*, regulator kwasowo\u015bci: kwas jab\u0142kowy (*certyfikowany sk\u0142adnik ekologiczny) OPISEkologiczny nektar brzoskwiniowy, nie z koncentratu. Zawarto\u015b\u0107 soku owocowego minimum 50 %. Produkt pasteryzowany. WARTO\u015a\u0106 OD\u017bYWCZA W 100 mlWarto\u015b\u0107 energetyczna: 221 kJ\/52 kcalT\u0142uszcz:<\/p>","protected":false},"featured_media":3757,"comment_status":"closed","ping_status":"open","template":"","meta":{"_acf_changed":false},"product_brand":[],"product_cat":[384,134],"product_tag":[],"class_list":{"0":"post-3756","1":"product","2":"type-product","3":"status-publish","4":"has-post-thumbnail","6":"product_cat-inne-napoje","7":"product_cat-napoje","8":"pa_ean-matka-3195","9":"pa_gwarancja-przydatnosci-522","10":"pa_ilosc-w-opakowaniu-374","11":"pa_jednostka-podstawowa-szt","12":"pa_kod-cn-2202-99-19","13":"pa_objetosc-brutto-3194","14":"pa_objetosc-netto-858","15":"pa_producent-hollinger-soki-nektary-napoje-syropy","16":"pa_producent-nazwa-adres-ims-hollinger-gmbh-johann-winter-gasse-29-3021-pressbaum","17":"pa_tagi-bez-glutenu-w-skladnikach","18":"pa_tagi-certyfikat-bio","19":"pa_tagi-weganski","20":"pa_tagi-wegetarianski","22":"first","23":"instock","24":"taxable","25":"shipping-taxable","26":"purchasable","27":"product-type-simple"},"acf":[],"_links":{"self":[{"href":"https:\/\/wiejskieprzysmaki.estima.site\/en\/wp-json\/wp\/v2\/product\/3756","targetHints":{"allow":["GET"]}}],"collection":[{"href":"https:\/\/wiejskieprzysmaki.estima.site\/en\/wp-json\/wp\/v2\/product"}],"about":[{"href":"https:\/\/wiejskieprzysmaki.estima.site\/en\/wp-json\/wp\/v2\/types\/product"}],"replies":[{"embeddable":true,"href":"https:\/\/wiejskieprzysmaki.estima.site\/en\/wp-json\/wp\/v2\/comments?post=3756"}],"wp:featuredmedia":[{"embeddable":true,"href":"https:\/\/wiejskieprzysmaki.estima.site\/en\/wp-json\/wp\/v2\/media\/3757"}],"wp:attachment":[{"href":"https:\/\/wiejskieprzysmaki.estima.site\/en\/wp-json\/wp\/v2\/media?parent=3756"}],"wp:term":[{"taxonomy":"product_brand","embeddable":true,"href":"https:\/\/wiejskieprzysmaki.estima.site\/en\/wp-json\/wp\/v2\/product_brand?post=3756"},{"taxonomy":"product_cat","embeddable":true,"href":"https:\/\/wiejskieprzysmaki.estima.site\/en\/wp-json\/wp\/v2\/product_cat?post=3756"},{"taxonomy":"product_tag","embeddable":true,"href":"https:\/\/wiejskieprzysmaki.estima.site\/en\/wp-json\/wp\/v2\/product_tag?post=3756"}],"curies":[{"name":"wp","href":"https:\/\/api.w.org\/{rel}","templated":true}]}}