{"id":3758,"date":"2025-02-18T10:53:17","date_gmt":"2025-02-18T09:53:17","guid":{"rendered":"https:\/\/wiejskieprzysmaki.estima.site\/produkt\/buraczki-wiorki-bezglutenowe-bio-540-ml-kowalewski\/"},"modified":"2025-02-18T10:53:50","modified_gmt":"2025-02-18T09:53:50","slug":"buraczki-wiorki-bezglutenowe-bio-540-ml-kowalewski","status":"publish","type":"product","link":"https:\/\/wiejskieprzysmaki.estima.site\/en\/product\/buraczki-wiorki-bezglutenowe-bio-540-ml-kowalewski\/","title":{"rendered":"BURACZKI WI\u00d3RKI BEZGLUTENOWE BIO 540 ml &#8211; KOWALEWSKI"},"content":{"rendered":"<p>SK\u0141ADNIKI<br \/>buraczki \u0107wik\u0142owe* (81 %), woda, cukier trzcinowy* (5 %), ocet jab\u0142kowy* (4 %), s\u00f3l (*certyfikowany sk\u0142adnik ekologiczny)<\/p>\n<p>OPIS<br \/>Buraczki wi\u00f3rki powsta\u0142y wy\u0142\u0105cznie z ekologicznych surowc\u00f3w pochodz\u0105cych z certyfikowanych upraw, w celu zachowania najwy\u017cszej jako\u015bci.<\/p>\n<p>WARTO\u015a\u0106 OD\u017bYWCZA W 100 g<br \/>Warto\u015b\u0107 energetyczna: 228 kJ \/ 54 kcal  <br \/>T\u0142uszcz: <0,5 g  <br \/>w tym kwasy t\u0142uszczowe nasycone: <0,1 g  <br \/>W\u0119glowodany: 13 g  <br \/>w tym cukry: 10 g  <br \/>B\u0142onnik: 1,8 g  <br \/>Bia\u0142ko: 1,5 g  <br \/>S\u00f3l: 0,3 g<\/p>\n<p>ZALECANE WARUNKI PRZECHOWYWANIA <br \/>Przechowywa\u0107 w suchym, ch\u0142odnym i zacienionym miejscu. Po otwarciu przechowywa\u0107 w lod\u00f3wce i spo\u017cy\u0107 w ci\u0105gu 48 godzin<\/p>","protected":false},"excerpt":{"rendered":"<p>SK\u0141ADNIKIburaczki \u0107wik\u0142owe* (81 %), woda, cukier trzcinowy* (5 %), ocet jab\u0142kowy* (4 %), s\u00f3l (*certyfikowany sk\u0142adnik ekologiczny) OPISBuraczki wi\u00f3rki powsta\u0142y wy\u0142\u0105cznie z ekologicznych surowc\u00f3w pochodz\u0105cych z certyfikowanych upraw, w celu zachowania najwy\u017cszej jako\u015bci. WARTO\u015a\u0106 OD\u017bYWCZA W 100 gWarto\u015b\u0107 energetyczna: 228 kJ \/ 54 kcal T\u0142uszcz:<\/p>","protected":false},"featured_media":3759,"comment_status":"closed","ping_status":"open","template":"","meta":{"_acf_changed":false},"product_brand":[],"product_cat":[1061,180],"product_tag":[],"class_list":{"0":"post-3758","1":"product","2":"type-product","3":"status-publish","4":"has-post-thumbnail","6":"product_cat-marynowane-kiszone","7":"product_cat-warzywa-i-grzyby-przetworzone","8":"pa_ean-matka-3200","9":"pa_gwarancja-przydatnosci-311","10":"pa_ilosc-w-opakowaniu-298","11":"pa_jednostka-podstawowa-szt","12":"pa_kod-cn-2005-99-80","13":"pa_kraj-pochodzenia-skladnikow-polska","14":"pa_objetosc-brutto-3198","15":"pa_objetosc-netto-3197","16":"pa_producent-kowalewski-przetwory-warzywne-dania-gotowe","17":"pa_producent-nazwa-adres-kowalewski-spolka-z-ograniczona-odpowiedzialnoscia-stawiszcze-1-a-98-200-sieradz","18":"pa_tagi-bez-glutenu-deklaracja","19":"pa_tagi-bez-glutenu-w-skladnikach","20":"pa_tagi-certyfikat-bio","21":"pa_tagi-weganski","22":"pa_tagi-wegetarianski","24":"first","25":"instock","26":"taxable","27":"shipping-taxable","28":"purchasable","29":"product-type-simple"},"acf":[],"_links":{"self":[{"href":"https:\/\/wiejskieprzysmaki.estima.site\/en\/wp-json\/wp\/v2\/product\/3758","targetHints":{"allow":["GET"]}}],"collection":[{"href":"https:\/\/wiejskieprzysmaki.estima.site\/en\/wp-json\/wp\/v2\/product"}],"about":[{"href":"https:\/\/wiejskieprzysmaki.estima.site\/en\/wp-json\/wp\/v2\/types\/product"}],"replies":[{"embeddable":true,"href":"https:\/\/wiejskieprzysmaki.estima.site\/en\/wp-json\/wp\/v2\/comments?post=3758"}],"wp:featuredmedia":[{"embeddable":true,"href":"https:\/\/wiejskieprzysmaki.estima.site\/en\/wp-json\/wp\/v2\/media\/3759"}],"wp:attachment":[{"href":"https:\/\/wiejskieprzysmaki.estima.site\/en\/wp-json\/wp\/v2\/media?parent=3758"}],"wp:term":[{"taxonomy":"product_brand","embeddable":true,"href":"https:\/\/wiejskieprzysmaki.estima.site\/en\/wp-json\/wp\/v2\/product_brand?post=3758"},{"taxonomy":"product_cat","embeddable":true,"href":"https:\/\/wiejskieprzysmaki.estima.site\/en\/wp-json\/wp\/v2\/product_cat?post=3758"},{"taxonomy":"product_tag","embeddable":true,"href":"https:\/\/wiejskieprzysmaki.estima.site\/en\/wp-json\/wp\/v2\/product_tag?post=3758"}],"curies":[{"name":"wp","href":"https:\/\/api.w.org\/{rel}","templated":true}]}}