{"id":3764,"date":"2025-02-18T10:53:51","date_gmt":"2025-02-18T09:53:51","guid":{"rendered":"https:\/\/wiejskieprzysmaki.estima.site\/produkt\/barszcz-czerwony-bezglutenowy-koncentrat-bio-320-ml-kowalewski\/"},"modified":"2025-02-18T10:53:53","modified_gmt":"2025-02-18T09:53:53","slug":"barszcz-czerwony-bezglutenowy-koncentrat-bio-320-ml-kowalewski","status":"publish","type":"product","link":"https:\/\/wiejskieprzysmaki.estima.site\/en\/product\/barszcz-czerwony-bezglutenowy-koncentrat-bio-320-ml-kowalewski\/","title":{"rendered":"BARSZCZ CZERWONY BEZGLUTENOWY KONCENTRAT BIO 320 ml &#8211; KOWALEWSKI"},"content":{"rendered":"<p>SK\u0141ADNIKI<br \/>Sok z burak\u00f3w \u0107wik\u0142owych* (83 %) cukier trzcinowy* (10 %), ocet jab\u0142kowy* (4 %), s\u00f3l (*certyfikowany sk\u0142adnik ekologiczny)<\/p>\n<p>OPIS<br \/>Koncentrat sk\u0142ada si\u0119 wy\u0142\u0105cznie z certyfikowanych ekologicznych surowc\u00f3w.<br \/>Produkt pasteryzowany.<\/p>\n<p>WARTO\u015a\u0106 OD\u017bYWCZA W 100 g <br \/>Warto\u015b\u0107 energetyczna: 290 kJ\/68 kcal  <br \/>T\u0142uszcz: <0,5 g  <br \/>w tym kwasy t\u0142uszczowe nasycone: <0,1 g  <br \/>W\u0119glowodany: 16 g  <br \/>w tym cukry: 12 g  <br \/>Bia\u0142ko: 0,5 g  <br \/>S\u00f3l: 3 g<\/p>\n<p>ZALECANE WARUNKI PRZECHOWYWANIA<br \/>Przechowywa\u0107 w suchym, ch\u0142odnym i zacienionym miejscu. Po otwarciu przechowywa\u0107 w lod\u00f3wce i spo\u017cy\u0107 w ci\u0105gu 48 godzin<\/p>","protected":false},"excerpt":{"rendered":"<p>SK\u0141ADNIKISok z burak\u00f3w \u0107wik\u0142owych* (83 %) cukier trzcinowy* (10 %), ocet jab\u0142kowy* (4 %), s\u00f3l (*certyfikowany sk\u0142adnik ekologiczny) OPISKoncentrat sk\u0142ada si\u0119 wy\u0142\u0105cznie z certyfikowanych ekologicznych surowc\u00f3w.Produkt pasteryzowany. WARTO\u015a\u0106 OD\u017bYWCZA W 100 g Warto\u015b\u0107 energetyczna: 290 kJ\/68 kcal T\u0142uszcz:<\/p>","protected":false},"featured_media":3765,"comment_status":"closed","ping_status":"open","template":"","meta":{"_acf_changed":false},"product_brand":[],"product_cat":[1139],"product_tag":[],"class_list":{"0":"post-3764","1":"product","2":"type-product","3":"status-publish","4":"has-post-thumbnail","6":"product_cat-dania-gotowe","7":"pa_ean-matka-3205","8":"pa_gwarancja-przydatnosci-311","9":"pa_ilosc-w-opakowaniu-298","10":"pa_jednostka-podstawowa-szt","11":"pa_kod-cn-2104-10-00","12":"pa_kraj-pochodzenia-skladnikow-polska","13":"pa_objetosc-brutto-3203","14":"pa_objetosc-netto-3202","15":"pa_producent-kowalewski-przetwory-warzywne-dania-gotowe","16":"pa_producent-nazwa-adres-kowalewski-spolka-z-ograniczona-odpowiedzialnoscia-stawiszcze-1-a-98-200-sieradz","17":"pa_tagi-bez-glutenu-deklaracja","18":"pa_tagi-bez-glutenu-w-skladnikach","19":"pa_tagi-certyfikat-bio","20":"pa_tagi-weganski","21":"pa_tagi-wegetarianski","23":"first","24":"instock","25":"taxable","26":"shipping-taxable","27":"purchasable","28":"product-type-simple"},"acf":[],"_links":{"self":[{"href":"https:\/\/wiejskieprzysmaki.estima.site\/en\/wp-json\/wp\/v2\/product\/3764","targetHints":{"allow":["GET"]}}],"collection":[{"href":"https:\/\/wiejskieprzysmaki.estima.site\/en\/wp-json\/wp\/v2\/product"}],"about":[{"href":"https:\/\/wiejskieprzysmaki.estima.site\/en\/wp-json\/wp\/v2\/types\/product"}],"replies":[{"embeddable":true,"href":"https:\/\/wiejskieprzysmaki.estima.site\/en\/wp-json\/wp\/v2\/comments?post=3764"}],"wp:featuredmedia":[{"embeddable":true,"href":"https:\/\/wiejskieprzysmaki.estima.site\/en\/wp-json\/wp\/v2\/media\/3765"}],"wp:attachment":[{"href":"https:\/\/wiejskieprzysmaki.estima.site\/en\/wp-json\/wp\/v2\/media?parent=3764"}],"wp:term":[{"taxonomy":"product_brand","embeddable":true,"href":"https:\/\/wiejskieprzysmaki.estima.site\/en\/wp-json\/wp\/v2\/product_brand?post=3764"},{"taxonomy":"product_cat","embeddable":true,"href":"https:\/\/wiejskieprzysmaki.estima.site\/en\/wp-json\/wp\/v2\/product_cat?post=3764"},{"taxonomy":"product_tag","embeddable":true,"href":"https:\/\/wiejskieprzysmaki.estima.site\/en\/wp-json\/wp\/v2\/product_tag?post=3764"}],"curies":[{"name":"wp","href":"https:\/\/api.w.org\/{rel}","templated":true}]}}