{"id":3780,"date":"2025-02-18T10:53:51","date_gmt":"2025-02-18T09:53:51","guid":{"rendered":"https:\/\/wiejskieprzysmaki.estima.site\/produkt\/napoj-imbirowy-bio-250-ml-dary-natury\/"},"modified":"2025-02-18T10:53:58","modified_gmt":"2025-02-18T09:53:58","slug":"napoj-imbirowy-bio-250-ml-dary-natury","status":"publish","type":"product","link":"https:\/\/wiejskieprzysmaki.estima.site\/en\/product\/napoj-imbirowy-bio-250-ml-dary-natury\/","title":{"rendered":"NAP\u00d3J IMBIROWY BIO 250 ml &#8211; DARY NATURY"},"content":{"rendered":"<p>SK\u0141ADNIKI<br \/>ekstrakt wodny z mieszanki zi\u00f3\u0142* i przypraw* 50 % (imbir* 50 %, melisa*, pigwowiec*, trawa cytrynowa*, kocimi\u0119tka*, werbena cytrynowa*, owoce oraz p\u0142atki r\u00f3\u017cy*), woda, mi\u00f3d*, sok z pigwowca* (*certyfikowany sk\u0142adnik ekologiczny)<\/p>\n<p>OPIS<br \/>Produkt pasteryzowany. Osad na dnie butelki jest naturalny i nie stanowi wady. Najlepiej smakuje sch\u0142odzony.<br \/>Opakowanie zawiera 1 sugerowan\u0105 porcj\u0119 produktu.<\/p>\n<p>WARTO\u015a\u0106 OD\u017bYWCZA W 100 g<br \/>Warto\u015b\u0107 energetyczna: 69,5 kJ \/ 16,4 kcal<br \/>T\u0142uszcz: 0,1 g<br \/>w tym kwasy nasycone: 0,0 g<br \/>W\u0119glowodany: 3,7 g<br \/>w tym cukry: 2,7 g<br \/>Bia\u0142ko: 0,2 g<br \/>S\u00f3l: 0,0 g<\/p>\n<p>ZALECANE WARUNKI PRZECHOWYWANIA<br \/>Przechowywa\u0107 w suchym i ch\u0142odnym miejscu. Po otwarciu przechowywa\u0107 w lod\u00f3wce do 48 godzin.<\/p>","protected":false},"excerpt":{"rendered":"<p>SK\u0141ADNIKIekstrakt wodny z mieszanki zi\u00f3\u0142* i przypraw* 50 % (imbir* 50 %, melisa*, pigwowiec*, trawa cytrynowa*, kocimi\u0119tka*, werbena cytrynowa*, owoce oraz p\u0142atki r\u00f3\u017cy*), woda, mi\u00f3d*, sok z pigwowca* (*certyfikowany sk\u0142adnik ekologiczny) OPISProdukt pasteryzowany. Osad na dnie butelki jest naturalny i nie stanowi wady. Najlepiej smakuje sch\u0142odzony.Opakowanie zawiera 1 sugerowan\u0105 porcj\u0119 produktu. WARTO\u015a\u0106 OD\u017bYWCZA W 100 [&hellip;]<\/p>","protected":false},"featured_media":3781,"comment_status":"closed","ping_status":"open","template":"","meta":{"_acf_changed":false},"product_brand":[],"product_cat":[384,134],"product_tag":[],"class_list":{"0":"post-3780","1":"product","2":"type-product","3":"status-publish","4":"has-post-thumbnail","6":"product_cat-inne-napoje","7":"product_cat-napoje","8":"pa_ean-matka-3216","9":"pa_gwarancja-przydatnosci-320","10":"pa_ilosc-w-opakowaniu-350","11":"pa_jednostka-podstawowa-szt","12":"pa_kod-cn-2202-10-00","13":"pa_objetosc-brutto-855","14":"pa_objetosc-netto-359","15":"pa_producent-dary-natury-inne","16":"pa_producent-nazwa-adres-miroslaw-angielczyk-dary-natury-koryciny-73-17-315-grodzisk","17":"pa_tagi-bez-glutenu-w-skladnikach","18":"pa_tagi-certyfikat-bio","19":"pa_tagi-weganski","20":"pa_tagi-wegetarianski","22":"first","23":"instock","24":"taxable","25":"shipping-taxable","26":"purchasable","27":"product-type-simple"},"acf":[],"_links":{"self":[{"href":"https:\/\/wiejskieprzysmaki.estima.site\/en\/wp-json\/wp\/v2\/product\/3780","targetHints":{"allow":["GET"]}}],"collection":[{"href":"https:\/\/wiejskieprzysmaki.estima.site\/en\/wp-json\/wp\/v2\/product"}],"about":[{"href":"https:\/\/wiejskieprzysmaki.estima.site\/en\/wp-json\/wp\/v2\/types\/product"}],"replies":[{"embeddable":true,"href":"https:\/\/wiejskieprzysmaki.estima.site\/en\/wp-json\/wp\/v2\/comments?post=3780"}],"wp:featuredmedia":[{"embeddable":true,"href":"https:\/\/wiejskieprzysmaki.estima.site\/en\/wp-json\/wp\/v2\/media\/3781"}],"wp:attachment":[{"href":"https:\/\/wiejskieprzysmaki.estima.site\/en\/wp-json\/wp\/v2\/media?parent=3780"}],"wp:term":[{"taxonomy":"product_brand","embeddable":true,"href":"https:\/\/wiejskieprzysmaki.estima.site\/en\/wp-json\/wp\/v2\/product_brand?post=3780"},{"taxonomy":"product_cat","embeddable":true,"href":"https:\/\/wiejskieprzysmaki.estima.site\/en\/wp-json\/wp\/v2\/product_cat?post=3780"},{"taxonomy":"product_tag","embeddable":true,"href":"https:\/\/wiejskieprzysmaki.estima.site\/en\/wp-json\/wp\/v2\/product_tag?post=3780"}],"curies":[{"name":"wp","href":"https:\/\/api.w.org\/{rel}","templated":true}]}}