{"id":3782,"date":"2025-02-18T10:53:51","date_gmt":"2025-02-18T09:53:51","guid":{"rendered":"https:\/\/wiejskieprzysmaki.estima.site\/produkt\/sfermentowana-soja-natto-suszona-bio-120-kapsulek-natto\/"},"modified":"2025-02-18T10:53:58","modified_gmt":"2025-02-18T09:53:58","slug":"sfermentowana-soja-natto-suszona-bio-120-kapsulek-natto","status":"publish","type":"product","link":"https:\/\/wiejskieprzysmaki.estima.site\/en\/product\/sfermentowana-soja-natto-suszona-bio-120-kapsulek-natto\/","title":{"rendered":"SFERMENTOWANA SOJA (NATTO) SUSZONA BIO 120 KAPSU\u0141EK &#8211; NATTO"},"content":{"rendered":"<p>SK\u0141ADNIKI<br \/>ekologiczne suszone natto z SOI.<br \/>Zawarto\u015b\u0107 sk\u0142adnik\u00f3w w zalecanej dziennej porcji produktu: suszone natto: 2000 mg, w tym witamina K (menachinon-7): 73 \u03bcg [97 % dziennej referencyjnej warto\u015bci spo\u017cycia witaminy K (dla osoby doros\u0142ej)]<\/p>\n<p>OPIS<br \/>Suplement diety. Zawiera wy\u0142\u0105cznie substancje powsta\u0142e w wyniku naturalnej fermentacji SOI przez bakterie Bacillus subtilis var. natto m.in. naturaln\u0105 witamin\u0119 K2 MK7.<br \/>Witamina K (menachinon-7) pomaga w utrzymaniu zdrowych ko\u015bci.<\/p>\n<p>ZALECANE SPO\u017bYCIE I INNE UWAGI<br \/>2 tabletki dziennie w trakcie lub po posi\u0142ku popijaj\u0105c wod\u0105.<br \/>Nie nale\u017cy przekracza\u0107 zalecanej porcji do spo\u017cycia w ci\u0105gu dnia. Suplementy diety nie mog\u0105 by\u0107 stosowane jako zamiennik zr\u00f3\u017anicowanej diety.<br \/>Zr\u00f3wnowa\u017cony spos\u00f3b \u017cywienia oraz zdrowy tryb \u017cycia s\u0105 podstaw\u0105 prawid\u0142owego funkcjonowania organizmu.<br \/>Produkt nie powinien by\u0107 spo\u017cywany przez osoby przyjmuj\u0105ce \u015brodki przeciwzakrzepowe zawieraj\u0105ce antagonist\u00f3w witaminy K (np. warfaryna i acenokumarol).<\/p>\n<p>ZALECANE WARUNKI PRZECHOWYWANIA<br \/>Przechowywa\u0107 w temperaturze od +7 do +10\u00b0C, w zamkni\u0119tym opakowaniu w spos\u00f3b niedost\u0119pny dla ma\u0142ych dzieci.<\/p>","protected":false},"excerpt":{"rendered":"<p>SK\u0141ADNIKIekologiczne suszone natto z SOI.Zawarto\u015b\u0107 sk\u0142adnik\u00f3w w zalecanej dziennej porcji produktu: suszone natto: 2000 mg, w tym witamina K (menachinon-7): 73 \u03bcg [97 % dziennej referencyjnej warto\u015bci spo\u017cycia witaminy K (dla osoby doros\u0142ej)] OPISSuplement diety. Zawiera wy\u0142\u0105cznie substancje powsta\u0142e w wyniku naturalnej fermentacji SOI przez bakterie Bacillus subtilis var. natto m.in. naturaln\u0105 witamin\u0119 K2 MK7.Witamina [&hellip;]<\/p>","protected":false},"featured_media":3783,"comment_status":"closed","ping_status":"open","template":"","meta":{"_acf_changed":false},"product_brand":[],"product_cat":[274,1117],"product_tag":[],"class_list":{"0":"post-3782","1":"product","2":"type-product","3":"status-publish","4":"has-post-thumbnail","6":"product_cat-lodowka-inne","7":"product_cat-warzywa-i-owoce-przetworzone","8":"pa_ean-matka-3217","9":"pa_gwarancja-przydatnosci-324","10":"pa_ilosc-w-opakowaniu-467","11":"pa_jednostka-podstawowa-szt","12":"pa_kod-cn-2106-90-92","13":"pa_masa-netto-242","14":"pa_objetosc-brutto-2150","15":"pa_producent-natto-sfermentowana-soja","16":"pa_producent-nazwa-adres-ton-color-marek-kolodziejski-natto-ludowa-5c-65-742-zielona-gora","17":"pa_tagi-bez-cukru-w-skladnikach","18":"pa_tagi-bez-glutenu-w-skladnikach","19":"pa_tagi-certyfikat-bio","20":"pa_tagi-weganski","21":"pa_tagi-wegetarianski","23":"first","24":"instock","25":"taxable","26":"shipping-taxable","27":"purchasable","28":"product-type-simple"},"acf":[],"_links":{"self":[{"href":"https:\/\/wiejskieprzysmaki.estima.site\/en\/wp-json\/wp\/v2\/product\/3782","targetHints":{"allow":["GET"]}}],"collection":[{"href":"https:\/\/wiejskieprzysmaki.estima.site\/en\/wp-json\/wp\/v2\/product"}],"about":[{"href":"https:\/\/wiejskieprzysmaki.estima.site\/en\/wp-json\/wp\/v2\/types\/product"}],"replies":[{"embeddable":true,"href":"https:\/\/wiejskieprzysmaki.estima.site\/en\/wp-json\/wp\/v2\/comments?post=3782"}],"wp:featuredmedia":[{"embeddable":true,"href":"https:\/\/wiejskieprzysmaki.estima.site\/en\/wp-json\/wp\/v2\/media\/3783"}],"wp:attachment":[{"href":"https:\/\/wiejskieprzysmaki.estima.site\/en\/wp-json\/wp\/v2\/media?parent=3782"}],"wp:term":[{"taxonomy":"product_brand","embeddable":true,"href":"https:\/\/wiejskieprzysmaki.estima.site\/en\/wp-json\/wp\/v2\/product_brand?post=3782"},{"taxonomy":"product_cat","embeddable":true,"href":"https:\/\/wiejskieprzysmaki.estima.site\/en\/wp-json\/wp\/v2\/product_cat?post=3782"},{"taxonomy":"product_tag","embeddable":true,"href":"https:\/\/wiejskieprzysmaki.estima.site\/en\/wp-json\/wp\/v2\/product_tag?post=3782"}],"curies":[{"name":"wp","href":"https:\/\/api.w.org\/{rel}","templated":true}]}}