{"id":3784,"date":"2025-02-18T10:53:51","date_gmt":"2025-02-18T09:53:51","guid":{"rendered":"https:\/\/wiejskieprzysmaki.estima.site\/produkt\/kukurydza-gotowana-bio-okolo-040-kg\/"},"modified":"2025-02-18T10:53:59","modified_gmt":"2025-02-18T09:53:59","slug":"kukurydza-gotowana-bio-okolo-040-kg","status":"publish","type":"product","link":"https:\/\/wiejskieprzysmaki.estima.site\/en\/product\/kukurydza-gotowana-bio-okolo-040-kg\/","title":{"rendered":"KUKURYDZA GOTOWANA BIO (oko\u0142o 0,40 kg)"},"content":{"rendered":"<p>Produkt sprzedawany na sztuki.<\/p>\n<p>Opakowanie: folia.<\/p>\n<p>Podana cena za jedn\u0105 sztuk\u0119.<\/p>\n<p>Zalecane przechowywanie w temperaturze od +2\u00b0C do +4\u00b0C<\/p>\n<p>Ceny \u015bwie\u017cych warzyw i owoc\u00f3w zmieniamy w ka\u017cdy pi\u0105tek rano.<\/p>","protected":false},"excerpt":{"rendered":"<p>Produkt sprzedawany na sztuki. Opakowanie: folia. Podana cena za jedn\u0105 sztuk\u0119. Zalecane przechowywanie w temperaturze od +2\u00b0C do +4\u00b0C Ceny \u015bwie\u017cych warzyw i owoc\u00f3w zmieniamy w ka\u017cdy pi\u0105tek rano.<\/p>","protected":false},"featured_media":3785,"comment_status":"closed","ping_status":"open","template":"","meta":{"_acf_changed":false},"product_brand":[],"product_cat":[274,1117],"product_tag":[],"class_list":{"0":"post-3784","1":"product","2":"type-product","3":"status-publish","4":"has-post-thumbnail","6":"product_cat-lodowka-inne","7":"product_cat-warzywa-i-owoce-przetworzone","8":"pa_ean-matka-3219","9":"pa_gwarancja-przydatnosci-481","10":"pa_ilosc-w-opakowaniu-340","11":"pa_jednostka-podstawowa-szt","12":"pa_kod-cn-0709-99-60","13":"pa_kraj-pochodzenia-skladnikow-niderlandy","14":"pa_masa-netto-268","15":"pa_producent-swieze-owoce-warzywa-grzyby-tacki-i-sztuki","16":"pa_producent-nazwa-adres-bio-planet-s-a-wilkowa-wies-7-05-084-leszno","17":"pa_tagi-bez-cukru-w-skladnikach","18":"pa_tagi-bez-glutenu-w-skladnikach","19":"pa_tagi-certyfikat-bio","20":"pa_tagi-weganski","21":"pa_tagi-wegetarianski","23":"first","24":"instock","25":"taxable","26":"shipping-taxable","27":"purchasable","28":"product-type-simple"},"acf":[],"_links":{"self":[{"href":"https:\/\/wiejskieprzysmaki.estima.site\/en\/wp-json\/wp\/v2\/product\/3784","targetHints":{"allow":["GET"]}}],"collection":[{"href":"https:\/\/wiejskieprzysmaki.estima.site\/en\/wp-json\/wp\/v2\/product"}],"about":[{"href":"https:\/\/wiejskieprzysmaki.estima.site\/en\/wp-json\/wp\/v2\/types\/product"}],"replies":[{"embeddable":true,"href":"https:\/\/wiejskieprzysmaki.estima.site\/en\/wp-json\/wp\/v2\/comments?post=3784"}],"wp:featuredmedia":[{"embeddable":true,"href":"https:\/\/wiejskieprzysmaki.estima.site\/en\/wp-json\/wp\/v2\/media\/3785"}],"wp:attachment":[{"href":"https:\/\/wiejskieprzysmaki.estima.site\/en\/wp-json\/wp\/v2\/media?parent=3784"}],"wp:term":[{"taxonomy":"product_brand","embeddable":true,"href":"https:\/\/wiejskieprzysmaki.estima.site\/en\/wp-json\/wp\/v2\/product_brand?post=3784"},{"taxonomy":"product_cat","embeddable":true,"href":"https:\/\/wiejskieprzysmaki.estima.site\/en\/wp-json\/wp\/v2\/product_cat?post=3784"},{"taxonomy":"product_tag","embeddable":true,"href":"https:\/\/wiejskieprzysmaki.estima.site\/en\/wp-json\/wp\/v2\/product_tag?post=3784"}],"curies":[{"name":"wp","href":"https:\/\/api.w.org\/{rel}","templated":true}]}}