{"id":3816,"date":"2025-02-18T10:54:06","date_gmt":"2025-02-18T09:54:06","guid":{"rendered":"https:\/\/wiejskieprzysmaki.estima.site\/produkt\/daktyle-suszone-bezglutenowe-bio-100-g-biominki\/"},"modified":"2025-02-18T10:54:14","modified_gmt":"2025-02-18T09:54:14","slug":"daktyle-suszone-bezglutenowe-bio-100-g-biominki","status":"publish","type":"product","link":"https:\/\/wiejskieprzysmaki.estima.site\/en\/product\/daktyle-suszone-bezglutenowe-bio-100-g-biominki\/","title":{"rendered":"DAKTYLE SUSZONE BEZGLUTENOWE BIO 100 g &#8211; BIOMINKI"},"content":{"rendered":"<p>SK\u0141ADNIKI<br \/>ekologiczne daktyle bez pestek suszone 100 %.<\/p>\n<p>OPIS<br \/>Ekologiczne suszone daktyle smakuj\u0105 wy\u015bmienicie jako samodzielna przek\u0105ska. Idealne do podjadania w szkole, w domu i na spacerze!<\/p>\n<p>WARTO\u015a\u0106 OD\u017bYWCZA W 100 g<br \/>Warto\u015b\u0107 energetyczn: 1204 kJ\/284 kcal<br \/>T\u0142uszcz: 0 g<br \/>w tym kwasy t\u0142uszczowe nasycone: 0 g<br \/>W\u0119glowodany: 65 g<br \/>w tym cukry: 59 g<br \/>B\u0142onnik: 8,5 g<br \/>Bia\u0142ko: 2,3 g<br \/>S\u00f3l: 0 g<\/p>\n<p>ZALECANE WARUNKI PRZECHOWYWANIA<br \/>Przechowywa\u0107 w suchym i ch\u0142odnym miejscu.<\/p>","protected":false},"excerpt":{"rendered":"<p>SK\u0141ADNIKIekologiczne daktyle bez pestek suszone 100 %. OPISEkologiczne suszone daktyle smakuj\u0105 wy\u015bmienicie jako samodzielna przek\u0105ska. Idealne do podjadania w szkole, w domu i na spacerze! WARTO\u015a\u0106 OD\u017bYWCZA W 100 gWarto\u015b\u0107 energetyczn: 1204 kJ\/284 kcalT\u0142uszcz: 0 gw tym kwasy t\u0142uszczowe nasycone: 0 gW\u0119glowodany: 65 gw tym cukry: 59 gB\u0142onnik: 8,5 gBia\u0142ko: 2,3 gS\u00f3l: 0 g ZALECANE [&hellip;]<\/p>","protected":false},"featured_media":3817,"comment_status":"closed","ping_status":"open","template":"","meta":{"_acf_changed":false},"product_brand":[],"product_cat":[830],"product_tag":[],"class_list":{"0":"post-3816","1":"product","2":"type-product","3":"status-publish","4":"has-post-thumbnail","6":"product_cat-orzechy-i-owoce-suszone","7":"pa_ean-matka-3237","8":"pa_ean-matka-1586","9":"pa_gwarancja-przydatnosci-324","10":"pa_ilosc-w-opakowaniu-298","11":"pa_jednostka-podstawowa-szt","12":"pa_kod-cn-0804-10-00","13":"pa_kraj-pochodzenia-skladnikow-tunezja","14":"pa_masa-netto-242","15":"pa_objetosc-brutto-785","16":"pa_producent-biominki-przekaski-dla-dzieci-kaszki","17":"pa_producent-nazwa-adres-bio-planet-s-a-wilkowa-wies-7-05-084-leszno","18":"pa_tagi-bez-cukru-w-skladnikach","19":"pa_tagi-bez-glutenu-deklaracja","20":"pa_tagi-bez-glutenu-w-skladnikach","21":"pa_tagi-certyfikat-bio","22":"pa_tagi-weganski","23":"pa_tagi-wegetarianski","25":"first","26":"instock","27":"taxable","28":"shipping-taxable","29":"purchasable","30":"product-type-simple"},"acf":[],"_links":{"self":[{"href":"https:\/\/wiejskieprzysmaki.estima.site\/en\/wp-json\/wp\/v2\/product\/3816","targetHints":{"allow":["GET"]}}],"collection":[{"href":"https:\/\/wiejskieprzysmaki.estima.site\/en\/wp-json\/wp\/v2\/product"}],"about":[{"href":"https:\/\/wiejskieprzysmaki.estima.site\/en\/wp-json\/wp\/v2\/types\/product"}],"replies":[{"embeddable":true,"href":"https:\/\/wiejskieprzysmaki.estima.site\/en\/wp-json\/wp\/v2\/comments?post=3816"}],"wp:featuredmedia":[{"embeddable":true,"href":"https:\/\/wiejskieprzysmaki.estima.site\/en\/wp-json\/wp\/v2\/media\/3817"}],"wp:attachment":[{"href":"https:\/\/wiejskieprzysmaki.estima.site\/en\/wp-json\/wp\/v2\/media?parent=3816"}],"wp:term":[{"taxonomy":"product_brand","embeddable":true,"href":"https:\/\/wiejskieprzysmaki.estima.site\/en\/wp-json\/wp\/v2\/product_brand?post=3816"},{"taxonomy":"product_cat","embeddable":true,"href":"https:\/\/wiejskieprzysmaki.estima.site\/en\/wp-json\/wp\/v2\/product_cat?post=3816"},{"taxonomy":"product_tag","embeddable":true,"href":"https:\/\/wiejskieprzysmaki.estima.site\/en\/wp-json\/wp\/v2\/product_tag?post=3816"}],"curies":[{"name":"wp","href":"https:\/\/api.w.org\/{rel}","templated":true}]}}