{"id":3818,"date":"2025-02-18T10:54:06","date_gmt":"2025-02-18T09:54:06","guid":{"rendered":"https:\/\/wiejskieprzysmaki.estima.site\/produkt\/pomidory-suszone-w-oleju-bio-190-g-130-g-la-bio-idea\/"},"modified":"2025-02-18T10:54:15","modified_gmt":"2025-02-18T09:54:15","slug":"pomidory-suszone-w-oleju-bio-190-g-130-g-la-bio-idea","status":"publish","type":"product","link":"https:\/\/wiejskieprzysmaki.estima.site\/en\/product\/pomidory-suszone-w-oleju-bio-190-g-130-g-la-bio-idea\/","title":{"rendered":"POMIDORY SUSZONE W OLEJU BIO 190 g (130 g) &#8211; LA BIO IDEA"},"content":{"rendered":"<p>SK\u0141ADNIKI<br \/>suszone pomidory* (63 %), olej s\u0142onecznikowy* (25 %), oliwa z oliwek z pierwszego t\u0142oczenia* (6,3 %), kapary*, ocet winny*, s\u00f3l, czosnek*, oregano*, pietruszka*, bazylia*. (*certyfikowany sk\u0142adnik ekologiczny)<\/p>\n<p>WARTO\u015a\u0106 OD\u017bYWCZA W 100 g<br \/>Warto\u015b\u0107 energetyczna: 896 kJ\/215 kcal <br \/>T\u0142uszcz: 13 g <br \/>w tym kwasy t\u0142uszczowe nasycone: 1,8 g <br \/>W\u0119glowodany: 17 g <br \/>w tym cukry: 8 g <br \/>Bia\u0142ko: 4,8 g <br \/>S\u00f3l: 2,3 g<\/p>\n<p>ZALECANE WARUNKI PRZECHOWYWANIA<br \/>Przechowywa\u0107 w suchym i ch\u0142odnym miejscu.<\/p>","protected":false},"excerpt":{"rendered":"<p>SK\u0141ADNIKIsuszone pomidory* (63 %), olej s\u0142onecznikowy* (25 %), oliwa z oliwek z pierwszego t\u0142oczenia* (6,3 %), kapary*, ocet winny*, s\u00f3l, czosnek*, oregano*, pietruszka*, bazylia*. (*certyfikowany sk\u0142adnik ekologiczny) WARTO\u015a\u0106 OD\u017bYWCZA W 100 gWarto\u015b\u0107 energetyczna: 896 kJ\/215 kcal T\u0142uszcz: 13 g w tym kwasy t\u0142uszczowe nasycone: 1,8 g W\u0119glowodany: 17 g w tym cukry: 8 g Bia\u0142ko: [&hellip;]<\/p>","protected":false},"featured_media":3819,"comment_status":"closed","ping_status":"open","template":"","meta":{"_acf_changed":false},"product_brand":[],"product_cat":[1061,180],"product_tag":[],"class_list":{"0":"post-3818","1":"product","2":"type-product","3":"status-publish","4":"has-post-thumbnail","6":"product_cat-marynowane-kiszone","7":"product_cat-warzywa-i-grzyby-przetworzone","8":"pa_ean-matka-3239","9":"pa_gwarancja-przydatnosci-324","10":"pa_ilosc-w-opakowaniu-298","11":"pa_jednostka-podstawowa-szt","12":"pa_kod-cn-2002-10-90","13":"pa_masa-netto-1057","14":"pa_objetosc-brutto-3238","15":"pa_producent-la-bio-idea-makarony-straczkowesosy-pomidorowe","16":"pa_producent-nazwa-adres-do-it-consumer-products-bv-hermesweg-7-3771-nd-barneveld","17":"pa_tagi-bez-cukru-w-skladnikach","18":"pa_tagi-bez-glutenu-w-skladnikach","19":"pa_tagi-certyfikat-bio","20":"pa_tagi-weganski","21":"pa_tagi-wegetarianski","23":"first","24":"instock","25":"taxable","26":"shipping-taxable","27":"purchasable","28":"product-type-simple"},"acf":[],"_links":{"self":[{"href":"https:\/\/wiejskieprzysmaki.estima.site\/en\/wp-json\/wp\/v2\/product\/3818","targetHints":{"allow":["GET"]}}],"collection":[{"href":"https:\/\/wiejskieprzysmaki.estima.site\/en\/wp-json\/wp\/v2\/product"}],"about":[{"href":"https:\/\/wiejskieprzysmaki.estima.site\/en\/wp-json\/wp\/v2\/types\/product"}],"replies":[{"embeddable":true,"href":"https:\/\/wiejskieprzysmaki.estima.site\/en\/wp-json\/wp\/v2\/comments?post=3818"}],"wp:featuredmedia":[{"embeddable":true,"href":"https:\/\/wiejskieprzysmaki.estima.site\/en\/wp-json\/wp\/v2\/media\/3819"}],"wp:attachment":[{"href":"https:\/\/wiejskieprzysmaki.estima.site\/en\/wp-json\/wp\/v2\/media?parent=3818"}],"wp:term":[{"taxonomy":"product_brand","embeddable":true,"href":"https:\/\/wiejskieprzysmaki.estima.site\/en\/wp-json\/wp\/v2\/product_brand?post=3818"},{"taxonomy":"product_cat","embeddable":true,"href":"https:\/\/wiejskieprzysmaki.estima.site\/en\/wp-json\/wp\/v2\/product_cat?post=3818"},{"taxonomy":"product_tag","embeddable":true,"href":"https:\/\/wiejskieprzysmaki.estima.site\/en\/wp-json\/wp\/v2\/product_tag?post=3818"}],"curies":[{"name":"wp","href":"https:\/\/api.w.org\/{rel}","templated":true}]}}