{"id":3825,"date":"2025-02-18T10:54:06","date_gmt":"2025-02-18T09:54:06","guid":{"rendered":"https:\/\/wiejskieprzysmaki.estima.site\/produkt\/pieprz-czarny-ziarno-w-mlynku-bio-90-g-dary-natury\/"},"modified":"2025-02-18T10:54:18","modified_gmt":"2025-02-18T09:54:18","slug":"pieprz-czarny-ziarno-w-mlynku-bio-90-g-dary-natury","status":"publish","type":"product","link":"https:\/\/wiejskieprzysmaki.estima.site\/en\/product\/pieprz-czarny-ziarno-w-mlynku-bio-90-g-dary-natury\/","title":{"rendered":"PIEPRZ CZARNY ZIARNO W M\u0141YNKU BIO 90 g &#8211; DARY NATURY"},"content":{"rendered":"<p>SK\u0141ADNIKI<br \/>pieprz czarny* 100% (*certyfikowany skadnik ekologiczny)<\/p>\n<p>OPIS<br \/>Przyprawa powszechnie stosowana do zup, mi\u0119s, RYB, marynat, w\u0119dlin. Mielone ziarna pieprzu doskonale nadaj\u0105 si\u0119 do przyprawiania stek\u00f3w.<br \/>M\u0141YNEK WIELOKROTNEGO U\u017bYTKU<\/p>\n<p>ZALECANE WARUNKI PRZECHOWYWANIA<br \/>Przechowywa\u0107 w suchym i ch\u0142odnym miejscu.<\/p>","protected":false},"excerpt":{"rendered":"<p>SK\u0141ADNIKIpieprz czarny* 100% (*certyfikowany skadnik ekologiczny) OPISPrzyprawa powszechnie stosowana do zup, mi\u0119s, RYB, marynat, w\u0119dlin. Mielone ziarna pieprzu doskonale nadaj\u0105 si\u0119 do przyprawiania stek\u00f3w.M\u0141YNEK WIELOKROTNEGO U\u017bYTKU ZALECANE WARUNKI PRZECHOWYWANIAPrzechowywa\u0107 w suchym i ch\u0142odnym miejscu.<\/p>","protected":false},"featured_media":3826,"comment_status":"closed","ping_status":"open","template":"","meta":{"_acf_changed":false},"product_brand":[],"product_cat":[238,229],"product_tag":[],"class_list":{"0":"post-3825","1":"product","2":"type-product","3":"status-publish","4":"has-post-thumbnail","6":"product_cat-jednorodne","7":"product_cat-przyprawy-i-ziola","8":"pa_ean-matka-3246","9":"pa_gwarancja-przydatnosci-522","10":"pa_ilosc-w-opakowaniu-350","11":"pa_jednostka-podstawowa-szt","12":"pa_kod-cn-0904-11-00","13":"pa_kraj-pochodzenia-skladnikow-tanzania","14":"pa_masa-netto-2520","15":"pa_objetosc-brutto-2521","16":"pa_producent-dary-natury-przyprawy-i-ziola","17":"pa_producent-nazwa-adres-miroslaw-angielczyk-dary-natury-koryciny-73-17-315-grodzisk","18":"pa_tagi-bez-cukru-w-skladnikach","19":"pa_tagi-bez-glutenu-w-skladnikach","20":"pa_tagi-certyfikat-bio","21":"pa_tagi-weganski","22":"pa_tagi-wegetarianski","24":"first","25":"instock","26":"taxable","27":"shipping-taxable","28":"purchasable","29":"product-type-simple"},"acf":[],"_links":{"self":[{"href":"https:\/\/wiejskieprzysmaki.estima.site\/en\/wp-json\/wp\/v2\/product\/3825","targetHints":{"allow":["GET"]}}],"collection":[{"href":"https:\/\/wiejskieprzysmaki.estima.site\/en\/wp-json\/wp\/v2\/product"}],"about":[{"href":"https:\/\/wiejskieprzysmaki.estima.site\/en\/wp-json\/wp\/v2\/types\/product"}],"replies":[{"embeddable":true,"href":"https:\/\/wiejskieprzysmaki.estima.site\/en\/wp-json\/wp\/v2\/comments?post=3825"}],"wp:featuredmedia":[{"embeddable":true,"href":"https:\/\/wiejskieprzysmaki.estima.site\/en\/wp-json\/wp\/v2\/media\/3826"}],"wp:attachment":[{"href":"https:\/\/wiejskieprzysmaki.estima.site\/en\/wp-json\/wp\/v2\/media?parent=3825"}],"wp:term":[{"taxonomy":"product_brand","embeddable":true,"href":"https:\/\/wiejskieprzysmaki.estima.site\/en\/wp-json\/wp\/v2\/product_brand?post=3825"},{"taxonomy":"product_cat","embeddable":true,"href":"https:\/\/wiejskieprzysmaki.estima.site\/en\/wp-json\/wp\/v2\/product_cat?post=3825"},{"taxonomy":"product_tag","embeddable":true,"href":"https:\/\/wiejskieprzysmaki.estima.site\/en\/wp-json\/wp\/v2\/product_tag?post=3825"}],"curies":[{"name":"wp","href":"https:\/\/api.w.org\/{rel}","templated":true}]}}