{"id":3850,"date":"2025-02-18T10:54:26","date_gmt":"2025-02-18T09:54:26","guid":{"rendered":"https:\/\/wiejskieprzysmaki.estima.site\/produkt\/czerwona-porzeczka-80-bio-260-g-sad-dankow\/"},"modified":"2025-02-18T10:54:30","modified_gmt":"2025-02-18T09:54:30","slug":"czerwona-porzeczka-80-bio-260-g-sad-dankow","status":"publish","type":"product","link":"https:\/\/wiejskieprzysmaki.estima.site\/en\/product\/czerwona-porzeczka-80-bio-260-g-sad-dankow\/","title":{"rendered":"CZERWONA PORZECZKA 80 % BIO 260 g &#8211; SAD DANK\u00d3W"},"content":{"rendered":"<p>SK\u0141ADNIKI<br \/>czerwone porzeczki*, koncentrat jab\u0142kowy*, substancja zag\u0119szczaj\u0105ca &#8211; pektyna, regulator kwasowo\u015bci &#8211; kwas askorbinowy. (*certyfikowany sk\u0142adnik ekologiczny)<\/p>\n<p>OPIS<br \/>100 g produktu sporz\u0105dzono z 80 g owoc\u00f3w. Produkt pasteryzowany otrzymany przez odszypu\u0142kowanie owoc\u00f3w czerwonej porzeczki z dodatkiem koncentratu jab\u0142kowego w celu otrzymania odpowiedniego poziomu pH.<\/p>\n<p>WARTO\u015a\u0106 OD\u017bYWCZA W 100 g<br \/>Warto\u015b\u0107 energetyczna &#8211; 508 kJ\/120 kcal  <br \/>T\u0142uszcz &#8211; 0,5 g  <br \/>w tym kwasy t\u0142uszczowe nasycone &#8211; <0,1 g  <br \/>W\u0119glowodany &#8211; 26 g  <br \/>w tym cukry &#8211; 22 g  <br \/>Bia\u0142ko &#8211; <0,5 g  <br \/>S\u00f3l &#8211; 0,04 g<\/p>\n<p>ZALECANE WARUNKI PRZECHOWYWANIA<br \/>Przechowywa\u0107 w suchym i ch\u0142odnym miejscu. Po otwarciu przechowywa\u0107 w temperaturze + 4 stopni Celsjusza.<\/p>","protected":false},"excerpt":{"rendered":"<p>SK\u0141ADNIKIczerwone porzeczki*, koncentrat jab\u0142kowy*, substancja zag\u0119szczaj\u0105ca &#8211; pektyna, regulator kwasowo\u015bci &#8211; kwas askorbinowy. (*certyfikowany sk\u0142adnik ekologiczny) OPIS100 g produktu sporz\u0105dzono z 80 g owoc\u00f3w. Produkt pasteryzowany otrzymany przez odszypu\u0142kowanie owoc\u00f3w czerwonej porzeczki z dodatkiem koncentratu jab\u0142kowego w celu otrzymania odpowiedniego poziomu pH. WARTO\u015a\u0106 OD\u017bYWCZA W 100 gWarto\u015b\u0107 energetyczna &#8211; 508 kJ\/120 kcal T\u0142uszcz &#8211; 0,5 [&hellip;]<\/p>","protected":false},"featured_media":3851,"comment_status":"closed","ping_status":"open","template":"","meta":{"_acf_changed":false},"product_brand":[],"product_cat":[999,998],"product_tag":[],"class_list":{"0":"post-3850","1":"product","2":"type-product","3":"status-publish","4":"has-post-thumbnail","6":"product_cat-dzemy-konfitury-musy","7":"product_cat-przetwory-warzywne-i-owocowe","8":"pa_ean-matka-3262","9":"pa_gwarancja-przydatnosci-324","10":"pa_ilosc-w-opakowaniu-331","11":"pa_jednostka-podstawowa-szt","12":"pa_kod-cn-2007-99-39","13":"pa_kraj-pochodzenia-skladnikow-polska","14":"pa_masa-netto-756","15":"pa_objetosc-brutto-3251","16":"pa_producent-sad-dankow-przetwory-owocowe","17":"pa_producent-nazwa-adres-sad-dankow-dankow-duzy-54-29-100-wloszczowa","18":"pa_tagi-bez-glutenu-w-skladnikach","19":"pa_tagi-certyfikat-bio","20":"pa_tagi-weganski","21":"pa_tagi-wegetarianski","23":"first","24":"instock","25":"taxable","26":"shipping-taxable","27":"purchasable","28":"product-type-simple"},"acf":[],"_links":{"self":[{"href":"https:\/\/wiejskieprzysmaki.estima.site\/en\/wp-json\/wp\/v2\/product\/3850","targetHints":{"allow":["GET"]}}],"collection":[{"href":"https:\/\/wiejskieprzysmaki.estima.site\/en\/wp-json\/wp\/v2\/product"}],"about":[{"href":"https:\/\/wiejskieprzysmaki.estima.site\/en\/wp-json\/wp\/v2\/types\/product"}],"replies":[{"embeddable":true,"href":"https:\/\/wiejskieprzysmaki.estima.site\/en\/wp-json\/wp\/v2\/comments?post=3850"}],"wp:featuredmedia":[{"embeddable":true,"href":"https:\/\/wiejskieprzysmaki.estima.site\/en\/wp-json\/wp\/v2\/media\/3851"}],"wp:attachment":[{"href":"https:\/\/wiejskieprzysmaki.estima.site\/en\/wp-json\/wp\/v2\/media?parent=3850"}],"wp:term":[{"taxonomy":"product_brand","embeddable":true,"href":"https:\/\/wiejskieprzysmaki.estima.site\/en\/wp-json\/wp\/v2\/product_brand?post=3850"},{"taxonomy":"product_cat","embeddable":true,"href":"https:\/\/wiejskieprzysmaki.estima.site\/en\/wp-json\/wp\/v2\/product_cat?post=3850"},{"taxonomy":"product_tag","embeddable":true,"href":"https:\/\/wiejskieprzysmaki.estima.site\/en\/wp-json\/wp\/v2\/product_tag?post=3850"}],"curies":[{"name":"wp","href":"https:\/\/api.w.org\/{rel}","templated":true}]}}