{"id":3860,"date":"2025-02-18T10:54:26","date_gmt":"2025-02-18T09:54:26","guid":{"rendered":"https:\/\/wiejskieprzysmaki.estima.site\/produkt\/platki-kasztanowe-bio-surowiec-10-kg\/"},"modified":"2025-02-18T10:54:34","modified_gmt":"2025-02-18T09:54:34","slug":"platki-kasztanowe-bio-surowiec-10-kg","status":"publish","type":"product","link":"https:\/\/wiejskieprzysmaki.estima.site\/en\/product\/platki-kasztanowe-bio-surowiec-10-kg\/","title":{"rendered":"P\u0141ATKI KASZTANOWE BIO (SUROWIEC) (10 kg)"},"content":{"rendered":"<p>SK\u0141ADNIKI<br \/>p\u0142atki kasztanowe* 100 % (*certyfikowany sk\u0142adnik ekologiczny)<\/p>\n<p>OPIS<br \/>Ekologiczne p\u0142atki kasztanowe wytwarzane z kasztan\u00f3w jadalnych. Polecamy jako samodzielna przek\u0105ska lub po\u017cywny dodatek do jogurt\u00f3w, musli, wypiek\u00f3w oraz deser\u00f3w. Charakteryzuj\u0105 si\u0119 delikatnie s\u0142odkim i orzechowym smakiem, stanowi\u0105c doskona\u0142e urozmaicenie codziennej diety.<\/p>\n<p>WARTO\u015a\u0106 OD\u017bYWCZA W 100 g<br \/>Warto\u015b\u0107 energetyczna 1589 kJ \/ 356 kcal<br \/>T\u0142uszcz &#8211; 3,8 g<br \/>w tym kwasy t\u0142uszczowe nasycone &#8211; 0,7 g<br \/>W\u0119glowodany &#8211; 69 g<br \/>w tym cukry &#8211; 15 g<br \/>B\u0142onnik &#8211; 9,0 g<br \/>Bia\u0142ko &#8211; 6,9 g<br \/>S\u00f3l &#8211; 0,12 g<\/p>\n<p>ZALECANE WARUNKI PRZECHOWYWANIA<br \/>Przechowywa\u0107 w suchym i ch\u0142odnym miejscu.<\/p>","protected":false},"excerpt":{"rendered":"<p>SK\u0141ADNIKIp\u0142atki kasztanowe* 100 % (*certyfikowany sk\u0142adnik ekologiczny) OPISEkologiczne p\u0142atki kasztanowe wytwarzane z kasztan\u00f3w jadalnych. Polecamy jako samodzielna przek\u0105ska lub po\u017cywny dodatek do jogurt\u00f3w, musli, wypiek\u00f3w oraz deser\u00f3w. Charakteryzuj\u0105 si\u0119 delikatnie s\u0142odkim i orzechowym smakiem, stanowi\u0105c doskona\u0142e urozmaicenie codziennej diety. WARTO\u015a\u0106 OD\u017bYWCZA W 100 gWarto\u015b\u0107 energetyczna 1589 kJ \/ 356 kcalT\u0142uszcz &#8211; 3,8 gw tym kwasy [&hellip;]<\/p>","protected":false},"featured_media":3861,"comment_status":"closed","ping_status":"open","template":"","meta":{"_acf_changed":false},"product_brand":[],"product_cat":[796,265],"product_tag":[],"class_list":{"0":"post-3860","1":"product","2":"type-product","3":"status-publish","4":"has-post-thumbnail","6":"product_cat-platki","7":"product_cat-sniadaniowe","8":"pa_ean-matka-3268","9":"pa_gwarancja-przydatnosci-320","10":"pa_ilosc-w-opakowaniu-350","11":"pa_jednostka-podstawowa-kg","12":"pa_kod-cn-0802-42-00","13":"pa_kraj-pochodzenia-skladnikow-wlochy","14":"pa_masa-netto-209","15":"pa_producent-horeca-bio-surowce","16":"pa_producent-nazwa-adres-bio-planet-s-a-wilkowa-wies-7-05-084-leszno","17":"pa_tagi-bez-cukru-w-skladnikach","18":"pa_tagi-bez-glutenu-w-skladnikach","19":"pa_tagi-certyfikat-bio","20":"pa_tagi-weganski","21":"pa_tagi-wegetarianski","23":"first","24":"instock","25":"taxable","26":"shipping-taxable","27":"purchasable","28":"product-type-simple"},"acf":[],"_links":{"self":[{"href":"https:\/\/wiejskieprzysmaki.estima.site\/en\/wp-json\/wp\/v2\/product\/3860","targetHints":{"allow":["GET"]}}],"collection":[{"href":"https:\/\/wiejskieprzysmaki.estima.site\/en\/wp-json\/wp\/v2\/product"}],"about":[{"href":"https:\/\/wiejskieprzysmaki.estima.site\/en\/wp-json\/wp\/v2\/types\/product"}],"replies":[{"embeddable":true,"href":"https:\/\/wiejskieprzysmaki.estima.site\/en\/wp-json\/wp\/v2\/comments?post=3860"}],"wp:featuredmedia":[{"embeddable":true,"href":"https:\/\/wiejskieprzysmaki.estima.site\/en\/wp-json\/wp\/v2\/media\/3861"}],"wp:attachment":[{"href":"https:\/\/wiejskieprzysmaki.estima.site\/en\/wp-json\/wp\/v2\/media?parent=3860"}],"wp:term":[{"taxonomy":"product_brand","embeddable":true,"href":"https:\/\/wiejskieprzysmaki.estima.site\/en\/wp-json\/wp\/v2\/product_brand?post=3860"},{"taxonomy":"product_cat","embeddable":true,"href":"https:\/\/wiejskieprzysmaki.estima.site\/en\/wp-json\/wp\/v2\/product_cat?post=3860"},{"taxonomy":"product_tag","embeddable":true,"href":"https:\/\/wiejskieprzysmaki.estima.site\/en\/wp-json\/wp\/v2\/product_tag?post=3860"}],"curies":[{"name":"wp","href":"https:\/\/api.w.org\/{rel}","templated":true}]}}