{"id":3866,"date":"2025-02-18T10:54:26","date_gmt":"2025-02-18T09:54:26","guid":{"rendered":"https:\/\/wiejskieprzysmaki.estima.site\/produkt\/kasza-manna-z-plaskurki-bio-400-g-niro\/"},"modified":"2025-02-18T10:54:36","modified_gmt":"2025-02-18T09:54:36","slug":"kasza-manna-z-plaskurki-bio-400-g-niro","status":"publish","type":"product","link":"https:\/\/wiejskieprzysmaki.estima.site\/en\/product\/kasza-manna-z-plaskurki-bio-400-g-niro\/","title":{"rendered":"KASZA MANNA Z P\u0141ASKURKI BIO 400 g &#8211; NIRO"},"content":{"rendered":"<p>SK\u0141ADNIKI<br \/>Pe\u0142noziarnista kasza manna z PSZENICY  p\u0142askurki* (100 %) (*certyfikowany sk\u0142adnik ekologiczny)<\/p>\n<p>SPOS\u00d3B PRZYGOTOWANIA<br \/>Gotowa\u0107 w proporcji 1 lub 2 kopiaste \u0142y\u017cki kaszy manny na 250 ml MLEKA lub wody (w zale\u017cno\u015bci od preferowanej konsystencji). Odmierzamy 250 ml MLEKA, troch\u0119 odlewamy do szklanki i mieszamy z kasz\u0105 mann\u0105. Pozosta\u0142e MLEKO zagotowujemy, wlewamy roztw\u00f3r z kasz\u0105 mann\u0105 stale mieszaj\u0105c, aby nie zrobi\u0142y si\u0119 grudki. Gotujemy 8-10 min. do zg\u0119stnienia. Gotowe danie podajemy z syropem lub musem owocowym.<\/p>\n<p>WARTO\u015a\u0106 OD\u017bYWCZA W 100 g  <br \/>Warto\u015b\u0107 energetyczna: 1274 kJ \/ 304 kcal  <br \/>T\u0142uszcz: 2 g  <br \/>w tym kwasy t\u0142uszczowe nasycone:  0,5 g  <br \/>W\u0119glowodany: 61 g  <br \/>w tym cukry: 1,6 g  <br \/>B\u0142onnik: 9,6 g  <br \/>Bia\u0142ko: 13 g  <br \/>S\u00f3l: 0,004 g<\/p>\n<p>INFORMACJA ALERGENNA<br \/>Na tej samej lini produkcyjnej wytwarza si\u0119 produkty z:  \u017bYTA, OWSA, PSZENICY ORKISZ<\/p>\n<p>ZALECANE WARUNKI PRZECHOWYWANIA<br \/>Przechowywa\u0107 w suchym i ch\u0142odnym miejscu.<\/p>","protected":false},"excerpt":{"rendered":"<p>SK\u0141ADNIKIPe\u0142noziarnista kasza manna z PSZENICY p\u0142askurki* (100 %) (*certyfikowany sk\u0142adnik ekologiczny) SPOS\u00d3B PRZYGOTOWANIAGotowa\u0107 w proporcji 1 lub 2 kopiaste \u0142y\u017cki kaszy manny na 250 ml MLEKA lub wody (w zale\u017cno\u015bci od preferowanej konsystencji). Odmierzamy 250 ml MLEKA, troch\u0119 odlewamy do szklanki i mieszamy z kasz\u0105 mann\u0105. Pozosta\u0142e MLEKO zagotowujemy, wlewamy roztw\u00f3r z kasz\u0105 mann\u0105 stale [&hellip;]<\/p>","protected":false},"featured_media":3867,"comment_status":"closed","ping_status":"open","template":"","meta":{"_acf_changed":false},"product_brand":[],"product_cat":[1987,265],"product_tag":[],"class_list":{"0":"post-3866","1":"product","2":"type-product","3":"status-publish","4":"has-post-thumbnail","6":"product_cat-kaszki","7":"product_cat-sniadaniowe","8":"pa_ean-matka-3271","9":"pa_gwarancja-przydatnosci-535","10":"pa_ilosc-w-opakowaniu-374","11":"pa_jednostka-podstawowa-szt","12":"pa_kod-cn-1103-19-90","13":"pa_kraj-pochodzenia-skladnikow-polska","14":"pa_masa-netto-268","15":"pa_objetosc-brutto-782","16":"pa_producent-niro-makarony-orkiszowe","17":"pa_producent-nazwa-adres-przedsiebiorstwo-produkcyjno-uslugowo-handlowe-niro-sp-z-o-o-dolna-4-42-283-boronow","18":"pa_tagi-bez-cukru-w-skladnikach","19":"pa_tagi-certyfikat-bio","20":"pa_tagi-weganski","21":"pa_tagi-wegetarianski","23":"first","24":"instock","25":"taxable","26":"shipping-taxable","27":"purchasable","28":"product-type-simple"},"acf":[],"_links":{"self":[{"href":"https:\/\/wiejskieprzysmaki.estima.site\/en\/wp-json\/wp\/v2\/product\/3866","targetHints":{"allow":["GET"]}}],"collection":[{"href":"https:\/\/wiejskieprzysmaki.estima.site\/en\/wp-json\/wp\/v2\/product"}],"about":[{"href":"https:\/\/wiejskieprzysmaki.estima.site\/en\/wp-json\/wp\/v2\/types\/product"}],"replies":[{"embeddable":true,"href":"https:\/\/wiejskieprzysmaki.estima.site\/en\/wp-json\/wp\/v2\/comments?post=3866"}],"wp:featuredmedia":[{"embeddable":true,"href":"https:\/\/wiejskieprzysmaki.estima.site\/en\/wp-json\/wp\/v2\/media\/3867"}],"wp:attachment":[{"href":"https:\/\/wiejskieprzysmaki.estima.site\/en\/wp-json\/wp\/v2\/media?parent=3866"}],"wp:term":[{"taxonomy":"product_brand","embeddable":true,"href":"https:\/\/wiejskieprzysmaki.estima.site\/en\/wp-json\/wp\/v2\/product_brand?post=3866"},{"taxonomy":"product_cat","embeddable":true,"href":"https:\/\/wiejskieprzysmaki.estima.site\/en\/wp-json\/wp\/v2\/product_cat?post=3866"},{"taxonomy":"product_tag","embeddable":true,"href":"https:\/\/wiejskieprzysmaki.estima.site\/en\/wp-json\/wp\/v2\/product_tag?post=3866"}],"curies":[{"name":"wp","href":"https:\/\/api.w.org\/{rel}","templated":true}]}}