{"id":3870,"date":"2025-02-18T10:54:26","date_gmt":"2025-02-18T09:54:26","guid":{"rendered":"https:\/\/wiejskieprzysmaki.estima.site\/produkt\/hummus-z-suszonymi-pomidorami-bio-190-g-vega-up\/"},"modified":"2025-02-20T15:17:42","modified_gmt":"2025-02-20T14:17:42","slug":"hummus-z-suszonymi-pomidorami-bio-190-g-vega-up","status":"publish","type":"product","link":"https:\/\/wiejskieprzysmaki.estima.site\/en\/product\/hummus-z-suszonymi-pomidorami-bio-190-g-vega-up\/","title":{"rendered":"HUMMUS Z SUSZONYMI POMIDORAMI BIO 190 g &#8211; VEGA UP"},"content":{"rendered":"<p>SK\u0141ADNIKI<br \/>gotowana ciecierzyca* (50 %), przecier pomidorowy*, olej s\u0142onecznikowy*, woda, suszone pomidory* (2,2 %), ocet jab\u0142kowy*, tahini (pasta SEZAMOWA)*, s\u00f3l morska, czosnek*, przyprawy*. (*certyfikowany sk\u0142adnik ekologiczny)<\/p>\n<p>OPIS<br \/>Produkt homogenizowany z dodatkiem przypraw, Mo\u017ce by\u0107 wykorzystany jako dip do przek\u0105sek lub past kanapkowych.<\/p>\n<p>WARTO\u015a\u0106 OD\u017bYWCZA W 100 g<br \/>Warto\u015b\u0107 energetyczna: 829 kJ\/198 kcal  <br \/>T\u0142uszcz: 14 g  <br \/>w tym kwasy t\u0142uszczowe nasycone: 1,7 g  <br \/>W\u0119glowodany: 12 g  <br \/>w tym cukry: 2 g  <br \/>B\u0142onnik: 4,1 g  <br \/>Bia\u0142ko: 4,9 g  <br \/>S\u00f3l: 0,86 g<\/p>\n<p>ZALECANE WARUNKI PRZECHOWYWANIA<br \/>Przechowywa\u0107 w temperaturze pokojowej. Po otwarciu przechowywa\u0107 w lod\u00f3wce i spo\u017cy\u0107 w ci\u0105gu 72 godzin.  <\/p>","protected":false},"excerpt":{"rendered":"<p>SK\u0141ADNIKIgotowana ciecierzyca* (50 %), przecier pomidorowy*, olej s\u0142onecznikowy*, woda, suszone pomidory* (2,2 %), ocet jab\u0142kowy*, tahini (pasta SEZAMOWA)*, s\u00f3l morska, czosnek*, przyprawy*. (*certyfikowany sk\u0142adnik ekologiczny) OPISProdukt homogenizowany z dodatkiem przypraw, Mo\u017ce by\u0107 wykorzystany jako dip do przek\u0105sek lub past kanapkowych. WARTO\u015a\u0106 OD\u017bYWCZA W 100 gWarto\u015b\u0107 energetyczna: 829 kJ\/198 kcal T\u0142uszcz: 14 g w tym kwasy [&hellip;]<\/p>","protected":false},"featured_media":3871,"comment_status":"closed","ping_status":"open","template":"","meta":{"_acf_changed":false},"product_brand":[],"product_cat":[434,998],"product_tag":[],"class_list":{"0":"post-3870","1":"product","2":"type-product","3":"status-publish","4":"has-post-thumbnail","6":"product_cat-pasty-i-przetwory-wege-nie-chlodnia","7":"product_cat-przetwory-warzywne-i-owocowe","8":"pa_ean-matka-3275","9":"pa_gwarancja-przydatnosci-324","10":"pa_ilosc-w-opakowaniu-374","11":"pa_jednostka-podstawowa-szt","12":"pa_kod-cn-2005-99-80","13":"pa_kraj-pochodzenia-skladnikow-turcja","14":"pa_masa-netto-1057","15":"pa_objetosc-brutto-2819","16":"pa_producent-vega-up-pasztety-i-pasty-vege","17":"pa_producent-nazwa-adres-nickal-sp-z-o-o-marywilska-26-03-228-warszawa","18":"pa_tagi-bez-cukru-w-skladnikach","19":"pa_tagi-bez-glutenu-w-skladnikach","20":"pa_tagi-certyfikat-bio","21":"pa_tagi-weganski","22":"pa_tagi-wegetarianski","24":"first","25":"instock","26":"taxable","27":"shipping-taxable","28":"purchasable","29":"product-type-simple"},"acf":[],"_links":{"self":[{"href":"https:\/\/wiejskieprzysmaki.estima.site\/en\/wp-json\/wp\/v2\/product\/3870","targetHints":{"allow":["GET"]}}],"collection":[{"href":"https:\/\/wiejskieprzysmaki.estima.site\/en\/wp-json\/wp\/v2\/product"}],"about":[{"href":"https:\/\/wiejskieprzysmaki.estima.site\/en\/wp-json\/wp\/v2\/types\/product"}],"replies":[{"embeddable":true,"href":"https:\/\/wiejskieprzysmaki.estima.site\/en\/wp-json\/wp\/v2\/comments?post=3870"}],"wp:featuredmedia":[{"embeddable":true,"href":"https:\/\/wiejskieprzysmaki.estima.site\/en\/wp-json\/wp\/v2\/media\/3871"}],"wp:attachment":[{"href":"https:\/\/wiejskieprzysmaki.estima.site\/en\/wp-json\/wp\/v2\/media?parent=3870"}],"wp:term":[{"taxonomy":"product_brand","embeddable":true,"href":"https:\/\/wiejskieprzysmaki.estima.site\/en\/wp-json\/wp\/v2\/product_brand?post=3870"},{"taxonomy":"product_cat","embeddable":true,"href":"https:\/\/wiejskieprzysmaki.estima.site\/en\/wp-json\/wp\/v2\/product_cat?post=3870"},{"taxonomy":"product_tag","embeddable":true,"href":"https:\/\/wiejskieprzysmaki.estima.site\/en\/wp-json\/wp\/v2\/product_tag?post=3870"}],"curies":[{"name":"wp","href":"https:\/\/api.w.org\/{rel}","templated":true}]}}