{"id":3894,"date":"2025-02-18T10:54:45","date_gmt":"2025-02-18T09:54:45","guid":{"rendered":"https:\/\/wiejskieprzysmaki.estima.site\/produkt\/dla-psa-karma-vega-z-baobabem-i-olejem-kokosowym-bio-2-kg-yarrah\/"},"modified":"2025-02-20T15:09:06","modified_gmt":"2025-02-20T14:09:06","slug":"dla-psa-karma-vega-z-baobabem-i-olejem-kokosowym-bio-2-kg-yarrah","status":"publish","type":"product","link":"https:\/\/wiejskieprzysmaki.estima.site\/en\/product\/dla-psa-karma-vega-z-baobabem-i-olejem-kokosowym-bio-2-kg-yarrah\/","title":{"rendered":"(DLA PSA) KARMA &#8211; VEGA Z BAOBABEM I OLEJEM KOKOSOWYM BIO 2 kg &#8211; YARRAH"},"content":{"rendered":"<p>SK\u0141ADNIKI<br \/>warzywa* (SOJA* 25 %), zbo\u017ca* (PSZENICA*), warzywa* (kukurydza* 10 %), zbo\u017ca* (\u015bruta PSZENNA*), produkty pochodzenia ro\u015blinnego* (makuch ze s\u0142onecznika*), zbo\u017ca* (\u0141UBIN* 6 %), ro\u015blinne ekstrakty bia\u0142kowe* (bia\u0142ko ry\u017cu* 6 %), oleje i t\u0142uszcze* (olej kokosowy*), substancje mineralne, dro\u017cd\u017ce (dro\u017cd\u017ce piwowarskie), produkty pochodzenia ro\u015blinnego* (baobab*). (*certyfikowany sk\u0142adnik ekologiczny)<\/p>\n<p>OPIS<br \/>Mieszanka paszowa pe\u0142noporcjowa.<\/p>\n<p>SK\u0141ADNIKI ANALITYCZNE<br \/>bia\u0142ko surowe: 24 %<br \/>w\u0142\u00f3kno surowe: 6,7 %<br \/>zawarto\u015b\u0107 t\u0142uszczu: 13 %<br \/>popi\u00f3\u0142 surowy: 7,6 %<br \/>wilgotno\u015b\u0107: 8 %<br \/>wap\u0144: 1,2 %<br \/>fosfor: 1,0 %<br \/>warto\u015b\u0107 energetyczna: 3420 kcal\/kg ME<\/p>\n<p>Dodatki dietetyczne\/kg: <br \/>witamina A: 25000 IU<br \/>witamina D3: 2000 IU<br \/>witamina E: 270 mg<br \/>tauryna: 2250 mg<br \/>\u017celazo: 47 mg<br \/>jod: 1,5 mg<br \/>cynk: 115 mg<br \/>mangan: 47 mg<br \/>mied\u017a: 10 mg<br \/>selen: 0,3 mg<\/p>\n<p>ZALECANE DZIENNE KARMIENIE<br \/>pies 5 kg: 95\/110\/120 g<br \/>pies 7 kg: 120\/140\/155 g<br \/>pies 10 kg: 155\/180\/205 g <br \/>pies 20 kg: 265\/300\/345 g<br \/>pies 40 kg: 440\/510\/580 g<br \/>pies 60 kg: 600\/695\/790 g<br \/>ma\u0142a aktywno\u015b\u0107\/\u015brednia aktywno\u015b\u0107\/du\u017ca aktywno\u015b\u0107)<\/p>\n<p>UWAGA<br \/>Podawa\u0107 w temperaturze pokojowej. Nale\u017cy dostosowa\u0107 ilo\u015b\u0107 karmy do poziomu aktywno\u015bci i kondycji psa. Nale\u017cy zapewni\u0107 zwierz\u0119ciu sta\u0142y dost\u0119p do \u015bwie\u017cej wody. <\/p>\n<p>ZALECANE WARUNKI PRZECHOWYWANIA<br \/>Przechowywa\u0107 w ch\u0142odnym i suchym miejscu. <\/p>","protected":false},"excerpt":{"rendered":"<p>SK\u0141ADNIKIwarzywa* (SOJA* 25 %), zbo\u017ca* (PSZENICA*), warzywa* (kukurydza* 10 %), zbo\u017ca* (\u015bruta PSZENNA*), produkty pochodzenia ro\u015blinnego* (makuch ze s\u0142onecznika*), zbo\u017ca* (\u0141UBIN* 6 %), ro\u015blinne ekstrakty bia\u0142kowe* (bia\u0142ko ry\u017cu* 6 %), oleje i t\u0142uszcze* (olej kokosowy*), substancje mineralne, dro\u017cd\u017ce (dro\u017cd\u017ce piwowarskie), produkty pochodzenia ro\u015blinnego* (baobab*). (*certyfikowany sk\u0142adnik ekologiczny) OPISMieszanka paszowa pe\u0142noporcjowa. SK\u0141ADNIKI ANALITYCZNEbia\u0142ko surowe: 24 %w\u0142\u00f3kno [&hellip;]<\/p>","protected":false},"featured_media":3895,"comment_status":"closed","ping_status":"open","template":"","meta":{"_acf_changed":false},"product_brand":[],"product_cat":[9054],"product_tag":[],"class_list":{"0":"post-3894","1":"product","2":"type-product","3":"status-publish","4":"has-post-thumbnail","6":"product_cat-karma-dla-zwierzat","7":"pa_ean-matka-3289","8":"pa_gwarancja-przydatnosci-311","9":"pa_ilosc-w-opakowaniu-543","10":"pa_jednostka-podstawowa-szt","11":"pa_kod-cn-2309-10-51","12":"pa_masa-netto-544","13":"pa_objetosc-brutto-2274","14":"pa_producent-yarrah-karma-dla-kotow-i-psow","15":"pa_producent-nazwa-adres-premium-petfood-brands-b-v-putterweg-5-ermelo-postal-p-o-box-1214-nl-3840-be-harderwijk-the-netherlands","16":"pa_tagi-bez-cukru-w-skladnikach","17":"pa_tagi-certyfikat-bio","18":"pa_tagi-weganski","19":"pa_tagi-wegetarianski","21":"first","22":"instock","23":"taxable","24":"shipping-taxable","25":"purchasable","26":"product-type-simple"},"acf":[],"_links":{"self":[{"href":"https:\/\/wiejskieprzysmaki.estima.site\/en\/wp-json\/wp\/v2\/product\/3894","targetHints":{"allow":["GET"]}}],"collection":[{"href":"https:\/\/wiejskieprzysmaki.estima.site\/en\/wp-json\/wp\/v2\/product"}],"about":[{"href":"https:\/\/wiejskieprzysmaki.estima.site\/en\/wp-json\/wp\/v2\/types\/product"}],"replies":[{"embeddable":true,"href":"https:\/\/wiejskieprzysmaki.estima.site\/en\/wp-json\/wp\/v2\/comments?post=3894"}],"wp:featuredmedia":[{"embeddable":true,"href":"https:\/\/wiejskieprzysmaki.estima.site\/en\/wp-json\/wp\/v2\/media\/3895"}],"wp:attachment":[{"href":"https:\/\/wiejskieprzysmaki.estima.site\/en\/wp-json\/wp\/v2\/media?parent=3894"}],"wp:term":[{"taxonomy":"product_brand","embeddable":true,"href":"https:\/\/wiejskieprzysmaki.estima.site\/en\/wp-json\/wp\/v2\/product_brand?post=3894"},{"taxonomy":"product_cat","embeddable":true,"href":"https:\/\/wiejskieprzysmaki.estima.site\/en\/wp-json\/wp\/v2\/product_cat?post=3894"},{"taxonomy":"product_tag","embeddable":true,"href":"https:\/\/wiejskieprzysmaki.estima.site\/en\/wp-json\/wp\/v2\/product_tag?post=3894"}],"curies":[{"name":"wp","href":"https:\/\/api.w.org\/{rel}","templated":true}]}}