{"id":3904,"date":"2025-02-18T10:54:45","date_gmt":"2025-02-18T09:54:45","guid":{"rendered":"https:\/\/wiejskieprzysmaki.estima.site\/produkt\/czekolada-kuwertura-z-nadzieniem-pralinowym-nirwana-bio-100-g-rapunzel\/"},"modified":"2025-02-18T10:54:53","modified_gmt":"2025-02-18T09:54:53","slug":"czekolada-kuwertura-z-nadzieniem-pralinowym-nirwana-bio-100-g-rapunzel","status":"publish","type":"product","link":"https:\/\/wiejskieprzysmaki.estima.site\/en\/product\/czekolada-kuwertura-z-nadzieniem-pralinowym-nirwana-bio-100-g-rapunzel\/","title":{"rendered":"CZEKOLADA KUWERTURA Z NADZIENIEM PRALINOWYM NIRWANA BIO 100 g &#8211; RAPUNZEL"},"content":{"rendered":"<p>SK\u0141ADNIKI<br \/>cukier trzcinowy* (cukier Rapadura* i Cristallino*), ORZECHY LASKOWE* (21 %), t\u0142uszcz kakaowy*, miazga kakaowa*, syrop ry\u017cowy w proszku* (7 %), kakao w proszku*, s\u00f3l morska, emulgator: lecytyny (z SOI*), wanilia bourbon*. (*certyfikowany sk\u0142adnik ekologiczny). <br \/>Masa kakaowa minimum 40 %.<\/p>\n<p>OPIS <br \/>Jest to po\u0142\u0105czenie idealne, kt\u00f3re zawsze poprawi humor! Jedzenie czekolady sprzyja wytwarzaniu endorfin, dlatego poprawa humoru jest udowodniona naukowo! <\/p>\n<p>WARTO\u015a\u0106 OD\u017bYWCZA W 100 g<br \/>Warto\u015b\u0107 energetyczna &#8211; 2389 kJ\/574 kcal<br \/>T\u0142uszcz &#8211; 38 g<br \/>w tym kwasy t\u0142uszczowe nasycone &#8211; 16 g<br \/>W\u0119glowodany &#8211; 52 g<br \/>w tym cukry &#8211; 44 g<br \/>B\u0142onnik &#8211; 3,9 g<br \/>Bia\u0142ko &#8211; 4,6 g<br \/>S\u00f3l &#8211; 0,1 g<\/p>\n<p>INFORMACJA ALERGENNA<br \/>Produkt mo\u017ce zawiera\u0107 MIGDA\u0141Y, MLEKO (\u0142\u0105cznie z LAKTOZ\u0104)<\/p>\n<p>ZALECANE WARUNKI PRZECHOWYWANIA <br \/>Przechowywa\u0107 w suchym i ch\u0142odnym miejscu.<\/p>","protected":false},"excerpt":{"rendered":"<p>SK\u0141ADNIKIcukier trzcinowy* (cukier Rapadura* i Cristallino*), ORZECHY LASKOWE* (21 %), t\u0142uszcz kakaowy*, miazga kakaowa*, syrop ry\u017cowy w proszku* (7 %), kakao w proszku*, s\u00f3l morska, emulgator: lecytyny (z SOI*), wanilia bourbon*. (*certyfikowany sk\u0142adnik ekologiczny). Masa kakaowa minimum 40 %. OPIS Jest to po\u0142\u0105czenie idealne, kt\u00f3re zawsze poprawi humor! Jedzenie czekolady sprzyja wytwarzaniu endorfin, dlatego poprawa [&hellip;]<\/p>","protected":false},"featured_media":3905,"comment_status":"closed","ping_status":"open","template":"","meta":{"_acf_changed":false},"product_brand":[],"product_cat":[1187,139],"product_tag":[],"class_list":{"0":"post-3904","1":"product","2":"type-product","3":"status-publish","4":"has-post-thumbnail","6":"product_cat-czekolady-i-czekoladki","7":"product_cat-slodycze-i-przekaski","8":"pa_ean-matka-3300","9":"pa_gwarancja-przydatnosci-324","10":"pa_ilosc-w-opakowaniu-374","11":"pa_jednostka-podstawowa-szt","12":"pa_kod-cn-1806-31-00","13":"pa_masa-netto-242","14":"pa_objetosc-brutto-3299","15":"pa_producent-rapunzel-kremy-orzechowe-ketchupy-czekolady","16":"pa_producent-nazwa-adres-rapunzel-naturkost-gmbh-rapunzelstrabe-1-d-87764-legau","17":"pa_tagi-bez-glutenu-w-skladnikach","18":"pa_tagi-certyfikat-bio","19":"pa_tagi-weganski","20":"pa_tagi-wegetarianski","22":"first","23":"instock","24":"taxable","25":"shipping-taxable","26":"purchasable","27":"product-type-simple"},"acf":[],"_links":{"self":[{"href":"https:\/\/wiejskieprzysmaki.estima.site\/en\/wp-json\/wp\/v2\/product\/3904","targetHints":{"allow":["GET"]}}],"collection":[{"href":"https:\/\/wiejskieprzysmaki.estima.site\/en\/wp-json\/wp\/v2\/product"}],"about":[{"href":"https:\/\/wiejskieprzysmaki.estima.site\/en\/wp-json\/wp\/v2\/types\/product"}],"replies":[{"embeddable":true,"href":"https:\/\/wiejskieprzysmaki.estima.site\/en\/wp-json\/wp\/v2\/comments?post=3904"}],"wp:featuredmedia":[{"embeddable":true,"href":"https:\/\/wiejskieprzysmaki.estima.site\/en\/wp-json\/wp\/v2\/media\/3905"}],"wp:attachment":[{"href":"https:\/\/wiejskieprzysmaki.estima.site\/en\/wp-json\/wp\/v2\/media?parent=3904"}],"wp:term":[{"taxonomy":"product_brand","embeddable":true,"href":"https:\/\/wiejskieprzysmaki.estima.site\/en\/wp-json\/wp\/v2\/product_brand?post=3904"},{"taxonomy":"product_cat","embeddable":true,"href":"https:\/\/wiejskieprzysmaki.estima.site\/en\/wp-json\/wp\/v2\/product_cat?post=3904"},{"taxonomy":"product_tag","embeddable":true,"href":"https:\/\/wiejskieprzysmaki.estima.site\/en\/wp-json\/wp\/v2\/product_tag?post=3904"}],"curies":[{"name":"wp","href":"https:\/\/api.w.org\/{rel}","templated":true}]}}