{"id":3930,"date":"2025-02-18T10:55:00","date_gmt":"2025-02-18T09:55:00","guid":{"rendered":"https:\/\/wiejskieprzysmaki.estima.site\/produkt\/wanilia-bourbon-mielona-bio-5-g-lebensbaum\/"},"modified":"2025-02-18T10:55:02","modified_gmt":"2025-02-18T09:55:02","slug":"wanilia-bourbon-mielona-bio-5-g-lebensbaum","status":"publish","type":"product","link":"https:\/\/wiejskieprzysmaki.estima.site\/en\/product\/wanilia-bourbon-mielona-bio-5-g-lebensbaum\/","title":{"rendered":"WANILIA BOURBON MIELONA BIO 5 g &#8211; LEBENSBAUM"},"content":{"rendered":"<p>SK\u0141ADNIKI<br \/>wanilia Bourbon mielona*  (*certyfikowany sk\u0142adnik ekologiczny)<\/p>\n<p>ZALECANE WARUNKI PRZECHOWYWANIA  <br \/>Przechowywa\u0107 w suchym i ch\u0142odnym miejscu.<\/p>","protected":false},"excerpt":{"rendered":"<p>SK\u0141ADNIKIwanilia Bourbon mielona* (*certyfikowany sk\u0142adnik ekologiczny) ZALECANE WARUNKI PRZECHOWYWANIA Przechowywa\u0107 w suchym i ch\u0142odnym miejscu.<\/p>","protected":false},"featured_media":3931,"comment_status":"closed","ping_status":"open","template":"","meta":{"_acf_changed":false},"product_brand":[],"product_cat":[36],"product_tag":[],"class_list":{"0":"post-3930","1":"product","2":"type-product","3":"status-publish","4":"has-post-thumbnail","6":"product_cat-dodatki-do-wypiekow-i-deserow","7":"pa_ean-matka-3322","8":"pa_gwarancja-przydatnosci-301","9":"pa_ilosc-w-opakowaniu-406","10":"pa_jednostka-podstawowa-szt","11":"pa_kod-cn-0905-10-00","12":"pa_kraj-pochodzenia-skladnikow-madagaskar","13":"pa_masa-netto-714","14":"pa_objetosc-brutto-1038","15":"pa_producent-lebensbaum-przyprawy-herbaty-kawy","16":"pa_producent-nazwa-adres-ulrich-walter-gmbh-dr-jurgen-ulderup-strase-12-49356-diepholz","17":"pa_tagi-bez-cukru-w-skladnikach","18":"pa_tagi-bez-glutenu-w-skladnikach","19":"pa_tagi-certyfikat-bio","20":"pa_tagi-weganski","21":"pa_tagi-wegetarianski","23":"first","24":"instock","25":"taxable","26":"shipping-taxable","27":"purchasable","28":"product-type-simple"},"acf":[],"_links":{"self":[{"href":"https:\/\/wiejskieprzysmaki.estima.site\/en\/wp-json\/wp\/v2\/product\/3930","targetHints":{"allow":["GET"]}}],"collection":[{"href":"https:\/\/wiejskieprzysmaki.estima.site\/en\/wp-json\/wp\/v2\/product"}],"about":[{"href":"https:\/\/wiejskieprzysmaki.estima.site\/en\/wp-json\/wp\/v2\/types\/product"}],"replies":[{"embeddable":true,"href":"https:\/\/wiejskieprzysmaki.estima.site\/en\/wp-json\/wp\/v2\/comments?post=3930"}],"wp:featuredmedia":[{"embeddable":true,"href":"https:\/\/wiejskieprzysmaki.estima.site\/en\/wp-json\/wp\/v2\/media\/3931"}],"wp:attachment":[{"href":"https:\/\/wiejskieprzysmaki.estima.site\/en\/wp-json\/wp\/v2\/media?parent=3930"}],"wp:term":[{"taxonomy":"product_brand","embeddable":true,"href":"https:\/\/wiejskieprzysmaki.estima.site\/en\/wp-json\/wp\/v2\/product_brand?post=3930"},{"taxonomy":"product_cat","embeddable":true,"href":"https:\/\/wiejskieprzysmaki.estima.site\/en\/wp-json\/wp\/v2\/product_cat?post=3930"},{"taxonomy":"product_tag","embeddable":true,"href":"https:\/\/wiejskieprzysmaki.estima.site\/en\/wp-json\/wp\/v2\/product_tag?post=3930"}],"curies":[{"name":"wp","href":"https:\/\/api.w.org\/{rel}","templated":true}]}}