{"id":3964,"date":"2025-02-18T10:55:16","date_gmt":"2025-02-18T09:55:16","guid":{"rendered":"https:\/\/wiejskieprzysmaki.estima.site\/produkt\/woda-zrodlana-sredniozmineralizowana-gazowana-330-ml-szklo-jantar\/"},"modified":"2025-02-18T10:55:18","modified_gmt":"2025-02-18T09:55:18","slug":"woda-zrodlana-sredniozmineralizowana-gazowana-330-ml-szklo-jantar","status":"publish","type":"product","link":"https:\/\/wiejskieprzysmaki.estima.site\/en\/product\/woda-zrodlana-sredniozmineralizowana-gazowana-330-ml-szklo-jantar\/","title":{"rendered":"WODA \u0179R\u00d3DLANA \u015aREDNIOZMINERALIZOWANA GAZOWANA 330 ml (SZK\u0141O) &#8211; JANTAR"},"content":{"rendered":"<p>OPIS  <br \/>\u015aredniozmineralizowana woda \u017ar\u00f3dlana. Jako woda chlorkowo-sodowa skutecznie nawadnia. Odpowiedni poziom sodu, potasu oraz chlorku zapewnia utrzymanie wewn\u0119trznej r\u00f3wnowagi wodno-elektrolitowej co jest wa\u017cne podczas wysi\u0142ku fizycznego.<\/p>\n<p>ZALECANE WARUNKI PRZECHOWYWANIA<br \/>Przechowywa\u0107 w zacienionym miejscu, powy\u017cej temperatury 2\u00b0C<\/p>","protected":false},"excerpt":{"rendered":"<p>OPIS \u015aredniozmineralizowana woda \u017ar\u00f3dlana. Jako woda chlorkowo-sodowa skutecznie nawadnia. Odpowiedni poziom sodu, potasu oraz chlorku zapewnia utrzymanie wewn\u0119trznej r\u00f3wnowagi wodno-elektrolitowej co jest wa\u017cne podczas wysi\u0142ku fizycznego. ZALECANE WARUNKI PRZECHOWYWANIAPrzechowywa\u0107 w zacienionym miejscu, powy\u017cej temperatury 2\u00b0C<\/p>","protected":false},"featured_media":3965,"comment_status":"closed","ping_status":"open","template":"","meta":{"_acf_changed":false},"product_brand":[],"product_cat":[134,379],"product_tag":[],"class_list":{"0":"post-3964","1":"product","2":"type-product","3":"status-publish","4":"has-post-thumbnail","6":"product_cat-napoje","7":"product_cat-wody-mineralne-zrodlane-i-smakowe","8":"pa_ean-matka-3349","9":"pa_gwarancja-przydatnosci-324","10":"pa_ilosc-w-opakowaniu-374","11":"pa_jednostka-podstawowa-szt","12":"pa_kod-cn-2201-10-19","13":"pa_kraj-pochodzenia-skladnikow-polska","14":"pa_objetosc-brutto-532","15":"pa_objetosc-netto-1012","16":"pa_producent-jantar-woda-i-suplementy","17":"pa_producent-nazwa-adres-jantar-dystrybucja-sp-z-o-o-zurawia-24-78-100-kolobrzeg","18":"pa_tagi-bez-cukru-w-skladnikach","19":"pa_tagi-bez-glutenu-w-skladnikach","20":"pa_tagi-weganski","21":"pa_tagi-wegetarianski","23":"first","24":"instock","25":"taxable","26":"shipping-taxable","27":"purchasable","28":"product-type-simple"},"acf":[],"_links":{"self":[{"href":"https:\/\/wiejskieprzysmaki.estima.site\/en\/wp-json\/wp\/v2\/product\/3964","targetHints":{"allow":["GET"]}}],"collection":[{"href":"https:\/\/wiejskieprzysmaki.estima.site\/en\/wp-json\/wp\/v2\/product"}],"about":[{"href":"https:\/\/wiejskieprzysmaki.estima.site\/en\/wp-json\/wp\/v2\/types\/product"}],"replies":[{"embeddable":true,"href":"https:\/\/wiejskieprzysmaki.estima.site\/en\/wp-json\/wp\/v2\/comments?post=3964"}],"wp:featuredmedia":[{"embeddable":true,"href":"https:\/\/wiejskieprzysmaki.estima.site\/en\/wp-json\/wp\/v2\/media\/3965"}],"wp:attachment":[{"href":"https:\/\/wiejskieprzysmaki.estima.site\/en\/wp-json\/wp\/v2\/media?parent=3964"}],"wp:term":[{"taxonomy":"product_brand","embeddable":true,"href":"https:\/\/wiejskieprzysmaki.estima.site\/en\/wp-json\/wp\/v2\/product_brand?post=3964"},{"taxonomy":"product_cat","embeddable":true,"href":"https:\/\/wiejskieprzysmaki.estima.site\/en\/wp-json\/wp\/v2\/product_cat?post=3964"},{"taxonomy":"product_tag","embeddable":true,"href":"https:\/\/wiejskieprzysmaki.estima.site\/en\/wp-json\/wp\/v2\/product_tag?post=3964"}],"curies":[{"name":"wp","href":"https:\/\/api.w.org\/{rel}","templated":true}]}}