{"id":3976,"date":"2025-02-18T10:55:16","date_gmt":"2025-02-18T09:55:16","guid":{"rendered":"https:\/\/wiejskieprzysmaki.estima.site\/produkt\/cynamon-cejlonski-ekstrakt-400-mg-60-kapsulek-soul-farm\/"},"modified":"2025-02-20T15:14:00","modified_gmt":"2025-02-20T14:14:00","slug":"cynamon-cejlonski-ekstrakt-400-mg-60-kapsulek-soul-farm","status":"publish","type":"product","link":"https:\/\/wiejskieprzysmaki.estima.site\/en\/product\/cynamon-cejlonski-ekstrakt-400-mg-60-kapsulek-soul-farm\/","title":{"rendered":"CYNAMON CEJLO\u0143SKI EKSTRAKT (400 mg) 60 KAPSU\u0141EK &#8211; SOUL FARM"},"content":{"rendered":"<p>SK\u0141ADNIKI<br \/>cynamon cejlo\u0144ski 400 mg, kapsu\u0142ka celulozowa<\/p>\n<p>OPIS <br \/>Suplement diety. <\/p>\n<p>ZALECANE SPO\u017bYCIE I INNE UWAGI<br \/>1 kapsu\u0142ka 2 razy dziennie obficie popijaj\u0105c wod\u0105. <br \/>Nie nale\u017cy przekracza\u0107 zalecanej dziennej porcji do spo\u017cycia.<br \/>Suplementy diety nie mog\u0105 by\u0107 stosowane jako substytut zr\u00f3\u017cnicowanej diety.<br \/>Suplement diety nie jest przeznaczony dla dzieci. <br \/>Stosowanie suplementu diety w okresie ci\u0105\u017cy lub w okresie karmienia piersi\u0105 nale\u017cy skonsultowa\u0107 z lekarzem.<\/p>\n<p>INFORMACJA ALERGENNA<br \/>Mo\u017ce zawiera\u0107 ORZESZKI ZIEMNE i inne ORZECHY, SEZAM i ZBO\u017bA ZAWIERAJ\u0104CE GLUTEN.<\/p>\n<p>ZALECANE WARUNKI PRZECHOWYWANIA<br \/>Przechowywa\u0107 w suchym i ciemnym miejscu w temperaturze pokojowej.  Przechowywa\u0107 w spos\u00f3b niedost\u0119pny dla ma\u0142ych dzieci.<\/p>","protected":false},"excerpt":{"rendered":"<p>SK\u0141ADNIKIcynamon cejlo\u0144ski 400 mg, kapsu\u0142ka celulozowa OPIS Suplement diety. ZALECANE SPO\u017bYCIE I INNE UWAGI1 kapsu\u0142ka 2 razy dziennie obficie popijaj\u0105c wod\u0105. Nie nale\u017cy przekracza\u0107 zalecanej dziennej porcji do spo\u017cycia.Suplementy diety nie mog\u0105 by\u0107 stosowane jako substytut zr\u00f3\u017cnicowanej diety.Suplement diety nie jest przeznaczony dla dzieci. Stosowanie suplementu diety w okresie ci\u0105\u017cy lub w okresie karmienia piersi\u0105 [&hellip;]<\/p>","protected":false},"featured_media":3977,"comment_status":"closed","ping_status":"open","template":"","meta":{"_acf_changed":false},"product_brand":[],"product_cat":[1497,9057],"product_tag":[],"class_list":{"0":"post-3976","1":"product","2":"type-product","3":"status-publish","4":"has-post-thumbnail","6":"product_cat-kapsulki-tabletki","7":"product_cat-suplementy-diety","8":"pa_ean-matka-3360","9":"pa_gwarancja-przydatnosci-311","10":"pa_ilosc-w-opakowaniu-298","11":"pa_jednostka-podstawowa-szt","12":"pa_kod-cn-2106-90-92","13":"pa_kraj-pochodzenia-skladnikow-madagaskar","14":"pa_masa-netto-284","15":"pa_objetosc-brutto-2702","16":"pa_producent-soul-farm-witaminy-i-ekstrakty","17":"pa_producent-nazwa-adres-soul-farm-maciej-foszcz-janowicka-138-43-334-bielsko-biala","18":"pa_tagi-bez-cukru-w-skladnikach","19":"pa_tagi-bez-glutenu-w-skladnikach","20":"pa_tagi-weganski","21":"pa_tagi-wegetarianski","23":"first","24":"instock","25":"taxable","26":"shipping-taxable","27":"purchasable","28":"product-type-simple"},"acf":[],"_links":{"self":[{"href":"https:\/\/wiejskieprzysmaki.estima.site\/en\/wp-json\/wp\/v2\/product\/3976","targetHints":{"allow":["GET"]}}],"collection":[{"href":"https:\/\/wiejskieprzysmaki.estima.site\/en\/wp-json\/wp\/v2\/product"}],"about":[{"href":"https:\/\/wiejskieprzysmaki.estima.site\/en\/wp-json\/wp\/v2\/types\/product"}],"replies":[{"embeddable":true,"href":"https:\/\/wiejskieprzysmaki.estima.site\/en\/wp-json\/wp\/v2\/comments?post=3976"}],"wp:featuredmedia":[{"embeddable":true,"href":"https:\/\/wiejskieprzysmaki.estima.site\/en\/wp-json\/wp\/v2\/media\/3977"}],"wp:attachment":[{"href":"https:\/\/wiejskieprzysmaki.estima.site\/en\/wp-json\/wp\/v2\/media?parent=3976"}],"wp:term":[{"taxonomy":"product_brand","embeddable":true,"href":"https:\/\/wiejskieprzysmaki.estima.site\/en\/wp-json\/wp\/v2\/product_brand?post=3976"},{"taxonomy":"product_cat","embeddable":true,"href":"https:\/\/wiejskieprzysmaki.estima.site\/en\/wp-json\/wp\/v2\/product_cat?post=3976"},{"taxonomy":"product_tag","embeddable":true,"href":"https:\/\/wiejskieprzysmaki.estima.site\/en\/wp-json\/wp\/v2\/product_tag?post=3976"}],"curies":[{"name":"wp","href":"https:\/\/api.w.org\/{rel}","templated":true}]}}