{"id":3980,"date":"2025-02-18T10:55:16","date_gmt":"2025-02-18T09:55:16","guid":{"rendered":"https:\/\/wiejskieprzysmaki.estima.site\/produkt\/moringa-ekstrakt-400-mg-60-kapsulek-soul-farm\/"},"modified":"2025-02-20T15:14:01","modified_gmt":"2025-02-20T14:14:01","slug":"moringa-ekstrakt-400-mg-60-kapsulek-soul-farm","status":"publish","type":"product","link":"https:\/\/wiejskieprzysmaki.estima.site\/en\/product\/moringa-ekstrakt-400-mg-60-kapsulek-soul-farm\/","title":{"rendered":"MORINGA EKSTRAKT (400 mg) 60 KAPSU\u0141EK &#8211; SOUL FARM"},"content":{"rendered":"<p>SK\u0141ADNIKI<br \/>ekstrakt z moringi 400 mg, kapsu\u0142ka: pullulan<\/p>\n<p>OPIS<br \/>Suplement diety. Zawarto\u015b\u0107 w dw\u00f3ch kapsu\u0142kach (zalecana maksymalna dobowa porcja do spo\u017cycia): ekstrakt z moringi 800 mg<\/p>\n<p>ZALECANE SPO\u017bYCIE I INNE UWAGI<br \/>1 kapsu\u0142ka 2 razy dziennie obficie popijaj\u0105c wod\u0105. <br \/>Nie nale\u017cy przekracza\u0107 zalecanej porcji do spo\u017cycia w ci\u0105gu dnia.<br \/>Suplementy diety nie mog\u0105 by\u0107 stosowane jako substytut zr\u00f3\u017cnicowanej diety.<br \/>Suplement diety nie jest przeznaczony dla dzieci. <br \/>Stosowanie suplementu diety w okresie ci\u0105\u017cy lub w okresie karmienia piersi\u0105 nale\u017cy skonsultowa\u0107 z lekarzem.<\/p>\n<p>ZALECANE WARUNKI PRZECHOWYWANIA<br \/>Przechowywa\u0107 w suchym i ciemnym miejscu w temperaturze pokojowej. Przechowywa\u0107 w spos\u00f3b niedost\u0119pny dla ma\u0142ych dzieci.<\/p>","protected":false},"excerpt":{"rendered":"<p>SK\u0141ADNIKIekstrakt z moringi 400 mg, kapsu\u0142ka: pullulan OPISSuplement diety. Zawarto\u015b\u0107 w dw\u00f3ch kapsu\u0142kach (zalecana maksymalna dobowa porcja do spo\u017cycia): ekstrakt z moringi 800 mg ZALECANE SPO\u017bYCIE I INNE UWAGI1 kapsu\u0142ka 2 razy dziennie obficie popijaj\u0105c wod\u0105. Nie nale\u017cy przekracza\u0107 zalecanej porcji do spo\u017cycia w ci\u0105gu dnia.Suplementy diety nie mog\u0105 by\u0107 stosowane jako substytut zr\u00f3\u017cnicowanej diety.Suplement [&hellip;]<\/p>","protected":false},"featured_media":3981,"comment_status":"closed","ping_status":"open","template":"","meta":{"_acf_changed":false},"product_brand":[],"product_cat":[1497,9057],"product_tag":[],"class_list":{"0":"post-3980","1":"product","2":"type-product","3":"status-publish","4":"has-post-thumbnail","6":"product_cat-kapsulki-tabletki","7":"product_cat-suplementy-diety","8":"pa_ean-matka-3362","9":"pa_gwarancja-przydatnosci-311","10":"pa_ilosc-w-opakowaniu-298","11":"pa_jednostka-podstawowa-szt","12":"pa_kod-cn-2106-90-92","13":"pa_kraj-pochodzenia-skladnikow-indie","14":"pa_masa-netto-1377","15":"pa_objetosc-brutto-2702","16":"pa_producent-soul-farm-witaminy-i-ekstrakty","17":"pa_producent-nazwa-adres-soul-farm-maciej-foszcz-janowicka-138-43-334-bielsko-biala","18":"pa_tagi-bez-cukru-w-skladnikach","19":"pa_tagi-bez-glutenu-w-skladnikach","20":"pa_tagi-weganski","21":"pa_tagi-wegetarianski","23":"first","24":"instock","25":"taxable","26":"shipping-taxable","27":"purchasable","28":"product-type-simple"},"acf":[],"_links":{"self":[{"href":"https:\/\/wiejskieprzysmaki.estima.site\/en\/wp-json\/wp\/v2\/product\/3980","targetHints":{"allow":["GET"]}}],"collection":[{"href":"https:\/\/wiejskieprzysmaki.estima.site\/en\/wp-json\/wp\/v2\/product"}],"about":[{"href":"https:\/\/wiejskieprzysmaki.estima.site\/en\/wp-json\/wp\/v2\/types\/product"}],"replies":[{"embeddable":true,"href":"https:\/\/wiejskieprzysmaki.estima.site\/en\/wp-json\/wp\/v2\/comments?post=3980"}],"wp:featuredmedia":[{"embeddable":true,"href":"https:\/\/wiejskieprzysmaki.estima.site\/en\/wp-json\/wp\/v2\/media\/3981"}],"wp:attachment":[{"href":"https:\/\/wiejskieprzysmaki.estima.site\/en\/wp-json\/wp\/v2\/media?parent=3980"}],"wp:term":[{"taxonomy":"product_brand","embeddable":true,"href":"https:\/\/wiejskieprzysmaki.estima.site\/en\/wp-json\/wp\/v2\/product_brand?post=3980"},{"taxonomy":"product_cat","embeddable":true,"href":"https:\/\/wiejskieprzysmaki.estima.site\/en\/wp-json\/wp\/v2\/product_cat?post=3980"},{"taxonomy":"product_tag","embeddable":true,"href":"https:\/\/wiejskieprzysmaki.estima.site\/en\/wp-json\/wp\/v2\/product_tag?post=3980"}],"curies":[{"name":"wp","href":"https:\/\/api.w.org\/{rel}","templated":true}]}}