{"id":3986,"date":"2025-02-18T10:55:16","date_gmt":"2025-02-18T09:55:16","guid":{"rendered":"https:\/\/wiejskieprzysmaki.estima.site\/produkt\/msm-siarka-organiczna-proszek-1000-mg-200-g-soul-farm\/"},"modified":"2025-02-20T15:14:02","modified_gmt":"2025-02-20T14:14:02","slug":"msm-siarka-organiczna-proszek-1000-mg-200-g-soul-farm","status":"publish","type":"product","link":"https:\/\/wiejskieprzysmaki.estima.site\/en\/product\/msm-siarka-organiczna-proszek-1000-mg-200-g-soul-farm\/","title":{"rendered":"MSM SIARKA ORGANICZNA PROSZEK (1000 mg) 200 g &#8211; SOUL FARM"},"content":{"rendered":"<p>SK\u0141ADNIKI<br \/>100 % MSM metylosulfonylometan &#8211; dimetylosulfon (siarka organiczna)<\/p>\n<p>OPIS  <br \/>Suplement diety. Zawarto\u015b\u0107 MSM w jednej porcji: 500 mg. Zawarto\u015b\u0107 MSM w zalecanej dziennej porcji: 1000 mg<\/p>\n<p>ZALECANE SPO\u017bYCIE I INNE UWAGI<br \/>0,5 g MSM (p\u00f3\u0142 p\u0142askiej \u0142y\u017ceczki) wymiesza\u0107 z wod\u0105 lub sokiem, najlepiej p\u00f3\u0142 godziny przed posi\u0142kiem. Spo\u017cywa\u0107 2 razy dziennie &#8211; nie przekracza\u0107 zalecanej porcji do spo\u017cycia w ci\u0105gu dnia.<br \/>Suplementy diety nie mog\u0105 by\u0107 stosowane jako substytut zr\u00f3\u017cnicowanej diety. Zaleca si\u0119 zdrowy tryb \u017cycia i zr\u00f3wnowa\u017cony spos\u00f3b \u017cywienia. <br \/>Suplement diety nie jest przeznaczony dla dzieci. Stosowanie suplementu diety w okresie ci\u0105\u017cy lub w okresie karmienia piersi\u0105 nale\u017cy skonsultowa\u0107 z lekarzem.  <\/p>\n<p>INFORMACJA ALERGENNA<br \/>Mo\u017ce zawiera\u0107 SEZAM, SOJ\u0118, ORZESZKI ZIEMNE i inne ORZECHY, GORCZYC\u0118 i ZBO\u017bA ZAWIERAJ\u0104CE GLUTEN.<\/p>\n<p>ZALECANE WARUNKI PRZECHOWYWANIA<br \/>Przechowywa\u0107 w suchym miejscu w temperaturze poni\u017cej 25 stopni Celsjusza, zamkni\u0119tym opakowaniu, w spos\u00f3b niedost\u0119pny dla ma\u0142ych dzieci.<\/p>","protected":false},"excerpt":{"rendered":"<p>SK\u0141ADNIKI100 % MSM metylosulfonylometan &#8211; dimetylosulfon (siarka organiczna) OPIS Suplement diety. Zawarto\u015b\u0107 MSM w jednej porcji: 500 mg. Zawarto\u015b\u0107 MSM w zalecanej dziennej porcji: 1000 mg ZALECANE SPO\u017bYCIE I INNE UWAGI0,5 g MSM (p\u00f3\u0142 p\u0142askiej \u0142y\u017ceczki) wymiesza\u0107 z wod\u0105 lub sokiem, najlepiej p\u00f3\u0142 godziny przed posi\u0142kiem. Spo\u017cywa\u0107 2 razy dziennie &#8211; nie przekracza\u0107 zalecanej porcji [&hellip;]<\/p>","protected":false},"featured_media":3987,"comment_status":"closed","ping_status":"open","template":"","meta":{"_acf_changed":false},"product_brand":[],"product_cat":[290,9057],"product_tag":[],"class_list":{"0":"post-3986","1":"product","2":"type-product","3":"status-publish","4":"has-post-thumbnail","6":"product_cat-produkty-sproszkowane","7":"product_cat-suplementy-diety","8":"pa_ean-matka-3368","9":"pa_gwarancja-przydatnosci-311","10":"pa_ilosc-w-opakowaniu-3366","11":"pa_jednostka-podstawowa-szt","12":"pa_kod-cn-2106-90-92","13":"pa_kraj-pochodzenia-skladnikow-chiny","14":"pa_masa-netto-354","15":"pa_objetosc-brutto-3367","16":"pa_producent-soul-farm-witaminy-i-ekstrakty","17":"pa_producent-nazwa-adres-soul-farm-maciej-foszcz-janowicka-138-43-334-bielsko-biala","18":"pa_tagi-bez-cukru-w-skladnikach","19":"pa_tagi-bez-glutenu-w-skladnikach","20":"pa_tagi-weganski","21":"pa_tagi-wegetarianski","23":"first","24":"instock","25":"taxable","26":"shipping-taxable","27":"purchasable","28":"product-type-simple"},"acf":[],"_links":{"self":[{"href":"https:\/\/wiejskieprzysmaki.estima.site\/en\/wp-json\/wp\/v2\/product\/3986","targetHints":{"allow":["GET"]}}],"collection":[{"href":"https:\/\/wiejskieprzysmaki.estima.site\/en\/wp-json\/wp\/v2\/product"}],"about":[{"href":"https:\/\/wiejskieprzysmaki.estima.site\/en\/wp-json\/wp\/v2\/types\/product"}],"replies":[{"embeddable":true,"href":"https:\/\/wiejskieprzysmaki.estima.site\/en\/wp-json\/wp\/v2\/comments?post=3986"}],"wp:featuredmedia":[{"embeddable":true,"href":"https:\/\/wiejskieprzysmaki.estima.site\/en\/wp-json\/wp\/v2\/media\/3987"}],"wp:attachment":[{"href":"https:\/\/wiejskieprzysmaki.estima.site\/en\/wp-json\/wp\/v2\/media?parent=3986"}],"wp:term":[{"taxonomy":"product_brand","embeddable":true,"href":"https:\/\/wiejskieprzysmaki.estima.site\/en\/wp-json\/wp\/v2\/product_brand?post=3986"},{"taxonomy":"product_cat","embeddable":true,"href":"https:\/\/wiejskieprzysmaki.estima.site\/en\/wp-json\/wp\/v2\/product_cat?post=3986"},{"taxonomy":"product_tag","embeddable":true,"href":"https:\/\/wiejskieprzysmaki.estima.site\/en\/wp-json\/wp\/v2\/product_tag?post=3986"}],"curies":[{"name":"wp","href":"https:\/\/api.w.org\/{rel}","templated":true}]}}