{"id":4004,"date":"2025-02-18T10:55:39","date_gmt":"2025-02-18T09:55:39","guid":{"rendered":"https:\/\/wiejskieprzysmaki.estima.site\/produkt\/proszek-grzybowy-bio-50-g-dary-natury\/"},"modified":"2025-02-18T10:55:40","modified_gmt":"2025-02-18T09:55:40","slug":"proszek-grzybowy-bio-50-g-dary-natury","status":"publish","type":"product","link":"https:\/\/wiejskieprzysmaki.estima.site\/en\/product\/proszek-grzybowy-bio-50-g-dary-natury\/","title":{"rendered":"PROSZEK GRZYBOWY BIO 50 g &#8211; DARY NATURY"},"content":{"rendered":"<p>SK\u0141ADNIKI<br \/>Borowik* (40%), ko\u017alak* (30%), podgrzybek* (30%) (*certyfikowany sk\u0142adnik ekologiczny)<\/p>\n<p>OPIS<br \/>Proszek grzybowy \u015bwietnie nadaje si\u0119 do r\u00f3\u017cnego rodzaju potraw. Rozdrobniona forma grzyb\u00f3w przy\u015bpiesza i u\u0142atwia ich zastosowanie. Najcz\u0119\u015bciej stosuje si\u0119 t\u0105 form\u0119 grzyb\u00f3w do sos\u00f3w, pierog\u00f3w, zup, pasztet\u00f3w, zapiekanek, jajecznicy i wszelkiego rodzaju farsz\u00f3w.<\/p>\n<p>ZALECANE WARUNKI PRZECHOWYWANIA<br \/>Przechowywa\u0107 w suchym miejscu.<\/p>","protected":false},"excerpt":{"rendered":"<p>SK\u0141ADNIKIBorowik* (40%), ko\u017alak* (30%), podgrzybek* (30%) (*certyfikowany sk\u0142adnik ekologiczny) OPISProszek grzybowy \u015bwietnie nadaje si\u0119 do r\u00f3\u017cnego rodzaju potraw. Rozdrobniona forma grzyb\u00f3w przy\u015bpiesza i u\u0142atwia ich zastosowanie. Najcz\u0119\u015bciej stosuje si\u0119 t\u0105 form\u0119 grzyb\u00f3w do sos\u00f3w, pierog\u00f3w, zup, pasztet\u00f3w, zapiekanek, jajecznicy i wszelkiego rodzaju farsz\u00f3w. ZALECANE WARUNKI PRZECHOWYWANIAPrzechowywa\u0107 w suchym miejscu.<\/p>","protected":false},"featured_media":4005,"comment_status":"closed","ping_status":"open","template":"","meta":{"_acf_changed":false},"product_brand":[],"product_cat":[1052,229],"product_tag":[],"class_list":{"0":"post-4004","1":"product","2":"type-product","3":"status-publish","4":"has-post-thumbnail","6":"product_cat-mieszanki-przyprawy-i-ziola","7":"product_cat-przyprawy-i-ziola","8":"pa_ean-matka-3381","9":"pa_gwarancja-przydatnosci-301","10":"pa_ilosc-w-opakowaniu-350","11":"pa_jednostka-podstawowa-szt","12":"pa_kod-cn-0712-39-00","13":"pa_kraj-pochodzenia-skladnikow-polska","14":"pa_masa-netto-461","15":"pa_objetosc-brutto-353","16":"pa_producent-dary-natury-przyprawy-i-ziola","17":"pa_producent-nazwa-adres-miroslaw-angielczyk-dary-natury-koryciny-73-17-315-grodzisk","18":"pa_tagi-bez-cukru-w-skladnikach","19":"pa_tagi-bez-glutenu-w-skladnikach","20":"pa_tagi-certyfikat-bio","21":"pa_tagi-weganski","22":"pa_tagi-wegetarianski","24":"first","25":"instock","26":"taxable","27":"shipping-taxable","28":"purchasable","29":"product-type-simple"},"acf":[],"_links":{"self":[{"href":"https:\/\/wiejskieprzysmaki.estima.site\/en\/wp-json\/wp\/v2\/product\/4004","targetHints":{"allow":["GET"]}}],"collection":[{"href":"https:\/\/wiejskieprzysmaki.estima.site\/en\/wp-json\/wp\/v2\/product"}],"about":[{"href":"https:\/\/wiejskieprzysmaki.estima.site\/en\/wp-json\/wp\/v2\/types\/product"}],"replies":[{"embeddable":true,"href":"https:\/\/wiejskieprzysmaki.estima.site\/en\/wp-json\/wp\/v2\/comments?post=4004"}],"wp:featuredmedia":[{"embeddable":true,"href":"https:\/\/wiejskieprzysmaki.estima.site\/en\/wp-json\/wp\/v2\/media\/4005"}],"wp:attachment":[{"href":"https:\/\/wiejskieprzysmaki.estima.site\/en\/wp-json\/wp\/v2\/media?parent=4004"}],"wp:term":[{"taxonomy":"product_brand","embeddable":true,"href":"https:\/\/wiejskieprzysmaki.estima.site\/en\/wp-json\/wp\/v2\/product_brand?post=4004"},{"taxonomy":"product_cat","embeddable":true,"href":"https:\/\/wiejskieprzysmaki.estima.site\/en\/wp-json\/wp\/v2\/product_cat?post=4004"},{"taxonomy":"product_tag","embeddable":true,"href":"https:\/\/wiejskieprzysmaki.estima.site\/en\/wp-json\/wp\/v2\/product_tag?post=4004"}],"curies":[{"name":"wp","href":"https:\/\/api.w.org\/{rel}","templated":true}]}}