{"id":4012,"date":"2025-02-18T10:55:39","date_gmt":"2025-02-18T09:55:39","guid":{"rendered":"https:\/\/wiejskieprzysmaki.estima.site\/produkt\/proszek-do-pieczenia-bezglutenowy-bio-200-g-amylon\/"},"modified":"2025-02-18T10:55:43","modified_gmt":"2025-02-18T09:55:43","slug":"proszek-do-pieczenia-bezglutenowy-bio-200-g-amylon","status":"publish","type":"product","link":"https:\/\/wiejskieprzysmaki.estima.site\/en\/product\/proszek-do-pieczenia-bezglutenowy-bio-200-g-amylon\/","title":{"rendered":"PROSZEK DO PIECZENIA BEZGLUTENOWY BIO 200 g &#8211; AMYLON"},"content":{"rendered":"<p>SK\u0141ADNIKI<br \/>skrobia kukurydziana*, substancje spulchniaj\u0105ce (winiany potasu, w\u0119glany sodu) (*certyfikowany sk\u0142adnik ekologiczny)<\/p>\n<p>WARTO\u015a\u0106 OD\u017bYWCZA W 100 g<br \/>Warto\u015b\u0107 energetyczna: 705 kJ\/166 kcal  <br \/>T\u0142uszcz: 0 g  <br \/>w tym kwasy t\u0142uszczowe nasycone: 0 g  <br \/>W\u0119glowodany: 41 g  <br \/>w tym cukry: 0 g  <br \/>Bia\u0142ko: 0,1 g  <br \/>S\u00f3l: 15,4 g<\/p>\n<p>ZALECANE WARUNKI PRZECHOWYWANIA<br \/>Przechowywa\u0107 w suchym miejscu.<\/p>","protected":false},"excerpt":{"rendered":"<p>SK\u0141ADNIKIskrobia kukurydziana*, substancje spulchniaj\u0105ce (winiany potasu, w\u0119glany sodu) (*certyfikowany sk\u0142adnik ekologiczny) WARTO\u015a\u0106 OD\u017bYWCZA W 100 gWarto\u015b\u0107 energetyczna: 705 kJ\/166 kcal T\u0142uszcz: 0 g w tym kwasy t\u0142uszczowe nasycone: 0 g W\u0119glowodany: 41 g w tym cukry: 0 g Bia\u0142ko: 0,1 g S\u00f3l: 15,4 g ZALECANE WARUNKI PRZECHOWYWANIAPrzechowywa\u0107 w suchym miejscu.<\/p>","protected":false},"featured_media":4013,"comment_status":"closed","ping_status":"open","template":"","meta":{"_acf_changed":false},"product_brand":[],"product_cat":[36],"product_tag":[],"class_list":{"0":"post-4012","1":"product","2":"type-product","3":"status-publish","4":"has-post-thumbnail","6":"product_cat-dodatki-do-wypiekow-i-deserow","7":"pa_ean-matka-3385","8":"pa_gwarancja-przydatnosci-522","9":"pa_ilosc-w-opakowaniu-374","10":"pa_jednostka-podstawowa-szt","11":"pa_kod-cn-2102-30-00","12":"pa_masa-netto-354","13":"pa_objetosc-brutto-1461","14":"pa_producent-amylon-budynie-galaretkikisielecukry-skrobie","15":"pa_producent-nazwa-adres-amylon-a-s-svermova-117-580-36-havlickuv-brod","16":"pa_tagi-bez-cukru-w-skladnikach","17":"pa_tagi-bez-glutenu-deklaracja","18":"pa_tagi-bez-glutenu-w-skladnikach","19":"pa_tagi-certyfikat-bio","20":"pa_tagi-weganski","21":"pa_tagi-wegetarianski","23":"first","24":"instock","25":"taxable","26":"shipping-taxable","27":"purchasable","28":"product-type-simple"},"acf":[],"_links":{"self":[{"href":"https:\/\/wiejskieprzysmaki.estima.site\/en\/wp-json\/wp\/v2\/product\/4012","targetHints":{"allow":["GET"]}}],"collection":[{"href":"https:\/\/wiejskieprzysmaki.estima.site\/en\/wp-json\/wp\/v2\/product"}],"about":[{"href":"https:\/\/wiejskieprzysmaki.estima.site\/en\/wp-json\/wp\/v2\/types\/product"}],"replies":[{"embeddable":true,"href":"https:\/\/wiejskieprzysmaki.estima.site\/en\/wp-json\/wp\/v2\/comments?post=4012"}],"wp:featuredmedia":[{"embeddable":true,"href":"https:\/\/wiejskieprzysmaki.estima.site\/en\/wp-json\/wp\/v2\/media\/4013"}],"wp:attachment":[{"href":"https:\/\/wiejskieprzysmaki.estima.site\/en\/wp-json\/wp\/v2\/media?parent=4012"}],"wp:term":[{"taxonomy":"product_brand","embeddable":true,"href":"https:\/\/wiejskieprzysmaki.estima.site\/en\/wp-json\/wp\/v2\/product_brand?post=4012"},{"taxonomy":"product_cat","embeddable":true,"href":"https:\/\/wiejskieprzysmaki.estima.site\/en\/wp-json\/wp\/v2\/product_cat?post=4012"},{"taxonomy":"product_tag","embeddable":true,"href":"https:\/\/wiejskieprzysmaki.estima.site\/en\/wp-json\/wp\/v2\/product_tag?post=4012"}],"curies":[{"name":"wp","href":"https:\/\/api.w.org\/{rel}","templated":true}]}}