{"id":4040,"date":"2025-02-18T10:55:54","date_gmt":"2025-02-18T09:55:54","guid":{"rendered":"https:\/\/wiejskieprzysmaki.estima.site\/produkt\/chipsy-jablkowe-bezglutenowe-bio-30-g-bio-planet\/"},"modified":"2025-02-18T10:55:54","modified_gmt":"2025-02-18T09:55:54","slug":"chipsy-jablkowe-bezglutenowe-bio-30-g-bio-planet","status":"publish","type":"product","link":"https:\/\/wiejskieprzysmaki.estima.site\/en\/product\/chipsy-jablkowe-bezglutenowe-bio-30-g-bio-planet\/","title":{"rendered":"CHIPSY JAB\u0141KOWE BEZGLUTENOWE BIO 30 g &#8211; BIO PLANET"},"content":{"rendered":"<p>SK\u0141ADNIKI<br \/>ekologiczne jab\u0142ka* 100% (*certyfikowany sk\u0142adnik ekologiczny)<\/p>\n<p>OPIS<br \/>Ekologiczne suszone chipsy jab\u0142kowe bez gniazd nasiennych, idealne jako samodzielna przek\u0105ska. Doskona\u0142e jako zamiennik konwencjonalnych s\u0142odyczy i tradycyjnych chips\u00f3w. Polecamy do pochrupania zar\u00f3wno dla dzieci, jak i dla doros\u0142ych.<\/p>\n<p>WARTO\u015a\u0106 OD\u017bYWCZA W 100 g<br \/>Warto\u015b\u0107 energetyczna &#8211; 1542 kJ \/ 365 kcal<br \/>T\u0142uszcz &#8211; 0,5 g<br \/>w tym kwasy t\u0142uszczowe nasycone &#8211; 0 g<br \/>W\u0119glowodany &#8211; 81 g<br \/>w tym cukry &#8211; 73 g<br \/>B\u0142onnik &#8211; 14 g<br \/>Bia\u0142ko &#8211; 2,0 g<br \/>S\u00f3l &#8211; 0,01 g  <\/p>\n<p>ZALECANE WARUNKI PRZECHOWYWANIA<br \/>Przechowywa\u0107 w suchym i ch\u0142odnym miejscu.<\/p>","protected":false},"excerpt":{"rendered":"<p>SK\u0141ADNIKIekologiczne jab\u0142ka* 100% (*certyfikowany sk\u0142adnik ekologiczny) OPISEkologiczne suszone chipsy jab\u0142kowe bez gniazd nasiennych, idealne jako samodzielna przek\u0105ska. Doskona\u0142e jako zamiennik konwencjonalnych s\u0142odyczy i tradycyjnych chips\u00f3w. Polecamy do pochrupania zar\u00f3wno dla dzieci, jak i dla doros\u0142ych. WARTO\u015a\u0106 OD\u017bYWCZA W 100 gWarto\u015b\u0107 energetyczna &#8211; 1542 kJ \/ 365 kcalT\u0142uszcz &#8211; 0,5 gw tym kwasy t\u0142uszczowe nasycone &#8211; [&hellip;]<\/p>","protected":false},"featured_media":4041,"comment_status":"closed","ping_status":"open","template":"","meta":{"_acf_changed":false},"product_brand":[],"product_cat":[422,139],"product_tag":[],"class_list":{"0":"post-4040","1":"product","2":"type-product","3":"status-publish","4":"has-post-thumbnail","6":"product_cat-chipsy-chrupki-popcorn","7":"product_cat-slodycze-i-przekaski","8":"pa_ean-matka-3405","9":"pa_ean-matka-783","10":"pa_gwarancja-przydatnosci-324","11":"pa_ilosc-w-opakowaniu-298","12":"pa_jednostka-podstawowa-szt","13":"pa_kod-cn-0813-30-00","14":"pa_kraj-pochodzenia-skladnikow-polska","15":"pa_masa-netto-232","16":"pa_objetosc-brutto-204","17":"pa_producent-bio-planet-seria-przekaski","18":"pa_producent-nazwa-adres-bio-planet-s-a-wilkowa-wies-7-05-084-leszno","19":"pa_tagi-bez-cukru-w-skladnikach","20":"pa_tagi-bez-glutenu-deklaracja","21":"pa_tagi-bez-glutenu-w-skladnikach","22":"pa_tagi-certyfikat-bio","23":"pa_tagi-weganski","24":"pa_tagi-wegetarianski","26":"first","27":"instock","28":"taxable","29":"shipping-taxable","30":"purchasable","31":"product-type-simple"},"acf":[],"_links":{"self":[{"href":"https:\/\/wiejskieprzysmaki.estima.site\/en\/wp-json\/wp\/v2\/product\/4040","targetHints":{"allow":["GET"]}}],"collection":[{"href":"https:\/\/wiejskieprzysmaki.estima.site\/en\/wp-json\/wp\/v2\/product"}],"about":[{"href":"https:\/\/wiejskieprzysmaki.estima.site\/en\/wp-json\/wp\/v2\/types\/product"}],"replies":[{"embeddable":true,"href":"https:\/\/wiejskieprzysmaki.estima.site\/en\/wp-json\/wp\/v2\/comments?post=4040"}],"wp:featuredmedia":[{"embeddable":true,"href":"https:\/\/wiejskieprzysmaki.estima.site\/en\/wp-json\/wp\/v2\/media\/4041"}],"wp:attachment":[{"href":"https:\/\/wiejskieprzysmaki.estima.site\/en\/wp-json\/wp\/v2\/media?parent=4040"}],"wp:term":[{"taxonomy":"product_brand","embeddable":true,"href":"https:\/\/wiejskieprzysmaki.estima.site\/en\/wp-json\/wp\/v2\/product_brand?post=4040"},{"taxonomy":"product_cat","embeddable":true,"href":"https:\/\/wiejskieprzysmaki.estima.site\/en\/wp-json\/wp\/v2\/product_cat?post=4040"},{"taxonomy":"product_tag","embeddable":true,"href":"https:\/\/wiejskieprzysmaki.estima.site\/en\/wp-json\/wp\/v2\/product_tag?post=4040"}],"curies":[{"name":"wp","href":"https:\/\/api.w.org\/{rel}","templated":true}]}}