{"id":4056,"date":"2025-02-18T10:55:54","date_gmt":"2025-02-18T09:55:54","guid":{"rendered":"https:\/\/wiejskieprzysmaki.estima.site\/produkt\/kapusta-kiszona-bio-680-g-410-g-bio-planet\/"},"modified":"2025-02-18T10:56:01","modified_gmt":"2025-02-18T09:56:01","slug":"kapusta-kiszona-bio-680-g-410-g-bio-planet","status":"publish","type":"product","link":"https:\/\/wiejskieprzysmaki.estima.site\/en\/product\/kapusta-kiszona-bio-680-g-410-g-bio-planet\/","title":{"rendered":"KAPUSTA KISZONA BIO 680 g (410 g) &#8211; BIO PLANET"},"content":{"rendered":"<p>SK\u0141ADNIKI  <br \/>kapusta*, woda, s\u00f3l, regulator kwasowo\u015bci &#8211; kwas askorbinowy (*certyfikowany sk\u0142adnik ekologiczny)<\/p>\n<p>OPIS<br \/>Produkt pasteryzowany<\/p>\n<p>WARTO\u015a\u0106 OD\u017bYWCZA W 100 g <br \/>Warto\u015b\u0107 energetyczna: 43 kJ \/ 10 kcal  <br \/>T\u0142uszcz: 0,1 g  <br \/>w tym kwasy t\u0142uszczowe nasycone: 0 g  <br \/>W\u0119glowodany: 2 g  <br \/>w tym cukry: 0,1 g  <br \/>Bia\u0142ko: 0,7 g  <br \/>S\u00f3l: 2,0 g<\/p>\n<p>ZALECANE WARUNKI PRZECHOWYWANIA <br \/>Przechowywa\u0107 w suchym i ch\u0142odnym miejscu. Po otwarciu przechowywa\u0107 w temperaturze + 4\u2070C<\/p>","protected":false},"excerpt":{"rendered":"<p>SK\u0141ADNIKI kapusta*, woda, s\u00f3l, regulator kwasowo\u015bci &#8211; kwas askorbinowy (*certyfikowany sk\u0142adnik ekologiczny) OPISProdukt pasteryzowany WARTO\u015a\u0106 OD\u017bYWCZA W 100 g Warto\u015b\u0107 energetyczna: 43 kJ \/ 10 kcal T\u0142uszcz: 0,1 g w tym kwasy t\u0142uszczowe nasycone: 0 g W\u0119glowodany: 2 g w tym cukry: 0,1 g Bia\u0142ko: 0,7 g S\u00f3l: 2,0 g ZALECANE WARUNKI PRZECHOWYWANIA Przechowywa\u0107 w [&hellip;]<\/p>","protected":false},"featured_media":4057,"comment_status":"closed","ping_status":"open","template":"","meta":{"_acf_changed":false},"product_brand":[],"product_cat":[1061,180],"product_tag":[],"class_list":{"0":"post-4056","1":"product","2":"type-product","3":"status-publish","4":"has-post-thumbnail","6":"product_cat-marynowane-kiszone","7":"product_cat-warzywa-i-grzyby-przetworzone","8":"pa_ean-matka-3417","9":"pa_gwarancja-przydatnosci-540","10":"pa_ilosc-w-opakowaniu-298","11":"pa_jednostka-podstawowa-szt","12":"pa_kod-cn-2005-99-60","13":"pa_kraj-pochodzenia-skladnikow-rolnictwo-ue","14":"pa_masa-netto-1165","15":"pa_objetosc-brutto-1166","16":"pa_producent-bio-planet-seria-inne","17":"pa_producent-nazwa-adres-bio-planet-s-a-wilkowa-wies-7-05-084-leszno","18":"pa_tagi-bez-cukru-w-skladnikach","19":"pa_tagi-bez-glutenu-w-skladnikach","20":"pa_tagi-certyfikat-bio","21":"pa_tagi-weganski","22":"pa_tagi-wegetarianski","24":"first","25":"instock","26":"taxable","27":"shipping-taxable","28":"purchasable","29":"product-type-simple"},"acf":[],"_links":{"self":[{"href":"https:\/\/wiejskieprzysmaki.estima.site\/en\/wp-json\/wp\/v2\/product\/4056","targetHints":{"allow":["GET"]}}],"collection":[{"href":"https:\/\/wiejskieprzysmaki.estima.site\/en\/wp-json\/wp\/v2\/product"}],"about":[{"href":"https:\/\/wiejskieprzysmaki.estima.site\/en\/wp-json\/wp\/v2\/types\/product"}],"replies":[{"embeddable":true,"href":"https:\/\/wiejskieprzysmaki.estima.site\/en\/wp-json\/wp\/v2\/comments?post=4056"}],"wp:featuredmedia":[{"embeddable":true,"href":"https:\/\/wiejskieprzysmaki.estima.site\/en\/wp-json\/wp\/v2\/media\/4057"}],"wp:attachment":[{"href":"https:\/\/wiejskieprzysmaki.estima.site\/en\/wp-json\/wp\/v2\/media?parent=4056"}],"wp:term":[{"taxonomy":"product_brand","embeddable":true,"href":"https:\/\/wiejskieprzysmaki.estima.site\/en\/wp-json\/wp\/v2\/product_brand?post=4056"},{"taxonomy":"product_cat","embeddable":true,"href":"https:\/\/wiejskieprzysmaki.estima.site\/en\/wp-json\/wp\/v2\/product_cat?post=4056"},{"taxonomy":"product_tag","embeddable":true,"href":"https:\/\/wiejskieprzysmaki.estima.site\/en\/wp-json\/wp\/v2\/product_tag?post=4056"}],"curies":[{"name":"wp","href":"https:\/\/api.w.org\/{rel}","templated":true}]}}