{"id":4060,"date":"2025-02-18T10:55:54","date_gmt":"2025-02-18T09:55:54","guid":{"rendered":"https:\/\/wiejskieprzysmaki.estima.site\/produkt\/makaron-2-jajeczny-wstazki-bio-250-g-bio-planet\/"},"modified":"2025-02-18T10:56:02","modified_gmt":"2025-02-18T09:56:02","slug":"makaron-2-jajeczny-wstazki-bio-250-g-bio-planet","status":"publish","type":"product","link":"https:\/\/wiejskieprzysmaki.estima.site\/en\/product\/makaron-2-jajeczny-wstazki-bio-250-g-bio-planet\/","title":{"rendered":"MAKARON (2-JAJECZNY) WST\u0104\u017bKI BIO 250 g &#8211; BIO PLANET"},"content":{"rendered":"<p>SK\u0141ADNIKI <br \/>semolina (m\u0105ka z PSZENICY durum)*, JAJA \u015bwie\u017ce* (9 %) (*certyfikowany sk\u0142adnik ekologiczny)<\/p>\n<p>SPOS\u00d3B PRZYGOTOWANIA <br \/>Makaron gotowa\u0107 w osolonej wodzie przez 4 &#8211; 8 min, w proporcji 100 g makaronu na 1 l wody.<\/p>\n<p>WARTO\u015a\u0106 OD\u017bYWCZA W 100 g <br \/>Warto\u015b\u0107 energetyczna: 1569 kJ \/ 370 kcal  <br \/>T\u0142uszcz: 2,4 g  <br \/>w tym kwasy t\u0142uszczowe nasycone: 0,9 g  <br \/>Weglowodany: 73 g  <br \/>w tym cukry: 2,3 g <br \/>B\u0142onnik : 3,1 g<br \/>Bia\u0142ko: 13 g  <br \/>S\u00f3l: 0,04 g<\/p>\n<p>INFORMACJA ALERGENNA  <br \/>Produkt mo\u017ce zawiera\u0107 alergeny: SOJ\u0118 i GORCZYC\u0118.<\/p>\n<p>ZALECANE WARUNKI PRZECHOWYWANIA <br \/>Przechowywa\u0107 w suchym i ch\u0142odnym miejscu.<\/p>","protected":false},"excerpt":{"rendered":"<p>SK\u0141ADNIKI semolina (m\u0105ka z PSZENICY durum)*, JAJA \u015bwie\u017ce* (9 %) (*certyfikowany sk\u0142adnik ekologiczny) SPOS\u00d3B PRZYGOTOWANIA Makaron gotowa\u0107 w osolonej wodzie przez 4 &#8211; 8 min, w proporcji 100 g makaronu na 1 l wody. WARTO\u015a\u0106 OD\u017bYWCZA W 100 g Warto\u015b\u0107 energetyczna: 1569 kJ \/ 370 kcal T\u0142uszcz: 2,4 g w tym kwasy t\u0142uszczowe nasycone: 0,9 [&hellip;]<\/p>","protected":false},"featured_media":4061,"comment_status":"closed","ping_status":"open","template":"","meta":{"_acf_changed":false},"product_brand":[],"product_cat":[1162,1246],"product_tag":[],"class_list":{"0":"post-4060","1":"product","2":"type-product","3":"status-publish","4":"has-post-thumbnail","6":"product_cat-makarony","7":"product_cat-zbozowe-z-glutenem","8":"pa_ean-matka-3420","9":"pa_gwarancja-przydatnosci-522","10":"pa_ilosc-w-opakowaniu-350","11":"pa_jednostka-podstawowa-szt","12":"pa_kod-cn-1902-11-00","13":"pa_kraj-pochodzenia-skladnikow-rolnictwo-ue","14":"pa_masa-netto-480","15":"pa_objetosc-brutto-778","16":"pa_producent-bio-planet-seria-inne","17":"pa_producent-nazwa-adres-bio-planet-s-a-wilkowa-wies-7-05-084-leszno","18":"pa_tagi-bez-cukru-w-skladnikach","19":"pa_tagi-certyfikat-bio","20":"pa_tagi-wegetarianski","22":"first","23":"instock","24":"taxable","25":"shipping-taxable","26":"purchasable","27":"product-type-simple"},"acf":[],"_links":{"self":[{"href":"https:\/\/wiejskieprzysmaki.estima.site\/en\/wp-json\/wp\/v2\/product\/4060","targetHints":{"allow":["GET"]}}],"collection":[{"href":"https:\/\/wiejskieprzysmaki.estima.site\/en\/wp-json\/wp\/v2\/product"}],"about":[{"href":"https:\/\/wiejskieprzysmaki.estima.site\/en\/wp-json\/wp\/v2\/types\/product"}],"replies":[{"embeddable":true,"href":"https:\/\/wiejskieprzysmaki.estima.site\/en\/wp-json\/wp\/v2\/comments?post=4060"}],"wp:featuredmedia":[{"embeddable":true,"href":"https:\/\/wiejskieprzysmaki.estima.site\/en\/wp-json\/wp\/v2\/media\/4061"}],"wp:attachment":[{"href":"https:\/\/wiejskieprzysmaki.estima.site\/en\/wp-json\/wp\/v2\/media?parent=4060"}],"wp:term":[{"taxonomy":"product_brand","embeddable":true,"href":"https:\/\/wiejskieprzysmaki.estima.site\/en\/wp-json\/wp\/v2\/product_brand?post=4060"},{"taxonomy":"product_cat","embeddable":true,"href":"https:\/\/wiejskieprzysmaki.estima.site\/en\/wp-json\/wp\/v2\/product_cat?post=4060"},{"taxonomy":"product_tag","embeddable":true,"href":"https:\/\/wiejskieprzysmaki.estima.site\/en\/wp-json\/wp\/v2\/product_tag?post=4060"}],"curies":[{"name":"wp","href":"https:\/\/api.w.org\/{rel}","templated":true}]}}