{"id":4062,"date":"2025-02-18T10:55:54","date_gmt":"2025-02-18T09:55:54","guid":{"rendered":"https:\/\/wiejskieprzysmaki.estima.site\/produkt\/makaron-gryczany-gniazda-wstazki-bio-250-g-bio-planet\/"},"modified":"2025-02-18T10:56:03","modified_gmt":"2025-02-18T09:56:03","slug":"makaron-gryczany-gniazda-wstazki-bio-250-g-bio-planet","status":"publish","type":"product","link":"https:\/\/wiejskieprzysmaki.estima.site\/en\/product\/makaron-gryczany-gniazda-wstazki-bio-250-g-bio-planet\/","title":{"rendered":"MAKARON (GRYCZANY) GNIAZDA WST\u0104\u017bKI BIO 250 g &#8211; BIO PLANET"},"content":{"rendered":"<p>SK\u0141ADNIKI<br \/>ekologiczna m\u0105ka gryczana<\/p>\n<p>SPOS\u00d3B PRZYGOTOWANIA<br \/>makaron gotowa\u0107 w osolonej wodzie przez oko\u0142o 5 minut, w proporcji 100 g makaronu na 1 l wody.<\/p>\n<p>WARTO\u015a\u0106 OD\u017bYWCZA W 100 g<br \/>Warto\u015b\u0107 energetyczna: 1480 kJ \/ 350 kcal  <br \/>T\u0142uszcz: 2,7 g  <br \/>w tym kwasy t\u0142uszczowe nasycone: 0,6 g  <br \/>Weglowodany: 65 g  <br \/>w tym cukry:  5,0 g  <br \/>Bia\u0142ko: 12 g  <br \/>S\u00f3l: 0,01 g<\/p>\n<p>INFORMACJA ALERGENNA<br \/>Produkt mo\u017ce zawiera\u0107: zbo\u017ca zawieraj\u0105ce GLUTEN, JAJA.<\/p>\n<p>ZALECANE WARUNKI PRZECHOWYWANIA<br \/>Przechowywa\u0107 w suchym i ch\u0142odnym miejscu.<\/p>","protected":false},"excerpt":{"rendered":"<p>SK\u0141ADNIKIekologiczna m\u0105ka gryczana SPOS\u00d3B PRZYGOTOWANIAmakaron gotowa\u0107 w osolonej wodzie przez oko\u0142o 5 minut, w proporcji 100 g makaronu na 1 l wody. WARTO\u015a\u0106 OD\u017bYWCZA W 100 gWarto\u015b\u0107 energetyczna: 1480 kJ \/ 350 kcal T\u0142uszcz: 2,7 g w tym kwasy t\u0142uszczowe nasycone: 0,6 g Weglowodany: 65 g w tym cukry: 5,0 g Bia\u0142ko: 12 g S\u00f3l: [&hellip;]<\/p>","protected":false},"featured_media":4063,"comment_status":"closed","ping_status":"open","template":"","meta":{"_acf_changed":false},"product_brand":[],"product_cat":[1163,1162],"product_tag":[],"class_list":{"0":"post-4062","1":"product","2":"type-product","3":"status-publish","4":"has-post-thumbnail","6":"product_cat-bezglutenowe","7":"product_cat-makarony","8":"pa_ean-matka-3421","9":"pa_gwarancja-przydatnosci-522","10":"pa_ilosc-w-opakowaniu-350","11":"pa_jednostka-podstawowa-szt","12":"pa_kod-cn-1902-19-10","13":"pa_kraj-pochodzenia-skladnikow-rolnictwo-ue","14":"pa_masa-netto-480","15":"pa_objetosc-brutto-778","16":"pa_producent-bio-planet-seria-inne","17":"pa_producent-nazwa-adres-bio-planet-s-a-wilkowa-wies-7-05-084-leszno","18":"pa_tagi-bez-cukru-w-skladnikach","19":"pa_tagi-bez-glutenu-w-skladnikach","20":"pa_tagi-certyfikat-bio","21":"pa_tagi-weganski","22":"pa_tagi-wegetarianski","24":"first","25":"instock","26":"taxable","27":"shipping-taxable","28":"purchasable","29":"product-type-simple"},"acf":[],"_links":{"self":[{"href":"https:\/\/wiejskieprzysmaki.estima.site\/en\/wp-json\/wp\/v2\/product\/4062","targetHints":{"allow":["GET"]}}],"collection":[{"href":"https:\/\/wiejskieprzysmaki.estima.site\/en\/wp-json\/wp\/v2\/product"}],"about":[{"href":"https:\/\/wiejskieprzysmaki.estima.site\/en\/wp-json\/wp\/v2\/types\/product"}],"replies":[{"embeddable":true,"href":"https:\/\/wiejskieprzysmaki.estima.site\/en\/wp-json\/wp\/v2\/comments?post=4062"}],"wp:featuredmedia":[{"embeddable":true,"href":"https:\/\/wiejskieprzysmaki.estima.site\/en\/wp-json\/wp\/v2\/media\/4063"}],"wp:attachment":[{"href":"https:\/\/wiejskieprzysmaki.estima.site\/en\/wp-json\/wp\/v2\/media?parent=4062"}],"wp:term":[{"taxonomy":"product_brand","embeddable":true,"href":"https:\/\/wiejskieprzysmaki.estima.site\/en\/wp-json\/wp\/v2\/product_brand?post=4062"},{"taxonomy":"product_cat","embeddable":true,"href":"https:\/\/wiejskieprzysmaki.estima.site\/en\/wp-json\/wp\/v2\/product_cat?post=4062"},{"taxonomy":"product_tag","embeddable":true,"href":"https:\/\/wiejskieprzysmaki.estima.site\/en\/wp-json\/wp\/v2\/product_tag?post=4062"}],"curies":[{"name":"wp","href":"https:\/\/api.w.org\/{rel}","templated":true}]}}